{"id":15105,"date":"2023-12-18T14:53:52","date_gmt":"2023-12-18T13:53:52","guid":{"rendered":"https:\/\/serviva.com\/?page_id=15105"},"modified":"2024-02-09T16:25:24","modified_gmt":"2024-02-09T15:25:24","slug":"contacter-berlin","status":"publish","type":"page","link":"https:\/\/serviva.com\/fr\/contacter-berlin\/","title":{"rendered":"Contacter Berlin"},"content":{"rendered":"<div  class='av_gmaps_sc_main_wrap av_gmaps_main_wrap '><div id='av_gmap_0' class='avia-google-map-container avia-google-map-sc av_gmaps_show_unconditionally av-no-fallback-img ' data-mapid='av_gmap_0'  style='height: 400px;'><a class=\"av_gmaps_browser_disabled av_text_confirm_link av_text_confirm_link_visible\" href=\"https:\/\/www.google.com\/maps\/search\/?api=1&#038;query=Schl\u00fcterstr.%2038%2010629%20Berlin%20Berlin%20Deutschland\" target=\"_blank\" rel=\"noopener nofollow\">Les cartes ont \u00e9t\u00e9 d\u00e9sactiv\u00e9es par le visiteur sur ce site. Cliquer pour ouvrir la carte dans une nouvelle fen\u00eatre.<\/a><\/div><\/div>\n\n<style type=\"text\/css\" data-created_by=\"avia_inline_auto\" id=\"style-css-av-jnlwxlf0-2c3d741ab993f2fbe68dde4cc4fbc234\">\n.avia-section.av-jnlwxlf0-2c3d741ab993f2fbe68dde4cc4fbc234 .av-extra-border-element .av-extra-border-inner{\nbackground-color:#ffffff;\n}\n<\/style>\n<div id='av_section_1'  class='avia-section av-jnlwxlf0-2c3d741ab993f2fbe68dde4cc4fbc234 main_color avia-section-default avia-no-border-styling  avia-builder-el-1  el_after_av_google_map  avia-builder-el-last  avia-bg-style-scroll av-arrow-down-section container_wrap fullsize'  ><div class='container av-section-cont-open' ><div class='template-page content  av-content-full alpha units'><div class='post-entry post-entry-type-page post-entry-15105'><div class='entry-content-wrapper clearfix'>\n\n<style type=\"text\/css\" data-created_by=\"avia_inline_auto\" id=\"style-css-av-7l23qe-2cf6526f334418e3911b3c6cd81d536f\">\n.flex_column.av-7l23qe-2cf6526f334418e3911b3c6cd81d536f{\nborder-radius:0px 0px 0px 0px;\npadding:0px 0px 0px 0px;\n}\n<\/style>\n<div  class='flex_column av-7l23qe-2cf6526f334418e3911b3c6cd81d536f av_one_half  avia-builder-el-2  el_before_av_one_half  avia-builder-el-first  first flex_column_div av-zero-column-padding  '     ><\/div>\n<style type=\"text\/css\" data-created_by=\"avia_inline_auto\" id=\"style-css-av-6gxhk6-653c51fe39d332f00dbd9644ccb70db1\">\n.flex_column.av-6gxhk6-653c51fe39d332f00dbd9644ccb70db1{\nborder-radius:0px 0px 0px 0px;\npadding:0px 0px 0px 0px;\n}\n<\/style>\n<div  class='flex_column av-6gxhk6-653c51fe39d332f00dbd9644ccb70db1 av_one_half  avia-builder-el-4  el_after_av_one_half  avia-builder-el-last  flex_column_div av-zero-column-padding  '     ><section  class='av_textblock_section av-2hwb5d-0250d832fa5d5682047765d2ff75055a '   itemscope=\"itemscope\" itemtype=\"https:\/\/schema.org\/CreativeWork\" ><div class='avia_textblock'  itemprop=\"text\" ><h3>Adresse<\/h3>\n<p>SERVIVA GmbH<br \/>\nSchl\u00fcterstra\u00dfe 38<br \/>\nD-10629 Berlin<\/p>\n<h3><\/h3>\n<h3 class=\"widget-title\">Itin\u00e9raire Si\u00e8ge social Berlin<\/h3>\n<div class=\"textwidget\">\n<p><strong>En transports en commun:<\/strong><\/p>\n<p>M\u00e9tros U-Bahn U1 vers Uhlandstrasse<br \/>\nBus M19, M29, 109, X10 vers Olivaer Platz<br \/>\nTrains S-Bahn S3, S5, S7, S9 vers la Savignyplatz<\/p>\n<p><strong>En voiture:<\/strong><\/p>\n<p>Pour l&rsquo;acc\u00e8s, veuillez utiliser <a href=\"https:\/\/www.google.de\/maps\/place\/Serviva+GmbH\/@52.5020301,13.3165679,17z\/data=!3m1!4b1!4m6!3m5!1s0x47a850e4f8e8b635:0xc1a9076f684459bb!8m2!3d52.5020301!4d13.3165679!16s%2Fg%2F1vcjl8hb?hl=de&amp;entry=ttu\" rel=\"nofollow noopener\" target=\"_blank\">ce planificateur d&rsquo;itin\u00e9raire.<\/a><br \/>\nA proximit\u00e9 imm\u00e9diate du Serviva se trouvent des parkings (payants).<\/p>\n<\/div>\n<\/div><\/section><\/div>\n","protected":false},"excerpt":{"rendered":"","protected":false},"author":5,"featured_media":0,"parent":0,"menu_order":0,"comment_status":"closed","ping_status":"closed","template":"","meta":{"footnotes":""},"class_list":["post-15105","page","type-page","status-publish","hentry"],"_links":{"self":[{"href":"https:\/\/serviva.com\/fr\/wp-json\/wp\/v2\/pages\/15105","targetHints":{"allow":["GET"]}}],"collection":[{"href":"https:\/\/serviva.com\/fr\/wp-json\/wp\/v2\/pages"}],"about":[{"href":"https:\/\/serviva.com\/fr\/wp-json\/wp\/v2\/types\/page"}],"author":[{"embeddable":true,"href":"https:\/\/serviva.com\/fr\/wp-json\/wp\/v2\/users\/5"}],"replies":[{"embeddable":true,"href":"https:\/\/serviva.com\/fr\/wp-json\/wp\/v2\/comments?post=15105"}],"version-history":[{"count":7,"href":"https:\/\/serviva.com\/fr\/wp-json\/wp\/v2\/pages\/15105\/revisions"}],"predecessor-version":[{"id":15989,"href":"https:\/\/serviva.com\/fr\/wp-json\/wp\/v2\/pages\/15105\/revisions\/15989"}],"wp:attachment":[{"href":"https:\/\/serviva.com\/fr\/wp-json\/wp\/v2\/media?parent=15105"}],"curies":[{"name":"wp","href":"https:\/\/api.w.org\/{rel}","templated":true}]}}