{"id":15134,"date":"2023-12-18T15:07:21","date_gmt":"2023-12-18T14:07:21","guid":{"rendered":"https:\/\/serviva.com\/?page_id=15134"},"modified":"2024-02-09T16:33:29","modified_gmt":"2024-02-09T15:33:29","slug":"contacter-munich","status":"publish","type":"page","link":"https:\/\/serviva.com\/fr\/contacter-munich\/","title":{"rendered":"Contacter Munich"},"content":{"rendered":"<div  class='av_gmaps_sc_main_wrap av_gmaps_main_wrap '><div id='av_gmap_0' class='avia-google-map-container avia-google-map-sc av_gmaps_show_unconditionally av-no-fallback-img ' data-mapid='av_gmap_0'  style='height: 400px;'><a class=\"av_gmaps_browser_disabled av_text_confirm_link av_text_confirm_link_visible\" href=\"https:\/\/www.google.com\/maps\/search\/?api=1&#038;query=Neureutherstr.%2024%2080799%20M\u00fcnchen%20Bayern%20Deutschland\" target=\"_blank\" rel=\"noopener nofollow\">Les cartes ont \u00e9t\u00e9 d\u00e9sactiv\u00e9es par le visiteur sur ce site. Cliquer pour ouvrir la carte dans une nouvelle fen\u00eatre.<\/a><\/div><\/div>\n\n<style type=\"text\/css\" data-created_by=\"avia_inline_auto\" id=\"style-css-av-jnlwxlf0-2c3d741ab993f2fbe68dde4cc4fbc234\">\n.avia-section.av-jnlwxlf0-2c3d741ab993f2fbe68dde4cc4fbc234 .av-extra-border-element .av-extra-border-inner{\nbackground-color:#ffffff;\n}\n<\/style>\n<div id='av_section_1'  class='avia-section av-jnlwxlf0-2c3d741ab993f2fbe68dde4cc4fbc234 main_color avia-section-default avia-no-border-styling  avia-builder-el-1  el_after_av_google_map  avia-builder-el-last  avia-bg-style-scroll av-arrow-down-section container_wrap fullsize'  ><div class='container av-section-cont-open' ><div class='template-page content  av-content-full alpha units'><div class='post-entry post-entry-type-page post-entry-15134'><div class='entry-content-wrapper clearfix'>\n\n<style type=\"text\/css\" data-created_by=\"avia_inline_auto\" id=\"style-css-av-7l23qe-2cf6526f334418e3911b3c6cd81d536f\">\n.flex_column.av-7l23qe-2cf6526f334418e3911b3c6cd81d536f{\nborder-radius:0px 0px 0px 0px;\npadding:0px 0px 0px 0px;\n}\n<\/style>\n<div  class='flex_column av-7l23qe-2cf6526f334418e3911b3c6cd81d536f av_one_half  avia-builder-el-2  el_before_av_one_half  avia-builder-el-first  first flex_column_div av-zero-column-padding  '     ><\/div>\n<style type=\"text\/css\" data-created_by=\"avia_inline_auto\" id=\"style-css-av-6gxhk6-653c51fe39d332f00dbd9644ccb70db1\">\n.flex_column.av-6gxhk6-653c51fe39d332f00dbd9644ccb70db1{\nborder-radius:0px 0px 0px 0px;\npadding:0px 0px 0px 0px;\n}\n<\/style>\n<div  class='flex_column av-6gxhk6-653c51fe39d332f00dbd9644ccb70db1 av_one_half  avia-builder-el-4  el_after_av_one_half  avia-builder-el-last  flex_column_div av-zero-column-padding  '     ><section  class='av_textblock_section av-2hwb5d-0250d832fa5d5682047765d2ff75055a '   itemscope=\"itemscope\" itemtype=\"https:\/\/schema.org\/CreativeWork\" ><div class='avia_textblock'  itemprop=\"text\" ><h3>Adresse<\/h3>\n<p>SERVIVA GmbH<br \/>\nNeureutherstr. 24<br \/>\nD-80799 Munich<\/p>\n<h3><\/h3>\n<h3 class=\"widget-title\">Itin\u00e9raire Si\u00e8ge social Munich<\/h3>\n<div class=\"textwidget\">\n<p><strong>En transports en commun:<\/strong><\/p>\n<p>M\u00e9tro (U-Bahn) lignes U2, U8 jusqu&rsquo;\u00e0 Josephsplatz<br \/>\nTram lignes 27, 28 jusqu&rsquo;\u00e0 Nordendstra\u00dfe<br \/>\nBus 153, 154 jusqu&rsquo;\u00e0 Luisenstra\u00dfe<\/p>\n<p><strong>En voiture:<\/strong><\/p>\n<p>Pour l\u2019acc\u00e8s, veuillez utiliser\u00a0<a href=\"https:\/\/www.google.de\/maps\/place\/Steinsdorfstra%C3%9Fe+10,+80538+M%C3%BCnchen\/@48.1345318,11.5848599,17z\/data=!3m1!4b1!4m5!3m4!1s0x479e7587de929375:0x63453db6c82cbfa6!8m2!3d48.1345318!4d11.5870486?hl=de&amp;shorturl=1\" target=\"_blank\" rel=\"nofollow noopener\">ce planificateur d\u2019itin\u00e9raire.<\/a><br \/>\nA proximit\u00e9 imm\u00e9diate du Serviva se trouvent des parkings (payants).<\/p>\n<\/div>\n<\/div><\/section><\/div>\n","protected":false},"excerpt":{"rendered":"","protected":false},"author":5,"featured_media":0,"parent":0,"menu_order":0,"comment_status":"closed","ping_status":"closed","template":"","meta":{"footnotes":""},"class_list":["post-15134","page","type-page","status-publish","hentry"],"_links":{"self":[{"href":"https:\/\/serviva.com\/fr\/wp-json\/wp\/v2\/pages\/15134","targetHints":{"allow":["GET"]}}],"collection":[{"href":"https:\/\/serviva.com\/fr\/wp-json\/wp\/v2\/pages"}],"about":[{"href":"https:\/\/serviva.com\/fr\/wp-json\/wp\/v2\/types\/page"}],"author":[{"embeddable":true,"href":"https:\/\/serviva.com\/fr\/wp-json\/wp\/v2\/users\/5"}],"replies":[{"embeddable":true,"href":"https:\/\/serviva.com\/fr\/wp-json\/wp\/v2\/comments?post=15134"}],"version-history":[{"count":8,"href":"https:\/\/serviva.com\/fr\/wp-json\/wp\/v2\/pages\/15134\/revisions"}],"predecessor-version":[{"id":15995,"href":"https:\/\/serviva.com\/fr\/wp-json\/wp\/v2\/pages\/15134\/revisions\/15995"}],"wp:attachment":[{"href":"https:\/\/serviva.com\/fr\/wp-json\/wp\/v2\/media?parent=15134"}],"curies":[{"name":"wp","href":"https:\/\/api.w.org\/{rel}","templated":true}]}}