{"id":15147,"date":"2023-12-18T15:17:09","date_gmt":"2023-12-18T14:17:09","guid":{"rendered":"https:\/\/serviva.com\/?page_id=15147"},"modified":"2024-02-09T16:38:31","modified_gmt":"2024-02-09T15:38:31","slug":"contacter-vienne","status":"publish","type":"page","link":"https:\/\/serviva.com\/fr\/contacter-vienne\/","title":{"rendered":"Contacter Vienne"},"content":{"rendered":"<div  class='av_gmaps_sc_main_wrap av_gmaps_main_wrap '><div id='av_gmap_0' class='avia-google-map-container avia-google-map-sc av_gmaps_show_unconditionally av-no-fallback-img ' data-mapid='av_gmap_0'  style='height: 400px;'><a class=\"av_gmaps_browser_disabled av_text_confirm_link av_text_confirm_link_visible\" href=\"https:\/\/www.google.com\/maps\/search\/?api=1&#038;query=Gertrude-Fr\u00f6hlich-Sandner-Stra\u00dfe%201\/Top%2013%201100%20Wien%20\u00d6sterreich%20\u00d6sterreich\" target=\"_blank\" rel=\"noopener nofollow\">Les cartes ont \u00e9t\u00e9 d\u00e9sactiv\u00e9es par le visiteur sur ce site. Cliquer pour ouvrir la carte dans une nouvelle fen\u00eatre.<\/a><\/div><\/div>\n\n<style type=\"text\/css\" data-created_by=\"avia_inline_auto\" id=\"style-css-av-jnlwxlf0-2c3d741ab993f2fbe68dde4cc4fbc234\">\n.avia-section.av-jnlwxlf0-2c3d741ab993f2fbe68dde4cc4fbc234 .av-extra-border-element .av-extra-border-inner{\nbackground-color:#ffffff;\n}\n<\/style>\n<div id='av_section_1'  class='avia-section av-jnlwxlf0-2c3d741ab993f2fbe68dde4cc4fbc234 main_color avia-section-default avia-no-border-styling  avia-builder-el-1  el_after_av_google_map  avia-builder-el-last  avia-bg-style-scroll av-arrow-down-section container_wrap fullsize'  ><div class='container av-section-cont-open' ><div class='template-page content  av-content-full alpha units'><div class='post-entry post-entry-type-page post-entry-15147'><div class='entry-content-wrapper clearfix'>\n\n<style type=\"text\/css\" data-created_by=\"avia_inline_auto\" id=\"style-css-av-7l23qe-2cf6526f334418e3911b3c6cd81d536f\">\n.flex_column.av-7l23qe-2cf6526f334418e3911b3c6cd81d536f{\nborder-radius:0px 0px 0px 0px;\npadding:0px 0px 0px 0px;\n}\n<\/style>\n<div  class='flex_column av-7l23qe-2cf6526f334418e3911b3c6cd81d536f av_one_half  avia-builder-el-2  el_before_av_one_half  avia-builder-el-first  first flex_column_div av-zero-column-padding  '     ><\/div>\n<style type=\"text\/css\" data-created_by=\"avia_inline_auto\" id=\"style-css-av-6gxhk6-653c51fe39d332f00dbd9644ccb70db1\">\n.flex_column.av-6gxhk6-653c51fe39d332f00dbd9644ccb70db1{\nborder-radius:0px 0px 0px 0px;\npadding:0px 0px 0px 0px;\n}\n<\/style>\n<div  class='flex_column av-6gxhk6-653c51fe39d332f00dbd9644ccb70db1 av_one_half  avia-builder-el-4  el_after_av_one_half  avia-builder-el-last  flex_column_div av-zero-column-padding  '     ><section  class='av_textblock_section av-2hwb5d-0250d832fa5d5682047765d2ff75055a '   itemscope=\"itemscope\" itemtype=\"https:\/\/schema.org\/CreativeWork\" ><div class='avia_textblock'  itemprop=\"text\" ><h3>Adresse<\/h3>\n<p>SERVIVA Austria GmbH<br \/>\nGertrude-Fr\u00f6hlich-Sandner-Str. 1\/Top 13<br \/>\nA-1100 Vienna<\/p>\n<h3><\/h3>\n<h3>Itin\u00e9raire vers la succursale de Vienne<\/h3>\n<h3>En transports en commun :<\/h3>\n<div class=\"textwidget\">\n<p>S\u00fcdtiroler Platz \/ Gare centrale<br \/>\nU1<br \/>\nTram D, O, 18<br \/>\nBus 13A, 69A<br \/>\nTrains rapides: S1, S2, S3, S4, S80<br \/>\nTrains r\u00e9gionaux sur la ligne principale<br \/>\nTrains grandes lignes<\/p>\n<p><strong>En voiture:<\/strong><\/p>\n<p>Pour obtenir un itin\u00e9raire, veuillez utiliser <a href=\"https:\/\/www.google.de\/maps\/place\/Gertrude-Fr%C3%B6hlich-Sandner-Stra%C3%9Fe+13,+1100+Wien,+%C3%96sterreich\/@48.1838471,16.3757066,17z\/data=!3m1!4b1!4m5!3m4!1s0x476da92ac06d4acd:0xd4194620518db02d!8m2!3d48.1838471!4d16.3779006?hl=de&amp;shorturl=1\" rel=\"nofollow noopener\" target=\"_blank\">ce planificateur d&rsquo;itin\u00e9raire<\/a>.<br \/>\nA proximit\u00e9 imm\u00e9diate du Serviva se trouvent des parkings (payants).<\/p>\n<div id=\"av_section_1\" class=\"avia-section main_color avia-section-default avia-no-border-styling avia-bg-style-scroll avia-builder-el-1 el_after_av_google_map avia-builder-el-last av-arrow-down-section container_wrap fullsize\">\n<div class=\"container\">\n<div class=\"template-page content av-content-full alpha units\">\n<div class=\"post-entry post-entry-type-page post-entry-15105\">\n<div class=\"entry-content-wrapper clearfix\">\n<div class=\"flex_column av_one_half flex_column_div av-zero-column-padding avia-builder-el-4 el_after_av_one_half avia-builder-el-last \">\n<section class=\"av_textblock_section \">\n<div class=\"avia_textblock \">\n<div class=\"textwidget\"><\/div>\n<\/div>\n<\/section>\n<\/div>\n<\/div>\n<\/div>\n<\/div>\n<\/div>\n<\/div>\n<div id=\"footer\" class=\"container_wrap footer_color\">\n<div class=\"container\">\n<div class=\"flex_column av_one_fourth first el_before_av_one_fourth\"><\/div>\n<\/div>\n<\/div>\n<\/div>\n<\/div><\/section><\/div>\n","protected":false},"excerpt":{"rendered":"","protected":false},"author":5,"featured_media":0,"parent":0,"menu_order":0,"comment_status":"closed","ping_status":"closed","template":"","meta":{"footnotes":""},"class_list":["post-15147","page","type-page","status-publish","hentry"],"_links":{"self":[{"href":"https:\/\/serviva.com\/fr\/wp-json\/wp\/v2\/pages\/15147","targetHints":{"allow":["GET"]}}],"collection":[{"href":"https:\/\/serviva.com\/fr\/wp-json\/wp\/v2\/pages"}],"about":[{"href":"https:\/\/serviva.com\/fr\/wp-json\/wp\/v2\/types\/page"}],"author":[{"embeddable":true,"href":"https:\/\/serviva.com\/fr\/wp-json\/wp\/v2\/users\/5"}],"replies":[{"embeddable":true,"href":"https:\/\/serviva.com\/fr\/wp-json\/wp\/v2\/comments?post=15147"}],"version-history":[{"count":7,"href":"https:\/\/serviva.com\/fr\/wp-json\/wp\/v2\/pages\/15147\/revisions"}],"predecessor-version":[{"id":15999,"href":"https:\/\/serviva.com\/fr\/wp-json\/wp\/v2\/pages\/15147\/revisions\/15999"}],"wp:attachment":[{"href":"https:\/\/serviva.com\/fr\/wp-json\/wp\/v2\/media?parent=15147"}],"curies":[{"name":"wp","href":"https:\/\/api.w.org\/{rel}","templated":true}]}}