{"id":15239,"date":"2023-12-19T09:05:15","date_gmt":"2023-12-19T08:05:15","guid":{"rendered":"https:\/\/serviva.com\/?page_id=15239"},"modified":"2024-04-05T16:26:10","modified_gmt":"2024-04-05T14:26:10","slug":"conseil","status":"publish","type":"page","link":"https:\/\/serviva.com\/fr\/services\/conseil\/","title":{"rendered":"Conseil"},"content":{"rendered":"\n<style type=\"text\/css\" data-created_by=\"avia_inline_auto\" id=\"style-css-av-jnlwqzhr-09cf97f27b6fed0ae9b8f967140b3d90\">\n.avia-section.av-jnlwqzhr-09cf97f27b6fed0ae9b8f967140b3d90{\nbackground-repeat:no-repeat;\nbackground-image:url(https:\/\/serviva.com\/wp-content\/uploads\/2018\/10\/beratung-header-1000x430.jpg);\nbackground-position:0% 0%;\nbackground-attachment:fixed;\n}\n.avia-section.av-jnlwqzhr-09cf97f27b6fed0ae9b8f967140b3d90 .av-section-color-overlay{\nopacity:0.6;\nbackground-color:#005da4;\n}\n<\/style>\n<div id='av_section_1'  class='avia-section av-jnlwqzhr-09cf97f27b6fed0ae9b8f967140b3d90 main_color avia-section-no-padding avia-no-shadow  avia-builder-el-0  el_before_av_submenu  avia-builder-el-first  avia-full-contain avia-bg-style-fixed av-section-color-overlay-active container_wrap fullsize'  data-section-bg-repeat='contain'><div class=\"av-section-color-overlay-wrap\"><div class=\"av-section-color-overlay\"><\/div><div class='container av-section-cont-open' ><main  role=\"main\" itemprop=\"mainContentOfPage\"  class='template-page content  av-content-full alpha units'><div class='post-entry post-entry-type-page post-entry-15239'><div class='entry-content-wrapper clearfix'>\n\n<style type=\"text\/css\" data-created_by=\"avia_inline_auto\" id=\"style-css-av-jnncd6zh-ce8d5d3b15b747cb07bc6689a9129afa\">\n#top .flex_column.av-jnncd6zh-ce8d5d3b15b747cb07bc6689a9129afa{\nmargin-top:20px;\nmargin-bottom:20px;\n}\n.flex_column.av-jnncd6zh-ce8d5d3b15b747cb07bc6689a9129afa{\nborder-radius:0px 0px 0px 0px;\npadding:0px 0px 0px 0px;\n}\n.responsive #top #wrap_all .flex_column.av-jnncd6zh-ce8d5d3b15b747cb07bc6689a9129afa{\nmargin-top:20px;\nmargin-bottom:20px;\n}\n<\/style>\n<div  class='flex_column av-jnncd6zh-ce8d5d3b15b747cb07bc6689a9129afa av_one_full  avia-builder-el-1  el_before_av_one_full  avia-builder-el-first  first flex_column_div av-zero-column-padding  '     ><style type=\"text\/css\" data-created_by=\"avia_inline_auto\" id=\"style-css-av-jnn447zi-0b4f3647aa4224fc0319b02e56260663\">\n#top .av_textblock_section.av-jnn447zi-0b4f3647aa4224fc0319b02e56260663 .avia_textblock{\nfont-size:12px;\ncolor:#ffffff;\n}\n<\/style>\n<section  class='av_textblock_section av-jnn447zi-0b4f3647aa4224fc0319b02e56260663 '   itemscope=\"itemscope\" itemtype=\"https:\/\/schema.org\/CreativeWork\" ><div class='avia_textblock av_inherit_color'  itemprop=\"text\" ><div class=\"breadcrumb breadcrumbs avia-breadcrumbs\"><div class=\"breadcrumb-trail\" ><span class=\"trail-before\"><span class=\"breadcrumb-title\">Vous \u00eates ici :<\/span><\/span> <span  itemscope=\"itemscope\" itemtype=\"https:\/\/schema.org\/BreadcrumbList\" ><span  itemscope=\"itemscope\" itemtype=\"https:\/\/schema.org\/ListItem\" itemprop=\"itemListElement\" ><a itemprop=\"url\" href=\"https:\/\/serviva.com\/fr\/\" title=\"SERVIVA\" rel=\"home\" class=\"trail-begin\"><span itemprop=\"name\">Accueil<\/span><\/a><span itemprop=\"position\" class=\"hidden\">1<\/span><\/span><\/span><\/div><\/div>\n<\/div><\/section><\/div>\n<style type=\"text\/css\" data-created_by=\"avia_inline_auto\" id=\"style-css-av-jnncgdgr-0c2a0a3cb1efad6bf661dcf405a0b480\">\n#top .flex_column.av-jnncgdgr-0c2a0a3cb1efad6bf661dcf405a0b480{\nmargin-top:10px;\nmargin-bottom:10px;\n}\n.flex_column.av-jnncgdgr-0c2a0a3cb1efad6bf661dcf405a0b480{\nborder-radius:0px 0px 0px 0px;\npadding:0px 0px 0px 0px;\n}\n.responsive #top #wrap_all .flex_column.av-jnncgdgr-0c2a0a3cb1efad6bf661dcf405a0b480{\nmargin-top:10px;\nmargin-bottom:10px;\n}\n<\/style>\n<div  class='flex_column av-jnncgdgr-0c2a0a3cb1efad6bf661dcf405a0b480 av_one_full  avia-builder-el-3  el_after_av_one_full  avia-builder-el-last  first flex_column_div av-zero-column-padding  column-top-margin'     ><p>\n<style type=\"text\/css\" data-created_by=\"avia_inline_auto\" id=\"style-css-av-lumppa2f-9c8640af26d7fefb46cf7cb97b1ac3aa\">\n#top .av-special-heading.av-lumppa2f-9c8640af26d7fefb46cf7cb97b1ac3aa{\nmargin:20px 0 0 0;\npadding-bottom:10px;\ncolor:#ffffff;\nfont-size:40px;\n}\nbody .av-special-heading.av-lumppa2f-9c8640af26d7fefb46cf7cb97b1ac3aa .av-special-heading-tag .heading-char{\nfont-size:25px;\n}\n#top #wrap_all .av-special-heading.av-lumppa2f-9c8640af26d7fefb46cf7cb97b1ac3aa .av-special-heading-tag{\nfont-size:40px;\n}\n.av-special-heading.av-lumppa2f-9c8640af26d7fefb46cf7cb97b1ac3aa .special-heading-inner-border{\nborder-color:#ffffff;\n}\n.av-special-heading.av-lumppa2f-9c8640af26d7fefb46cf7cb97b1ac3aa .av-subheading{\nfont-size:16px;\n}\n\n@media only screen and (min-width: 480px) and (max-width: 767px){ \n#top #wrap_all .av-special-heading.av-lumppa2f-9c8640af26d7fefb46cf7cb97b1ac3aa .av-special-heading-tag{\nfont-size:0.8em;\n}\n}\n\n@media only screen and (max-width: 479px){ \n#top #wrap_all .av-special-heading.av-lumppa2f-9c8640af26d7fefb46cf7cb97b1ac3aa .av-special-heading-tag{\nfont-size:0.8em;\n}\n}\n<\/style>\n<div  class='av-special-heading av-lumppa2f-9c8640af26d7fefb46cf7cb97b1ac3aa av-special-heading-h1 custom-color-heading blockquote modern-quote modern-centered  avia-builder-el-4  el_before_av_hr  avia-builder-el-first  av-inherit-size'><h1 class='av-special-heading-tag'  itemprop=\"headline\"  >Consultation<\/h1><div class='av_custom_color av-subheading av-subheading_below'><p>Serviva fournit des conseils strat\u00e9giques, \u00e9conomiques et organisationnels concernants la gestion de la propri\u00e9t\u00e9 intellectuelle.<\/p>\n<\/div><div class=\"special-heading-border\"><div class=\"special-heading-inner-border\"><\/div><\/div><\/div><br \/>\n\n<style type=\"text\/css\" data-created_by=\"avia_inline_auto\" id=\"style-css-av-jr95s9pe-6db23b96b8199ad9eb880982dc54df09\">\n#top .hr.av-jr95s9pe-6db23b96b8199ad9eb880982dc54df09{\nmargin-top:30px;\nmargin-bottom:5px;\n}\n.hr.av-jr95s9pe-6db23b96b8199ad9eb880982dc54df09 .hr-inner{\nwidth:150px;\nborder-color:#de952a;\n}\n<\/style>\n<div  class='hr av-jr95s9pe-6db23b96b8199ad9eb880982dc54df09 hr-custom  avia-builder-el-5  el_after_av_heading  avia-builder-el-last  hr-center hr-icon-no'><span class='hr-inner inner-border-av-border-thin'><span class=\"hr-inner-style\"><\/span><\/span><\/div><\/p><\/div>\n\n<\/div><\/div><\/main><!-- close content main element --><\/div><\/div><\/div><div class='clear'><\/div><div id='sub_menu1'  class='av-submenu-container av-jnne3u9h-426009fb564e87a048f5faffdefc7313 main_color  avia-builder-el-6  el_after_av_section  el_before_av_section  av-sticky-submenu submenu-not-first container_wrap fullsize' style='z-index:301' ><div class='container av-menu-mobile-disabled av-submenu-pos-center'><ul id='av-custom-submenu-1' class='av-subnav-menu' role='menu'>\n<li class='menu-item av-29xflgn-f0b8cb7faba2116fe40fc202e32a063f menu-item-top-level menu-item-top-level-1' role='menuitem'><a href='https:\/\/serviva.com\/fr\/services\/conseil\/ip-strategy-consulting\/'  ><span class='avia-bullet'><\/span><span class='avia-menu-text'>Conseil en strat\u00e9gie PI<\/span><\/a><\/li>\n<li class='menu-item av-1u306rr-2c55010c239b7e5ebda8315dd7620fe7 menu-item-top-level menu-item-top-level-2' role='menuitem'><a href='https:\/\/serviva.com\/fr\/services\/conseil\/conduite-du-processus-ip\/'  ><span class='avia-bullet'><\/span><span class='avia-menu-text'>Conduite du processus IP<\/span><\/a><\/li>\n<li class='menu-item av-14g45yf-499fc42e18a7d5495d516c7cc8186bd1 menu-item-top-level menu-item-top-level-3' role='menuitem'><a href='https:\/\/serviva.com\/fr\/services\/conseil\/coaching-pour-les-petites-et-moyennes-entreprises\/'  ><span class='avia-bullet'><\/span><span class='avia-menu-text'>Coaching pour les petites et moyennes entreprises<\/span><\/a><\/li>\n<li class='menu-item av-sr8ufb-d54849e586bf458c7bb61364ddb775a4 menu-item-top-level menu-item-top-level-4' role='menuitem'><a href='https:\/\/serviva.com\/fr\/services\/conseil\/negociations-de-licences\/'  ><span class='avia-bullet'><\/span><span class='avia-menu-text'>N\u00e9gociations de licences<\/span><\/a><\/li>\n<\/ul><\/div><\/div><div class='sticky_placeholder'><\/div>\n\n<style type=\"text\/css\" data-created_by=\"avia_inline_auto\" id=\"style-css-av-jnlwxlf0-2c3d741ab993f2fbe68dde4cc4fbc234\">\n.avia-section.av-jnlwxlf0-2c3d741ab993f2fbe68dde4cc4fbc234 .av-extra-border-element .av-extra-border-inner{\nbackground-color:#ffffff;\n}\n<\/style>\n<div id='av_section_2'  class='avia-section av-jnlwxlf0-2c3d741ab993f2fbe68dde4cc4fbc234 main_color avia-section-default avia-no-border-styling  avia-builder-el-7  el_after_av_submenu  el_before_av_section  avia-bg-style-scroll av-arrow-down-section container_wrap fullsize'  ><div class='container av-section-cont-open' ><div class='template-page content  av-content-full alpha units'><div class='post-entry post-entry-type-page post-entry-15239'><div class='entry-content-wrapper clearfix'>\n\n<style type=\"text\/css\" data-created_by=\"avia_inline_auto\" id=\"style-css-av-7l23qe-2cf6526f334418e3911b3c6cd81d536f\">\n.flex_column.av-7l23qe-2cf6526f334418e3911b3c6cd81d536f{\nborder-radius:0px 0px 0px 0px;\npadding:0px 0px 0px 0px;\n}\n<\/style>\n<div  class='flex_column av-7l23qe-2cf6526f334418e3911b3c6cd81d536f av_two_third  avia-builder-el-8  el_before_av_one_third  avia-builder-el-first  first flex_column_div av-zero-column-padding  '     ><section  class='av_textblock_section av-jnlwxz5d-f1a57a50293280d3731c9cb161ed7ffb '   itemscope=\"itemscope\" itemtype=\"https:\/\/schema.org\/CreativeWork\" ><div class='avia_textblock'  itemprop=\"text\" ><p>Les conseils de Serviva sont toujours orient\u00e9s vers la pratique et les int\u00e9r\u00eats du client. Le regard impartial et professionnel d&rsquo;une personne ext\u00e9rieure nous permet de nous familiariser rapidement avec les technologies et les march\u00e9s sous-jacents.<\/p>\n<p>L&rsquo;examen des aspects techniques et commerciaux en vue d&rsquo;une optimisation des co\u00fbts et des b\u00e9n\u00e9fices joue un r\u00f4le important, en particulier dans les projets de conseil en <a href=\"https:\/\/serviva.com\/fr\/services\/conseil\/ip-strategy-consulting\/\">strat\u00e9gie de propri\u00e9t\u00e9 intellectuelle<\/a>.<\/p>\n<p>L&rsquo;objectif de la <a href=\"https:\/\/serviva.com\/fr\/services\/conseil\/conduite-du-processus-ip\/\">consultation pendant le processus de PI<\/a> est d&rsquo;am\u00e9liorer l&rsquo;efficacit\u00e9 et la qualit\u00e9 de tous les processus de travail li\u00e9s \u00e0 la gestion des brevets et des marques. En plus d&rsquo;une analyse approfondie, il est important pour nous de fournir un soutien concret \u00e0 nos clients en leur donnant des conseils pratiques et en leur proposant des solutions.<\/p>\n<\/div><\/section><\/div>\n<style type=\"text\/css\" data-created_by=\"avia_inline_auto\" id=\"style-css-av-6gxhk6-653c51fe39d332f00dbd9644ccb70db1\">\n.flex_column.av-6gxhk6-653c51fe39d332f00dbd9644ccb70db1{\nborder-radius:0px 0px 0px 0px;\npadding:0px 0px 0px 0px;\n}\n<\/style>\n<div  class='flex_column av-6gxhk6-653c51fe39d332f00dbd9644ccb70db1 av_one_third  avia-builder-el-10  el_after_av_two_third  avia-builder-el-last  flex_column_div av-zero-column-padding  '     ><style type=\"text\/css\" data-created_by=\"avia_inline_auto\" id=\"style-css-av-jnn38344-eeeba52acede14a1db4c20c330eededb\">\n.avia-image-container.av-jnn38344-eeeba52acede14a1db4c20c330eededb img.avia_image{\nbox-shadow:none;\n}\n.avia-image-container.av-jnn38344-eeeba52acede14a1db4c20c330eededb .av-image-caption-overlay-center{\ncolor:#ffffff;\n}\n<\/style>\n<div  class='avia-image-container av-jnn38344-eeeba52acede14a1db4c20c330eededb av-styling-circle av-hover-grow avia_animated_image av-animated-when-visible-95 pop-up avia-align-center  avia-builder-el-11  avia-builder-el-no-sibling '   itemprop=\"image\" itemscope=\"itemscope\" itemtype=\"https:\/\/schema.org\/ImageObject\" ><div class=\"avia-image-container-inner\"><div class=\"avia-image-overlay-wrap\"><img decoding=\"async\" fetchpriority=\"high\" class=\"wp-image-4805 avia-img-lazy-loading-not-4805 avia_image \" src=\"https:\/\/serviva.com\/wp-content\/uploads\/2018\/10\/beratung-icon-2.jpg\" alt=\"\" title=\"Color line, consulting illustration\" height=\"1000\" width=\"1000\" itemprop=\"thumbnailUrl\" srcset=\"https:\/\/serviva.com\/wp-content\/uploads\/2018\/10\/beratung-icon-2.jpg 1000w, https:\/\/serviva.com\/wp-content\/uploads\/2018\/10\/beratung-icon-2-80x80.jpg 80w, https:\/\/serviva.com\/wp-content\/uploads\/2018\/10\/beratung-icon-2-300x300.jpg 300w, https:\/\/serviva.com\/wp-content\/uploads\/2018\/10\/beratung-icon-2-768x768.jpg 768w, https:\/\/serviva.com\/wp-content\/uploads\/2018\/10\/beratung-icon-2-36x36.jpg 36w, https:\/\/serviva.com\/wp-content\/uploads\/2018\/10\/beratung-icon-2-180x180.jpg 180w, https:\/\/serviva.com\/wp-content\/uploads\/2018\/10\/beratung-icon-2-705x705.jpg 705w, https:\/\/serviva.com\/wp-content\/uploads\/2018\/10\/beratung-icon-2-120x120.jpg 120w, https:\/\/serviva.com\/wp-content\/uploads\/2018\/10\/beratung-icon-2-450x450.jpg 450w\" sizes=\"(max-width: 1000px) 100vw, 1000px\"><\/div><\/div><\/div><\/div><\/div><\/div><\/div><!-- close content main div --><\/div><div class='av-extra-border-element border-extra-arrow-down'><div class='av-extra-border-outer'><div class='av-extra-border-inner'><\/div><\/div><\/div><\/div>\n<style type=\"text\/css\" data-created_by=\"avia_inline_auto\" id=\"style-css-av-jnlwxlf0-b69537c04a4a7717c93a478c05fdffb5\">\n.avia-section.av-jnlwxlf0-b69537c04a4a7717c93a478c05fdffb5{\nbackground-color:#f9f9f9;\nbackground-image:unset;\n}\n.avia-section.av-jnlwxlf0-b69537c04a4a7717c93a478c05fdffb5 .av-extra-border-element .av-extra-border-inner{\nbackground-color:#f9f9f9;\n}\n<\/style>\n<div id='av_section_3'  class='avia-section av-jnlwxlf0-b69537c04a4a7717c93a478c05fdffb5 main_color avia-section-default avia-no-border-styling  avia-builder-el-12  el_after_av_section  el_before_av_section  avia-bg-style-scroll av-arrow-down-section container_wrap fullsize'  ><div class='container av-section-cont-open' ><div class='template-page content  av-content-full alpha units'><div class='post-entry post-entry-type-page post-entry-15239'><div class='entry-content-wrapper clearfix'>\n\n<style type=\"text\/css\" data-created_by=\"avia_inline_auto\" id=\"style-css-av-av_heading-9c0f6d778b615e625d3d1ceec2f5d9c7\">\n#top .av-special-heading.av-av_heading-9c0f6d778b615e625d3d1ceec2f5d9c7{\npadding-bottom:10px;\nfont-size:28px;\n}\nbody .av-special-heading.av-av_heading-9c0f6d778b615e625d3d1ceec2f5d9c7 .av-special-heading-tag .heading-char{\nfont-size:25px;\n}\n#top #wrap_all .av-special-heading.av-av_heading-9c0f6d778b615e625d3d1ceec2f5d9c7 .av-special-heading-tag{\nfont-size:28px;\n}\n.av-special-heading.av-av_heading-9c0f6d778b615e625d3d1ceec2f5d9c7 .av-subheading{\nfont-size:15px;\n}\n\n@media only screen and (min-width: 480px) and (max-width: 767px){ \n#top #wrap_all .av-special-heading.av-av_heading-9c0f6d778b615e625d3d1ceec2f5d9c7 .av-special-heading-tag{\nfont-size:0.8em;\n}\n}\n\n@media only screen and (max-width: 479px){ \n#top #wrap_all .av-special-heading.av-av_heading-9c0f6d778b615e625d3d1ceec2f5d9c7 .av-special-heading-tag{\nfont-size:0.8em;\n}\n}\n<\/style>\n<div  class='av-special-heading av-av_heading-9c0f6d778b615e625d3d1ceec2f5d9c7 av-special-heading-h2 custom-color-heading blockquote modern-quote modern-centered  avia-builder-el-13  el_before_av_hr  avia-builder-el-first  av-inherit-size'><h2 class='av-special-heading-tag'  itemprop=\"headline\"  > Conseils &#8211; par des entrepreneurs pour des entrepreneurs<\/h2><div class=\"special-heading-border\"><div class=\"special-heading-inner-border\"><\/div><\/div><\/div>\n\n<style type=\"text\/css\" data-created_by=\"avia_inline_auto\" id=\"style-css-av-jnlwuw1u-ef2f5b0c25333b2673df2a410575615e\">\n#top .hr.av-jnlwuw1u-ef2f5b0c25333b2673df2a410575615e{\nmargin-top:30px;\nmargin-bottom:30px;\n}\n.hr.av-jnlwuw1u-ef2f5b0c25333b2673df2a410575615e .hr-inner{\nwidth:50px;\nborder-color:#de952a;\n}\n<\/style>\n<div  class='hr av-jnlwuw1u-ef2f5b0c25333b2673df2a410575615e hr-custom  avia-builder-el-14  el_after_av_heading  el_before_av_one_third  hr-center hr-icon-no'><span class='hr-inner inner-border-av-border-thin'><span class=\"hr-inner-style\"><\/span><\/span><\/div>\n\n<style type=\"text\/css\" data-created_by=\"avia_inline_auto\" id=\"style-css-av-249wva-865a404befbfa260c79181b6d5e1e3ce\">\n.flex_column.av-249wva-865a404befbfa260c79181b6d5e1e3ce{\nborder-radius:0px 0px 0px 0px;\npadding:0px 0px 0px 0px;\n}\n<\/style>\n<div  class='flex_column av-249wva-865a404befbfa260c79181b6d5e1e3ce av_one_third  avia-builder-el-15  el_after_av_hr  el_before_av_two_third  first flex_column_div av-zero-column-padding  '     ><style type=\"text\/css\" data-created_by=\"avia_inline_auto\" id=\"style-css-av-jnn38xlj-4120736b59b37deda5d8903fa2cf233a\">\n.avia-image-container.av-jnn38xlj-4120736b59b37deda5d8903fa2cf233a img.avia_image{\nbox-shadow:none;\n}\n.avia-image-container.av-jnn38xlj-4120736b59b37deda5d8903fa2cf233a .av-image-caption-overlay-center{\ncolor:#ffffff;\n}\n<\/style>\n<div  class='avia-image-container av-jnn38xlj-4120736b59b37deda5d8903fa2cf233a av-styling-circle av-hover-grow avia_animated_image av-animated-when-visible-95 pop-up avia-align-center  avia-builder-el-16  avia-builder-el-no-sibling '   itemprop=\"image\" itemscope=\"itemscope\" itemtype=\"https:\/\/schema.org\/ImageObject\" ><div class=\"avia-image-container-inner\"><div class=\"avia-image-overlay-wrap\"><img decoding=\"async\" fetchpriority=\"high\" class=\"wp-image-5687 avia-img-lazy-loading-not-5687 avia_image \" src=\"https:\/\/serviva.com\/wp-content\/uploads\/2018\/10\/beratung-icon-1.jpg\" alt=\"\" title=\"Beratung Icon 1\" height=\"1000\" width=\"1000\" itemprop=\"thumbnailUrl\" srcset=\"https:\/\/serviva.com\/wp-content\/uploads\/2018\/10\/beratung-icon-1.jpg 1000w, https:\/\/serviva.com\/wp-content\/uploads\/2018\/10\/beratung-icon-1-80x80.jpg 80w, https:\/\/serviva.com\/wp-content\/uploads\/2018\/10\/beratung-icon-1-300x300.jpg 300w, https:\/\/serviva.com\/wp-content\/uploads\/2018\/10\/beratung-icon-1-768x768.jpg 768w, https:\/\/serviva.com\/wp-content\/uploads\/2018\/10\/beratung-icon-1-36x36.jpg 36w, https:\/\/serviva.com\/wp-content\/uploads\/2018\/10\/beratung-icon-1-180x180.jpg 180w, https:\/\/serviva.com\/wp-content\/uploads\/2018\/10\/beratung-icon-1-705x705.jpg 705w, https:\/\/serviva.com\/wp-content\/uploads\/2018\/10\/beratung-icon-1-120x120.jpg 120w, https:\/\/serviva.com\/wp-content\/uploads\/2018\/10\/beratung-icon-1-450x450.jpg 450w\" sizes=\"(max-width: 1000px) 100vw, 1000px\"><\/div><\/div><\/div><\/div>\n<style type=\"text\/css\" data-created_by=\"avia_inline_auto\" id=\"style-css-av-4pejba-8b85e8c521f0768c91ce90722bad1906\">\n.flex_column.av-4pejba-8b85e8c521f0768c91ce90722bad1906{\nborder-radius:0px 0px 0px 0px;\npadding:0px 0px 0px 0px;\n}\n<\/style>\n<div  class='flex_column av-4pejba-8b85e8c521f0768c91ce90722bad1906 av_two_third  avia-builder-el-17  el_after_av_one_third  avia-builder-el-last  flex_column_div av-zero-column-padding  '     ><section  class='av_textblock_section av-jnlwxz5d-f1a57a50293280d3731c9cb161ed7ffb '   itemscope=\"itemscope\" itemtype=\"https:\/\/schema.org\/CreativeWork\" ><div class='avia_textblock'  itemprop=\"text\" ><p><a href=\"https:\/\/serviva.com\/fr\/services\/conseil\/coaching-pour-les-petites-et-moyennes-entreprises\/\">Les conseils aux petites et moyennes entreprises (PME)<\/a>\u00a0portent non seulement sur la protection appropri\u00e9e de la propri\u00e9t\u00e9 intellectuelle, mais aussi sur des sujets connexes tels que la commercialisation de technologies innovantes ou les questions de financement. Notre longue pratique du conseil dans le domaine du B2B avec des centaines de clients de diff\u00e9rents secteurs constitue la base d&rsquo;une exp\u00e9rience dont nos clients b\u00e9n\u00e9ficient. Si n\u00e9cessaire, nous apportons notre soutien \u00e0 des processus de propri\u00e9t\u00e9 intellectuelle complets ou de mani\u00e8re s\u00e9lective, par exemple pour la pr\u00e9paration et la mise en \u0153uvre de la <a href=\"https:\/\/serviva.com\/fr\/services\/conseil\/negociations-de-licences\/\">n\u00e9gociation de licences.<\/a><\/p>\n<p>Serviva propose r\u00e9guli\u00e8rement des formations et des ateliers sur diff\u00e9rents th\u00e8mes de la gestion de la propri\u00e9t\u00e9 intellectuelle.<\/p>\n<p><em>Nous attirons express\u00e9ment l&rsquo;attention sur le fait que Serviva ne fournit pas de conseils juridiques et que toutes les questions pertinentes doivent \u00eatre clarifi\u00e9es et \u00e9valu\u00e9es par des membres des professions de conseil juridique.<\/em><\/p>\n<\/div><\/section><\/div><\/div><\/div><\/div><!-- close content main div --><\/div><div class='av-extra-border-element border-extra-arrow-down'><div class='av-extra-border-outer'><div class='av-extra-border-inner'><\/div><\/div><\/div><\/div>\n<style type=\"text\/css\" data-created_by=\"avia_inline_auto\" id=\"style-css-av-b104g6-1fe9ed81a0df6ad10835ba811fee6ab6\">\n.avia-section.av-b104g6-1fe9ed81a0df6ad10835ba811fee6ab6{\nbackground-repeat:no-repeat;\nbackground-image:url(https:\/\/serviva.com\/wp-content\/uploads\/2019\/02\/kontakt-hintergrund-1500x1238.jpg);\nbackground-position:50% 0%;\nbackground-attachment:fixed;\n}\n.avia-section.av-b104g6-1fe9ed81a0df6ad10835ba811fee6ab6 .av-section-color-overlay{\nopacity:0.6;\nbackground-color:#005da4;\n}\n<\/style>\n<div id='av_section_4'  class='avia-section av-b104g6-1fe9ed81a0df6ad10835ba811fee6ab6 main_color avia-section-default avia-no-border-styling  avia-builder-el-19  el_after_av_section  avia-builder-el-last  avia-full-stretch avia-bg-style-fixed av-section-color-overlay-active container_wrap fullsize'  data-section-bg-repeat='stretch'><div class=\"av-section-color-overlay-wrap\"><div class=\"av-section-color-overlay\"><\/div><div class='container av-section-cont-open' ><div class='template-page content  av-content-full alpha units'><div class='post-entry post-entry-type-page post-entry-15239'><div class='entry-content-wrapper clearfix'>\n\n<style type=\"text\/css\" data-created_by=\"avia_inline_auto\" id=\"style-css-av-lumrdltc-8ded4a9e8b6a00f5c3fec23feda26765\">\n#top .av-special-heading.av-lumrdltc-8ded4a9e8b6a00f5c3fec23feda26765{\npadding-bottom:10px;\ncolor:#ffffff;\nfont-size:28px;\n}\nbody .av-special-heading.av-lumrdltc-8ded4a9e8b6a00f5c3fec23feda26765 .av-special-heading-tag .heading-char{\nfont-size:25px;\n}\n#top #wrap_all .av-special-heading.av-lumrdltc-8ded4a9e8b6a00f5c3fec23feda26765 .av-special-heading-tag{\nfont-size:28px;\n}\n.av-special-heading.av-lumrdltc-8ded4a9e8b6a00f5c3fec23feda26765 .special-heading-inner-border{\nborder-color:#ffffff;\n}\n.av-special-heading.av-lumrdltc-8ded4a9e8b6a00f5c3fec23feda26765 .av-subheading{\nfont-size:15px;\n}\n\n@media only screen and (min-width: 480px) and (max-width: 767px){ \n#top #wrap_all .av-special-heading.av-lumrdltc-8ded4a9e8b6a00f5c3fec23feda26765 .av-special-heading-tag{\nfont-size:0.8em;\n}\n}\n\n@media only screen and (max-width: 479px){ \n#top #wrap_all .av-special-heading.av-lumrdltc-8ded4a9e8b6a00f5c3fec23feda26765 .av-special-heading-tag{\nfont-size:0.8em;\n}\n}\n<\/style>\n<div  class='av-special-heading av-lumrdltc-8ded4a9e8b6a00f5c3fec23feda26765 av-special-heading-h3 custom-color-heading blockquote modern-quote modern-centered  avia-builder-el-20  el_before_av_textblock  avia-builder-el-first  av-inherit-size'><h3 class='av-special-heading-tag'  itemprop=\"headline\"  >Veuillez nous contacter<\/h3><div class=\"special-heading-border\"><div class=\"special-heading-inner-border\"><\/div><\/div><\/div>\n\n<style type=\"text\/css\" data-created_by=\"avia_inline_auto\" id=\"style-css-av-jraspvq9-a350c2799b85d9bf32a40158f7d67746\">\n#top .av_textblock_section.av-jraspvq9-a350c2799b85d9bf32a40158f7d67746 .avia_textblock{\ncolor:#ffffff;\n}\n<\/style>\n<section  class='av_textblock_section av-jraspvq9-a350c2799b85d9bf32a40158f7d67746 '   itemscope=\"itemscope\" itemtype=\"https:\/\/schema.org\/CreativeWork\" ><div class='avia_textblock av_inherit_color'  itemprop=\"text\" ><p style=\"text-align: center;\">T\u00e9l\u00e9phone : +49 30 \/ 8877 1300<\/p>\n<\/div><\/section>\n\n<style type=\"text\/css\" data-created_by=\"avia_inline_auto\" id=\"style-css-av-jnlwuw1u-122bbf44d8850ab2baa153577485ba8d\">\n#top .hr.av-jnlwuw1u-122bbf44d8850ab2baa153577485ba8d{\nmargin-top:30px;\nmargin-bottom:30px;\n}\n.hr.av-jnlwuw1u-122bbf44d8850ab2baa153577485ba8d .hr-inner{\nwidth:150px;\nborder-color:#de952a;\n}\n<\/style>\n<div  class='hr av-jnlwuw1u-122bbf44d8850ab2baa153577485ba8d hr-custom  avia-builder-el-22  el_after_av_textblock  el_before_av_one_fourth  hr-center hr-icon-no'><span class='hr-inner inner-border-av-border-thin'><span class=\"hr-inner-style\"><\/span><\/span><\/div>\n\n<style type=\"text\/css\" data-created_by=\"avia_inline_auto\" id=\"style-css-av-6147qe-29a8695f18e5b8a5a0fcfe6cb7db6479\">\n.flex_column.av-6147qe-29a8695f18e5b8a5a0fcfe6cb7db6479{\nborder-radius:0px 0px 0px 0px;\npadding:0px 0px 0px 0px;\n}\n<\/style>\n<div  class='flex_column av-6147qe-29a8695f18e5b8a5a0fcfe6cb7db6479 av_one_fourth  avia-builder-el-23  el_after_av_hr  el_before_av_one_half  first flex_column_div av-zero-column-padding  '     ><\/div>\n<style type=\"text\/css\" data-created_by=\"avia_inline_auto\" id=\"style-css-av-4u6fl2-60270856d602e011f71e18760ff38e08\">\n.flex_column.av-4u6fl2-60270856d602e011f71e18760ff38e08{\nborder-radius:0px 0px 0px 0px;\npadding:0px 0px 0px 0px;\n}\n<\/style>\n<div  class='flex_column av-4u6fl2-60270856d602e011f71e18760ff38e08 av_one_half  avia-builder-el-24  el_after_av_one_fourth  el_before_av_one_fourth  flex_column_div av-zero-column-padding  '     ><\/div>\n<style type=\"text\/css\" data-created_by=\"avia_inline_auto\" id=\"style-css-av-34tpp2-acc3f46440009e5b102e2390f7275030\">\n.flex_column.av-34tpp2-acc3f46440009e5b102e2390f7275030{\nborder-radius:0px 0px 0px 0px;\npadding:0px 0px 0px 0px;\n}\n<\/style>\n<div  class='flex_column av-34tpp2-acc3f46440009e5b102e2390f7275030 av_one_fourth  avia-builder-el-26  el_after_av_one_half  avia-builder-el-last  flex_column_div av-zero-column-padding  '     ><\/div><\/p>\n","protected":false},"excerpt":{"rendered":"","protected":false},"author":5,"featured_media":0,"parent":14905,"menu_order":0,"comment_status":"closed","ping_status":"closed","template":"","meta":{"footnotes":""},"class_list":["post-15239","page","type-page","status-publish","hentry"],"_links":{"self":[{"href":"https:\/\/serviva.com\/fr\/wp-json\/wp\/v2\/pages\/15239","targetHints":{"allow":["GET"]}}],"collection":[{"href":"https:\/\/serviva.com\/fr\/wp-json\/wp\/v2\/pages"}],"about":[{"href":"https:\/\/serviva.com\/fr\/wp-json\/wp\/v2\/types\/page"}],"author":[{"embeddable":true,"href":"https:\/\/serviva.com\/fr\/wp-json\/wp\/v2\/users\/5"}],"replies":[{"embeddable":true,"href":"https:\/\/serviva.com\/fr\/wp-json\/wp\/v2\/comments?post=15239"}],"version-history":[{"count":7,"href":"https:\/\/serviva.com\/fr\/wp-json\/wp\/v2\/pages\/15239\/revisions"}],"predecessor-version":[{"id":17073,"href":"https:\/\/serviva.com\/fr\/wp-json\/wp\/v2\/pages\/15239\/revisions\/17073"}],"up":[{"embeddable":true,"href":"https:\/\/serviva.com\/fr\/wp-json\/wp\/v2\/pages\/14905"}],"wp:attachment":[{"href":"https:\/\/serviva.com\/fr\/wp-json\/wp\/v2\/media?parent=15239"}],"curies":[{"name":"wp","href":"https:\/\/api.w.org\/{rel}","templated":true}]}}