{"id":15266,"date":"2023-12-19T09:21:00","date_gmt":"2023-12-19T08:21:00","guid":{"rendered":"https:\/\/serviva.com\/?page_id=15266"},"modified":"2023-12-20T10:31:56","modified_gmt":"2023-12-20T09:31:56","slug":"coaching-pour-les-petites-et-moyennes-entreprises","status":"publish","type":"page","link":"https:\/\/serviva.com\/fr\/services\/conseil\/coaching-pour-les-petites-et-moyennes-entreprises\/","title":{"rendered":"Coaching pour les petites et moyennes entreprises"},"content":{"rendered":"\n<style type=\"text\/css\" data-created_by=\"avia_inline_auto\" id=\"style-css-av-jnlwqzhr-5e230fa8429acdd64d88aa9bcba200ae\">\n.avia-section.av-jnlwqzhr-5e230fa8429acdd64d88aa9bcba200ae{\nbackground-repeat:no-repeat;\nbackground-image:url(https:\/\/serviva.com\/wp-content\/uploads\/2018\/10\/coaching-f\u00fcr-kmu-header-1000x430.jpg);\nbackground-position:50% 0%;\nbackground-attachment:scroll;\n}\n.avia-section.av-jnlwqzhr-5e230fa8429acdd64d88aa9bcba200ae .av-section-color-overlay{\nopacity:0.6;\nbackground-color:#005da4;\n}\n<\/style>\n<div id='av_section_1'  class='avia-section av-jnlwqzhr-5e230fa8429acdd64d88aa9bcba200ae main_color avia-section-small avia-no-shadow  avia-builder-el-0  el_before_av_section  avia-builder-el-first  avia-full-stretch avia-bg-style-scroll av-section-color-overlay-active container_wrap fullsize'  data-section-bg-repeat='stretch'><div class=\"av-section-color-overlay-wrap\"><div class=\"av-section-color-overlay\"><\/div><div class='container av-section-cont-open' ><main  role=\"main\" itemprop=\"mainContentOfPage\"  class='template-page content  av-content-full alpha units'><div class='post-entry post-entry-type-page post-entry-15266'><div class='entry-content-wrapper clearfix'>\n\n<style type=\"text\/css\" data-created_by=\"avia_inline_auto\" id=\"style-css-av-jnncd6zh-ce8d5d3b15b747cb07bc6689a9129afa\">\n#top .flex_column.av-jnncd6zh-ce8d5d3b15b747cb07bc6689a9129afa{\nmargin-top:20px;\nmargin-bottom:20px;\n}\n.flex_column.av-jnncd6zh-ce8d5d3b15b747cb07bc6689a9129afa{\nborder-radius:0px 0px 0px 0px;\npadding:0px 0px 0px 0px;\n}\n.responsive #top #wrap_all .flex_column.av-jnncd6zh-ce8d5d3b15b747cb07bc6689a9129afa{\nmargin-top:20px;\nmargin-bottom:20px;\n}\n<\/style>\n<div  class='flex_column av-jnncd6zh-ce8d5d3b15b747cb07bc6689a9129afa av_one_full  avia-builder-el-1  el_before_av_one_full  avia-builder-el-first  first flex_column_div av-zero-column-padding  '     ><style type=\"text\/css\" data-created_by=\"avia_inline_auto\" id=\"style-css-av-jnn447zi-0b4f3647aa4224fc0319b02e56260663\">\n#top .av_textblock_section.av-jnn447zi-0b4f3647aa4224fc0319b02e56260663 .avia_textblock{\nfont-size:12px;\ncolor:#ffffff;\n}\n<\/style>\n<section  class='av_textblock_section av-jnn447zi-0b4f3647aa4224fc0319b02e56260663 '   itemscope=\"itemscope\" itemtype=\"https:\/\/schema.org\/CreativeWork\" ><div class='avia_textblock av_inherit_color'  itemprop=\"text\" ><div class=\"breadcrumb breadcrumbs avia-breadcrumbs\"><div class=\"breadcrumb-trail\" ><span class=\"trail-before\"><span class=\"breadcrumb-title\">Vous \u00eates ici :<\/span><\/span> <span  itemscope=\"itemscope\" itemtype=\"https:\/\/schema.org\/BreadcrumbList\" ><span  itemscope=\"itemscope\" itemtype=\"https:\/\/schema.org\/ListItem\" itemprop=\"itemListElement\" ><a itemprop=\"url\" href=\"https:\/\/serviva.com\/fr\/\" title=\"SERVIVA\" rel=\"home\" class=\"trail-begin\"><span itemprop=\"name\">Accueil<\/span><\/a><span itemprop=\"position\" class=\"hidden\">1<\/span><\/span><\/span><\/div><\/div>\n<\/div><\/section><\/div>\n<style type=\"text\/css\" data-created_by=\"avia_inline_auto\" id=\"style-css-av-jnncgdgr-c73e68569c2a8675dfc191e7b7f00726\">\n#top .flex_column.av-jnncgdgr-c73e68569c2a8675dfc191e7b7f00726{\nmargin-top:40px;\nmargin-bottom:20px;\n}\n.flex_column.av-jnncgdgr-c73e68569c2a8675dfc191e7b7f00726{\nborder-radius:0px 0px 0px 0px;\npadding:0px 0px 0px 0px;\n}\n.responsive #top #wrap_all .flex_column.av-jnncgdgr-c73e68569c2a8675dfc191e7b7f00726{\nmargin-top:40px;\nmargin-bottom:20px;\n}\n<\/style>\n<div  class='flex_column av-jnncgdgr-c73e68569c2a8675dfc191e7b7f00726 av_one_full  avia-builder-el-3  el_after_av_one_full  avia-builder-el-last  first flex_column_div av-zero-column-padding  column-top-margin'     ><p>\n<style type=\"text\/css\" data-created_by=\"avia_inline_auto\" id=\"style-css-av-lqc2pg5e-c9a7a72ffec3c4a2fad1e8bc27d1602b\">\n#top .av-special-heading.av-lqc2pg5e-c9a7a72ffec3c4a2fad1e8bc27d1602b{\nmargin:20px 0 0 0;\npadding-bottom:10px;\ncolor:#ffffff;\nfont-size:40px;\n}\nbody .av-special-heading.av-lqc2pg5e-c9a7a72ffec3c4a2fad1e8bc27d1602b .av-special-heading-tag .heading-char{\nfont-size:25px;\n}\n#top #wrap_all .av-special-heading.av-lqc2pg5e-c9a7a72ffec3c4a2fad1e8bc27d1602b .av-special-heading-tag{\nfont-size:40px;\n}\n.av-special-heading.av-lqc2pg5e-c9a7a72ffec3c4a2fad1e8bc27d1602b .special-heading-inner-border{\nborder-color:#ffffff;\n}\n.av-special-heading.av-lqc2pg5e-c9a7a72ffec3c4a2fad1e8bc27d1602b .av-subheading{\nfont-size:16px;\n}\n\n@media only screen and (min-width: 480px) and (max-width: 767px){ \n#top #wrap_all .av-special-heading.av-lqc2pg5e-c9a7a72ffec3c4a2fad1e8bc27d1602b .av-special-heading-tag{\nfont-size:0.8em;\n}\n}\n\n@media only screen and (max-width: 479px){ \n#top #wrap_all .av-special-heading.av-lqc2pg5e-c9a7a72ffec3c4a2fad1e8bc27d1602b .av-special-heading-tag{\nfont-size:0.8em;\n}\n}\n<\/style>\n<div  class='av-special-heading av-lqc2pg5e-c9a7a72ffec3c4a2fad1e8bc27d1602b av-special-heading-h1 custom-color-heading blockquote modern-quote modern-centered  avia-builder-el-4  el_before_av_hr  avia-builder-el-first  av-inherit-size'><h1 class='av-special-heading-tag'  itemprop=\"headline\"  >Coaching pour les petites et moyennes entreprises<\/h1><div class='av_custom_color av-subheading av-subheading_below'><p>Coaching sur les strat\u00e9gies en mati\u00e8re de brevets et d&rsquo;affaires<\/p>\n<\/div><div class=\"special-heading-border\"><div class=\"special-heading-inner-border\"><\/div><\/div><\/div><br \/>\n\n<style type=\"text\/css\" data-created_by=\"avia_inline_auto\" id=\"style-css-av-jr95s9pe-6db23b96b8199ad9eb880982dc54df09\">\n#top .hr.av-jr95s9pe-6db23b96b8199ad9eb880982dc54df09{\nmargin-top:30px;\nmargin-bottom:5px;\n}\n.hr.av-jr95s9pe-6db23b96b8199ad9eb880982dc54df09 .hr-inner{\nwidth:150px;\nborder-color:#de952a;\n}\n<\/style>\n<div  class='hr av-jr95s9pe-6db23b96b8199ad9eb880982dc54df09 hr-custom  avia-builder-el-5  el_after_av_heading  avia-builder-el-last  hr-center hr-icon-no'><span class='hr-inner inner-border-av-border-thin'><span class=\"hr-inner-style\"><\/span><\/span><\/div><\/p><\/div>\n\n<\/div><\/div><\/main><!-- close content main element --><\/div><\/div><\/div>\n<style type=\"text\/css\" data-created_by=\"avia_inline_auto\" id=\"style-css-av-jnlwxlf0-2c3d741ab993f2fbe68dde4cc4fbc234\">\n.avia-section.av-jnlwxlf0-2c3d741ab993f2fbe68dde4cc4fbc234 .av-extra-border-element .av-extra-border-inner{\nbackground-color:#ffffff;\n}\n<\/style>\n<div id='av_section_2'  class='avia-section av-jnlwxlf0-2c3d741ab993f2fbe68dde4cc4fbc234 main_color avia-section-default avia-no-border-styling  avia-builder-el-6  el_after_av_section  el_before_av_section  avia-bg-style-scroll av-arrow-down-section container_wrap fullsize'  ><div class='container av-section-cont-open' ><div class='template-page content  av-content-full alpha units'><div class='post-entry post-entry-type-page post-entry-15266'><div class='entry-content-wrapper clearfix'>\n\n<style type=\"text\/css\" data-created_by=\"avia_inline_auto\" id=\"style-css-av-7l23qe-2cf6526f334418e3911b3c6cd81d536f\">\n.flex_column.av-7l23qe-2cf6526f334418e3911b3c6cd81d536f{\nborder-radius:0px 0px 0px 0px;\npadding:0px 0px 0px 0px;\n}\n<\/style>\n<div  class='flex_column av-7l23qe-2cf6526f334418e3911b3c6cd81d536f av_two_third  avia-builder-el-7  el_before_av_one_third  avia-builder-el-first  first flex_column_div av-zero-column-padding  '     ><section  class='av_textblock_section av-jnlwxz5d-f1a57a50293280d3731c9cb161ed7ffb '   itemscope=\"itemscope\" itemtype=\"https:\/\/schema.org\/CreativeWork\" ><div class='avia_textblock'  itemprop=\"text\" ><p>En tant que PDG d&rsquo;une entreprise technologique, vous devez prendre de nombreuses d\u00e9cisions d&rsquo;une grande port\u00e9e.<\/p>\n<p>Souvent, il manque un \u00ab\u00a0sparring partner\u00a0\u00bb ad\u00e9quat pour affiner vos propres \u00e9valuations. Les consultants de Serviva peuvent notamment vous aider \u00e0 planifier et \u00e0 mettre en \u0153uvre votre strat\u00e9gie en mati\u00e8re de brevets et d&rsquo;affaires ?<\/p>\n<p>Les consultants de Serviva peuvent vous aider en particulier \u00e0 planifier et \u00e0 mettre en \u0153uvre votre strat\u00e9gie en mati\u00e8re de brevets et d&rsquo;affaires.<\/p>\n<p>Que vous envisagiez d&rsquo;exploiter \u00e9conomiquement votre invention dans le cadre d&rsquo;une start-up ou que vous recherchiez simplement un retour d&rsquo;information en vue d&rsquo;une orientation strat\u00e9gique future, le point de vue d&rsquo;un consultant externe comp\u00e9tent qui comprend \u00e0 la fois votre technologie et votre entreprise donne un \u00e9lan important \u00e0 l&rsquo;am\u00e9lioration durable de vos activit\u00e9s commerciales.<\/p>\n<\/div><\/section><\/div>\n<style type=\"text\/css\" data-created_by=\"avia_inline_auto\" id=\"style-css-av-6gxhk6-653c51fe39d332f00dbd9644ccb70db1\">\n.flex_column.av-6gxhk6-653c51fe39d332f00dbd9644ccb70db1{\nborder-radius:0px 0px 0px 0px;\npadding:0px 0px 0px 0px;\n}\n<\/style>\n<div  class='flex_column av-6gxhk6-653c51fe39d332f00dbd9644ccb70db1 av_one_third  avia-builder-el-9  el_after_av_two_third  avia-builder-el-last  flex_column_div av-zero-column-padding  '     ><style type=\"text\/css\" data-created_by=\"avia_inline_auto\" id=\"style-css-av-jnn38344-9f33d516b2511e5c0f216f4b436c5184\">\n.avia-image-container.av-jnn38344-9f33d516b2511e5c0f216f4b436c5184 img.avia_image{\nbox-shadow:none;\n}\n.avia-image-container.av-jnn38344-9f33d516b2511e5c0f216f4b436c5184 .av-image-caption-overlay-center{\ncolor:#ffffff;\n}\n<\/style>\n<div  class='avia-image-container av-jnn38344-9f33d516b2511e5c0f216f4b436c5184 av-styling-circle av-hover-grow avia_animated_image av-animated-when-visible-95 pop-up avia-align-center  avia-builder-el-10  avia-builder-el-no-sibling '   itemprop=\"image\" itemscope=\"itemscope\" itemtype=\"https:\/\/schema.org\/ImageObject\" ><div class=\"avia-image-container-inner\"><div class=\"avia-image-overlay-wrap\"><img decoding=\"async\" fetchpriority=\"high\" class=\"wp-image-5713 avia-img-lazy-loading-not-5713 avia_image \" src=\"https:\/\/serviva.com\/wp-content\/uploads\/2018\/10\/coaching-icon-1.jpg\" alt=\"\" title=\"Coaching Icon 1\" height=\"1000\" width=\"1000\" itemprop=\"thumbnailUrl\" srcset=\"https:\/\/serviva.com\/wp-content\/uploads\/2018\/10\/coaching-icon-1.jpg 1000w, https:\/\/serviva.com\/wp-content\/uploads\/2018\/10\/coaching-icon-1-80x80.jpg 80w, https:\/\/serviva.com\/wp-content\/uploads\/2018\/10\/coaching-icon-1-300x300.jpg 300w, https:\/\/serviva.com\/wp-content\/uploads\/2018\/10\/coaching-icon-1-768x768.jpg 768w, https:\/\/serviva.com\/wp-content\/uploads\/2018\/10\/coaching-icon-1-36x36.jpg 36w, https:\/\/serviva.com\/wp-content\/uploads\/2018\/10\/coaching-icon-1-180x180.jpg 180w, https:\/\/serviva.com\/wp-content\/uploads\/2018\/10\/coaching-icon-1-705x705.jpg 705w, https:\/\/serviva.com\/wp-content\/uploads\/2018\/10\/coaching-icon-1-120x120.jpg 120w, https:\/\/serviva.com\/wp-content\/uploads\/2018\/10\/coaching-icon-1-450x450.jpg 450w\" sizes=\"(max-width: 1000px) 100vw, 1000px\"><\/div><\/div><\/div><\/div>\n\n<\/div><\/div><\/div><!-- close content main div --><\/div><div class='av-extra-border-element border-extra-arrow-down'><div class='av-extra-border-outer'><div class='av-extra-border-inner'><\/div><\/div><\/div><\/div>\n<style type=\"text\/css\" data-created_by=\"avia_inline_auto\" id=\"style-css-av-jnlwxlf0-b69537c04a4a7717c93a478c05fdffb5\">\n.avia-section.av-jnlwxlf0-b69537c04a4a7717c93a478c05fdffb5{\nbackground-color:#f9f9f9;\nbackground-image:unset;\n}\n.avia-section.av-jnlwxlf0-b69537c04a4a7717c93a478c05fdffb5 .av-extra-border-element .av-extra-border-inner{\nbackground-color:#f9f9f9;\n}\n<\/style>\n<div id='av_section_3'  class='avia-section av-jnlwxlf0-b69537c04a4a7717c93a478c05fdffb5 main_color avia-section-default avia-no-border-styling  avia-builder-el-11  el_after_av_section  el_before_av_section  avia-bg-style-scroll av-arrow-down-section container_wrap fullsize'  ><div class='container av-section-cont-open' ><div class='template-page content  av-content-full alpha units'><div class='post-entry post-entry-type-page post-entry-15266'><div class='entry-content-wrapper clearfix'>\n\n<style type=\"text\/css\" data-created_by=\"avia_inline_auto\" id=\"style-css-av-av_heading-5f80db8e3695b9af26f3698a15b83fa4\">\n#top .av-special-heading.av-av_heading-5f80db8e3695b9af26f3698a15b83fa4{\npadding-bottom:10px;\nfont-size:28px;\n}\nbody .av-special-heading.av-av_heading-5f80db8e3695b9af26f3698a15b83fa4 .av-special-heading-tag .heading-char{\nfont-size:25px;\n}\n#top #wrap_all .av-special-heading.av-av_heading-5f80db8e3695b9af26f3698a15b83fa4 .av-special-heading-tag{\nfont-size:28px;\n}\n.av-special-heading.av-av_heading-5f80db8e3695b9af26f3698a15b83fa4 .av-subheading{\nfont-size:15px;\n}\n\n@media only screen and (min-width: 480px) and (max-width: 767px){ \n#top #wrap_all .av-special-heading.av-av_heading-5f80db8e3695b9af26f3698a15b83fa4 .av-special-heading-tag{\nfont-size:0.8em;\n}\n}\n\n@media only screen and (max-width: 479px){ \n#top #wrap_all .av-special-heading.av-av_heading-5f80db8e3695b9af26f3698a15b83fa4 .av-special-heading-tag{\nfont-size:0.8em;\n}\n}\n<\/style>\n<div  class='av-special-heading av-av_heading-5f80db8e3695b9af26f3698a15b83fa4 av-special-heading-h2 custom-color-heading blockquote modern-quote modern-centered  avia-builder-el-12  el_before_av_hr  avia-builder-el-first  av-inherit-size'><h2 class='av-special-heading-tag'  itemprop=\"headline\"  >Le coaching comme aide \u00e0 l\u2019autonomie<\/h2><div class=\"special-heading-border\"><div class=\"special-heading-inner-border\"><\/div><\/div><\/div>\n\n<style type=\"text\/css\" data-created_by=\"avia_inline_auto\" id=\"style-css-av-jnlwuw1u-ef2f5b0c25333b2673df2a410575615e\">\n#top .hr.av-jnlwuw1u-ef2f5b0c25333b2673df2a410575615e{\nmargin-top:30px;\nmargin-bottom:30px;\n}\n.hr.av-jnlwuw1u-ef2f5b0c25333b2673df2a410575615e .hr-inner{\nwidth:50px;\nborder-color:#de952a;\n}\n<\/style>\n<div  class='hr av-jnlwuw1u-ef2f5b0c25333b2673df2a410575615e hr-custom  avia-builder-el-13  el_after_av_heading  el_before_av_one_third  hr-center hr-icon-no'><span class='hr-inner inner-border-av-border-thin'><span class=\"hr-inner-style\"><\/span><\/span><\/div>\n\n<style type=\"text\/css\" data-created_by=\"avia_inline_auto\" id=\"style-css-av-249wva-865a404befbfa260c79181b6d5e1e3ce\">\n.flex_column.av-249wva-865a404befbfa260c79181b6d5e1e3ce{\nborder-radius:0px 0px 0px 0px;\npadding:0px 0px 0px 0px;\n}\n<\/style>\n<div  class='flex_column av-249wva-865a404befbfa260c79181b6d5e1e3ce av_one_third  avia-builder-el-14  el_after_av_hr  el_before_av_two_third  first flex_column_div av-zero-column-padding  '     ><style type=\"text\/css\" data-created_by=\"avia_inline_auto\" id=\"style-css-av-jnn38xlj-b167ede5b0625722e09358e031ede1b3\">\n.avia-image-container.av-jnn38xlj-b167ede5b0625722e09358e031ede1b3 img.avia_image{\nbox-shadow:none;\n}\n.avia-image-container.av-jnn38xlj-b167ede5b0625722e09358e031ede1b3 .av-image-caption-overlay-center{\ncolor:#ffffff;\n}\n<\/style>\n<div  class='avia-image-container av-jnn38xlj-b167ede5b0625722e09358e031ede1b3 av-styling-circle av-hover-grow avia_animated_image av-animated-when-visible-95 pop-up avia-align-center  avia-builder-el-15  avia-builder-el-no-sibling '   itemprop=\"image\" itemscope=\"itemscope\" itemtype=\"https:\/\/schema.org\/ImageObject\" ><div class=\"avia-image-container-inner\"><div class=\"avia-image-overlay-wrap\"><img decoding=\"async\" fetchpriority=\"high\" class=\"wp-image-5711 avia-img-lazy-loading-not-5711 avia_image \" src=\"https:\/\/serviva.com\/wp-content\/uploads\/2018\/10\/coaching-icon-2.jpg\" alt=\"\" title=\"Coaching Icon 2\" height=\"1000\" width=\"1000\" itemprop=\"thumbnailUrl\" srcset=\"https:\/\/serviva.com\/wp-content\/uploads\/2018\/10\/coaching-icon-2.jpg 1000w, https:\/\/serviva.com\/wp-content\/uploads\/2018\/10\/coaching-icon-2-80x80.jpg 80w, https:\/\/serviva.com\/wp-content\/uploads\/2018\/10\/coaching-icon-2-300x300.jpg 300w, https:\/\/serviva.com\/wp-content\/uploads\/2018\/10\/coaching-icon-2-768x768.jpg 768w, https:\/\/serviva.com\/wp-content\/uploads\/2018\/10\/coaching-icon-2-36x36.jpg 36w, https:\/\/serviva.com\/wp-content\/uploads\/2018\/10\/coaching-icon-2-180x180.jpg 180w, https:\/\/serviva.com\/wp-content\/uploads\/2018\/10\/coaching-icon-2-705x705.jpg 705w, https:\/\/serviva.com\/wp-content\/uploads\/2018\/10\/coaching-icon-2-120x120.jpg 120w, https:\/\/serviva.com\/wp-content\/uploads\/2018\/10\/coaching-icon-2-450x450.jpg 450w\" sizes=\"(max-width: 1000px) 100vw, 1000px\"><\/div><\/div><\/div><\/div>\n<style type=\"text\/css\" data-created_by=\"avia_inline_auto\" id=\"style-css-av-4pejba-ca84fdbf387c915e01a78ad9bc19c788\">\n.flex_column.av-4pejba-ca84fdbf387c915e01a78ad9bc19c788{\nborder-radius:0px 0px 0px 0px;\npadding:0px 0px 0px 0px;\n}\n<\/style>\n<div  class='flex_column av-4pejba-ca84fdbf387c915e01a78ad9bc19c788 av_two_third  avia-builder-el-16  el_after_av_one_third  avia-builder-el-last  flex_column_div av-zero-column-padding  '     ><section  class='av_textblock_section av-jnlwxz5d-f1a57a50293280d3731c9cb161ed7ffb '   itemscope=\"itemscope\" itemtype=\"https:\/\/schema.org\/CreativeWork\" ><div class='avia_textblock'  itemprop=\"text\" ><p>Les questions relatives \u00e0 la protection de la propri\u00e9t\u00e9 intellectuelle, en particulier la d\u00e9finition et la mise en \u0153uvre d&rsquo;une strat\u00e9gie de <a href=\"https:\/\/serviva.com\/fr\/services\/conseil\/ip-strategy-consulting\/\">propri\u00e9t\u00e9 intellectuelle<\/a> appropri\u00e9e, sont au c\u0153ur de nos conseils. Bien entendu, nous vous soutenons \u00e9galement dans les questions de gestion et de financement.<\/p>\n<p>Bien entendu, nous vous assistons \u00e9galement dans les questions de gestion et de financement de votre entreprise.<\/p>\n<p>Prenez contact avec nous. Nous nous ferons un plaisir de v\u00e9rifier avec vous si vous remplissez les conditions du programme de financement de l&rsquo;OMPI.<\/p>\n<p>Celui-ci vous permet de b\u00e9n\u00e9ficier d&rsquo;une subvention pouvant aller jusqu&rsquo;\u00e0 50 % pour les services de soutien mentionn\u00e9s.<\/p>\n<\/div><\/section><\/div><\/div><\/div><\/div><!-- close content main div --><\/div><div class='av-extra-border-element border-extra-arrow-down'><div class='av-extra-border-outer'><div class='av-extra-border-inner'><\/div><\/div><\/div><\/div>\n<style type=\"text\/css\" data-created_by=\"avia_inline_auto\" id=\"style-css-av-b104g6-1fe9ed81a0df6ad10835ba811fee6ab6\">\n.avia-section.av-b104g6-1fe9ed81a0df6ad10835ba811fee6ab6{\nbackground-repeat:no-repeat;\nbackground-image:url(https:\/\/serviva.com\/wp-content\/uploads\/2019\/02\/kontakt-hintergrund-1500x1238.jpg);\nbackground-position:50% 0%;\nbackground-attachment:fixed;\n}\n.avia-section.av-b104g6-1fe9ed81a0df6ad10835ba811fee6ab6 .av-section-color-overlay{\nopacity:0.6;\nbackground-color:#005da4;\n}\n<\/style>\n<div id='av_section_4'  class='avia-section av-b104g6-1fe9ed81a0df6ad10835ba811fee6ab6 main_color avia-section-default avia-no-border-styling  avia-builder-el-18  el_after_av_section  avia-builder-el-last  avia-full-stretch avia-bg-style-fixed av-section-color-overlay-active container_wrap fullsize'  data-section-bg-repeat='stretch'><div class=\"av-section-color-overlay-wrap\"><div class=\"av-section-color-overlay\"><\/div><div class='container av-section-cont-open' ><div class='template-page content  av-content-full alpha units'><div class='post-entry post-entry-type-page post-entry-15266'><div class='entry-content-wrapper clearfix'>\n\n<style type=\"text\/css\" data-created_by=\"avia_inline_auto\" id=\"style-css-av-lqc2rdc5-80ef135b5b1407e33b393b69759d492f\">\n#top .av-special-heading.av-lqc2rdc5-80ef135b5b1407e33b393b69759d492f{\npadding-bottom:10px;\ncolor:#ffffff;\nfont-size:28px;\n}\nbody .av-special-heading.av-lqc2rdc5-80ef135b5b1407e33b393b69759d492f .av-special-heading-tag .heading-char{\nfont-size:25px;\n}\n#top #wrap_all .av-special-heading.av-lqc2rdc5-80ef135b5b1407e33b393b69759d492f .av-special-heading-tag{\nfont-size:28px;\n}\n.av-special-heading.av-lqc2rdc5-80ef135b5b1407e33b393b69759d492f .special-heading-inner-border{\nborder-color:#ffffff;\n}\n.av-special-heading.av-lqc2rdc5-80ef135b5b1407e33b393b69759d492f .av-subheading{\nfont-size:15px;\n}\n\n@media only screen and (min-width: 480px) and (max-width: 767px){ \n#top #wrap_all .av-special-heading.av-lqc2rdc5-80ef135b5b1407e33b393b69759d492f .av-special-heading-tag{\nfont-size:0.8em;\n}\n}\n\n@media only screen and (max-width: 479px){ \n#top #wrap_all .av-special-heading.av-lqc2rdc5-80ef135b5b1407e33b393b69759d492f .av-special-heading-tag{\nfont-size:0.8em;\n}\n}\n<\/style>\n<div  class='av-special-heading av-lqc2rdc5-80ef135b5b1407e33b393b69759d492f av-special-heading-h3 custom-color-heading blockquote modern-quote modern-centered  avia-builder-el-19  el_before_av_textblock  avia-builder-el-first  av-inherit-size'><h3 class='av-special-heading-tag'  itemprop=\"headline\"  >Veuillez nous contacter<\/h3><div class=\"special-heading-border\"><div class=\"special-heading-inner-border\"><\/div><\/div><\/div>\n\n<style type=\"text\/css\" data-created_by=\"avia_inline_auto\" id=\"style-css-av-jraspvq9-a350c2799b85d9bf32a40158f7d67746\">\n#top .av_textblock_section.av-jraspvq9-a350c2799b85d9bf32a40158f7d67746 .avia_textblock{\ncolor:#ffffff;\n}\n<\/style>\n<section  class='av_textblock_section av-jraspvq9-a350c2799b85d9bf32a40158f7d67746 '   itemscope=\"itemscope\" itemtype=\"https:\/\/schema.org\/CreativeWork\" ><div class='avia_textblock av_inherit_color'  itemprop=\"text\" ><p style=\"text-align: center;\">Personne de contact : Dr. Lars Zanzig<br \/>\nT\u00e9l\u00e9phone : +49 30 \/ 8877 1300<\/p>\n<\/div><\/section>\n\n<style type=\"text\/css\" data-created_by=\"avia_inline_auto\" id=\"style-css-av-jnlwuw1u-122bbf44d8850ab2baa153577485ba8d\">\n#top .hr.av-jnlwuw1u-122bbf44d8850ab2baa153577485ba8d{\nmargin-top:30px;\nmargin-bottom:30px;\n}\n.hr.av-jnlwuw1u-122bbf44d8850ab2baa153577485ba8d .hr-inner{\nwidth:150px;\nborder-color:#de952a;\n}\n<\/style>\n<div  class='hr av-jnlwuw1u-122bbf44d8850ab2baa153577485ba8d hr-custom  avia-builder-el-21  el_after_av_textblock  el_before_av_one_fourth  hr-center hr-icon-no'><span class='hr-inner inner-border-av-border-thin'><span class=\"hr-inner-style\"><\/span><\/span><\/div>\n\n<style type=\"text\/css\" data-created_by=\"avia_inline_auto\" id=\"style-css-av-6147qe-29a8695f18e5b8a5a0fcfe6cb7db6479\">\n.flex_column.av-6147qe-29a8695f18e5b8a5a0fcfe6cb7db6479{\nborder-radius:0px 0px 0px 0px;\npadding:0px 0px 0px 0px;\n}\n<\/style>\n<div  class='flex_column av-6147qe-29a8695f18e5b8a5a0fcfe6cb7db6479 av_one_fourth  avia-builder-el-22  el_after_av_hr  el_before_av_one_half  first flex_column_div av-zero-column-padding  '     ><\/div>\n<style type=\"text\/css\" data-created_by=\"avia_inline_auto\" id=\"style-css-av-4u6fl2-60270856d602e011f71e18760ff38e08\">\n.flex_column.av-4u6fl2-60270856d602e011f71e18760ff38e08{\nborder-radius:0px 0px 0px 0px;\npadding:0px 0px 0px 0px;\n}\n<\/style>\n<div  class='flex_column av-4u6fl2-60270856d602e011f71e18760ff38e08 av_one_half  avia-builder-el-23  el_after_av_one_fourth  el_before_av_one_fourth  flex_column_div av-zero-column-padding  '     ><\/div>\n<style type=\"text\/css\" data-created_by=\"avia_inline_auto\" id=\"style-css-av-34tpp2-acc3f46440009e5b102e2390f7275030\">\n.flex_column.av-34tpp2-acc3f46440009e5b102e2390f7275030{\nborder-radius:0px 0px 0px 0px;\npadding:0px 0px 0px 0px;\n}\n<\/style>\n<div  class='flex_column av-34tpp2-acc3f46440009e5b102e2390f7275030 av_one_fourth  avia-builder-el-25  el_after_av_one_half  avia-builder-el-last  flex_column_div av-zero-column-padding  '     ><\/div>\n<\/p>\n","protected":false},"excerpt":{"rendered":"","protected":false},"author":5,"featured_media":0,"parent":15239,"menu_order":0,"comment_status":"closed","ping_status":"closed","template":"","meta":{"footnotes":""},"class_list":["post-15266","page","type-page","status-publish","hentry"],"_links":{"self":[{"href":"https:\/\/serviva.com\/fr\/wp-json\/wp\/v2\/pages\/15266","targetHints":{"allow":["GET"]}}],"collection":[{"href":"https:\/\/serviva.com\/fr\/wp-json\/wp\/v2\/pages"}],"about":[{"href":"https:\/\/serviva.com\/fr\/wp-json\/wp\/v2\/types\/page"}],"author":[{"embeddable":true,"href":"https:\/\/serviva.com\/fr\/wp-json\/wp\/v2\/users\/5"}],"replies":[{"embeddable":true,"href":"https:\/\/serviva.com\/fr\/wp-json\/wp\/v2\/comments?post=15266"}],"version-history":[{"count":4,"href":"https:\/\/serviva.com\/fr\/wp-json\/wp\/v2\/pages\/15266\/revisions"}],"predecessor-version":[{"id":15680,"href":"https:\/\/serviva.com\/fr\/wp-json\/wp\/v2\/pages\/15266\/revisions\/15680"}],"up":[{"embeddable":true,"href":"https:\/\/serviva.com\/fr\/wp-json\/wp\/v2\/pages\/15239"}],"wp:attachment":[{"href":"https:\/\/serviva.com\/fr\/wp-json\/wp\/v2\/media?parent=15266"}],"curies":[{"name":"wp","href":"https:\/\/api.w.org\/{rel}","templated":true}]}}