{"id":15321,"date":"2023-12-19T09:54:43","date_gmt":"2023-12-19T08:54:43","guid":{"rendered":"https:\/\/serviva.com\/?page_id=15321"},"modified":"2023-12-19T09:54:43","modified_gmt":"2023-12-19T08:54:43","slug":"evaluation-monetaire-des-marques","status":"publish","type":"page","link":"https:\/\/serviva.com\/fr\/services\/evaluation-de-lip\/evaluation-monetaire-des-marques\/","title":{"rendered":"\u00c9valuation mon\u00e9taire des marques"},"content":{"rendered":"\n<style type=\"text\/css\" data-created_by=\"avia_inline_auto\" id=\"style-css-av-jnlwqzhr-5138fa63ce3411b21d3b3a9bb3b12760\">\n.avia-section.av-jnlwqzhr-5138fa63ce3411b21d3b3a9bb3b12760{\nbackground-repeat:no-repeat;\nbackground-image:url(https:\/\/serviva.com\/wp-content\/uploads\/2019\/01\/monetaere-bewertung-von-marken-header.jpg);\nbackground-position:50% 0%;\nbackground-attachment:scroll;\n}\n.avia-section.av-jnlwqzhr-5138fa63ce3411b21d3b3a9bb3b12760 .av-section-color-overlay{\nopacity:0.6;\nbackground-color:#005da4;\n}\n<\/style>\n<div id='av_section_1'  class='avia-section av-jnlwqzhr-5138fa63ce3411b21d3b3a9bb3b12760 main_color avia-section-small avia-no-shadow  avia-builder-el-0  el_before_av_section  avia-builder-el-first  avia-full-stretch avia-bg-style-scroll av-section-color-overlay-active container_wrap fullsize'  data-section-bg-repeat='stretch'><div class=\"av-section-color-overlay-wrap\"><div class=\"av-section-color-overlay\"><\/div><div class='container av-section-cont-open' ><main  role=\"main\" itemprop=\"mainContentOfPage\"  class='template-page content  av-content-full alpha units'><div class='post-entry post-entry-type-page post-entry-15321'><div class='entry-content-wrapper clearfix'>\n\n<style type=\"text\/css\" data-created_by=\"avia_inline_auto\" id=\"style-css-av-jnncd6zh-ce8d5d3b15b747cb07bc6689a9129afa\">\n#top .flex_column.av-jnncd6zh-ce8d5d3b15b747cb07bc6689a9129afa{\nmargin-top:20px;\nmargin-bottom:20px;\n}\n.flex_column.av-jnncd6zh-ce8d5d3b15b747cb07bc6689a9129afa{\nborder-radius:0px 0px 0px 0px;\npadding:0px 0px 0px 0px;\n}\n.responsive #top #wrap_all .flex_column.av-jnncd6zh-ce8d5d3b15b747cb07bc6689a9129afa{\nmargin-top:20px;\nmargin-bottom:20px;\n}\n<\/style>\n<div  class='flex_column av-jnncd6zh-ce8d5d3b15b747cb07bc6689a9129afa av_one_full  avia-builder-el-1  el_before_av_one_full  avia-builder-el-first  first flex_column_div av-zero-column-padding  '     ><style type=\"text\/css\" data-created_by=\"avia_inline_auto\" id=\"style-css-av-jnn447zi-0b4f3647aa4224fc0319b02e56260663\">\n#top .av_textblock_section.av-jnn447zi-0b4f3647aa4224fc0319b02e56260663 .avia_textblock{\nfont-size:12px;\ncolor:#ffffff;\n}\n<\/style>\n<section  class='av_textblock_section av-jnn447zi-0b4f3647aa4224fc0319b02e56260663 '   itemscope=\"itemscope\" itemtype=\"https:\/\/schema.org\/CreativeWork\" ><div class='avia_textblock av_inherit_color'  itemprop=\"text\" ><div class=\"breadcrumb breadcrumbs avia-breadcrumbs\"><div class=\"breadcrumb-trail\" ><span class=\"trail-before\"><span class=\"breadcrumb-title\">Vous \u00eates ici :<\/span><\/span> <span  itemscope=\"itemscope\" itemtype=\"https:\/\/schema.org\/BreadcrumbList\" ><span  itemscope=\"itemscope\" itemtype=\"https:\/\/schema.org\/ListItem\" itemprop=\"itemListElement\" ><a itemprop=\"url\" href=\"https:\/\/serviva.com\/fr\/\" title=\"SERVIVA\" rel=\"home\" class=\"trail-begin\"><span itemprop=\"name\">Accueil<\/span><\/a><span itemprop=\"position\" class=\"hidden\">1<\/span><\/span><\/span><\/div><\/div>\n<\/div><\/section><\/div>\n<style type=\"text\/css\" data-created_by=\"avia_inline_auto\" id=\"style-css-av-jnncgdgr-22a6cf07b567335702e05a08ad9dc25b\">\n#top .flex_column.av-jnncgdgr-22a6cf07b567335702e05a08ad9dc25b{\nmargin-top:1px;\nmargin-bottom:1px;\n}\n.flex_column.av-jnncgdgr-22a6cf07b567335702e05a08ad9dc25b{\nborder-radius:0px 0px 0px 0px;\npadding:0px 0px 0px 0px;\n}\n.responsive #top #wrap_all .flex_column.av-jnncgdgr-22a6cf07b567335702e05a08ad9dc25b{\nmargin-top:1px;\nmargin-bottom:1px;\n}\n<\/style>\n<div  class='flex_column av-jnncgdgr-22a6cf07b567335702e05a08ad9dc25b av_one_full  avia-builder-el-3  el_after_av_one_full  avia-builder-el-last  first flex_column_div av-zero-column-padding  column-top-margin'     ><p>\n<style type=\"text\/css\" data-created_by=\"avia_inline_auto\" id=\"style-css-av-lqc3xbtn-5506f5267ca47057a988806a1d758baa\">\n#top .av-special-heading.av-lqc3xbtn-5506f5267ca47057a988806a1d758baa{\nmargin:20px 0 0 0;\npadding-bottom:10px;\ncolor:#ffffff;\nfont-size:40px;\n}\nbody .av-special-heading.av-lqc3xbtn-5506f5267ca47057a988806a1d758baa .av-special-heading-tag .heading-char{\nfont-size:25px;\n}\n#top #wrap_all .av-special-heading.av-lqc3xbtn-5506f5267ca47057a988806a1d758baa .av-special-heading-tag{\nfont-size:40px;\n}\n.av-special-heading.av-lqc3xbtn-5506f5267ca47057a988806a1d758baa .special-heading-inner-border{\nborder-color:#ffffff;\n}\n.av-special-heading.av-lqc3xbtn-5506f5267ca47057a988806a1d758baa .av-subheading{\nfont-size:16px;\n}\n\n@media only screen and (min-width: 480px) and (max-width: 767px){ \n#top #wrap_all .av-special-heading.av-lqc3xbtn-5506f5267ca47057a988806a1d758baa .av-special-heading-tag{\nfont-size:0.8em;\n}\n}\n\n@media only screen and (max-width: 479px){ \n#top #wrap_all .av-special-heading.av-lqc3xbtn-5506f5267ca47057a988806a1d758baa .av-special-heading-tag{\nfont-size:0.8em;\n}\n}\n<\/style>\n<div  class='av-special-heading av-lqc3xbtn-5506f5267ca47057a988806a1d758baa av-special-heading-h1 custom-color-heading blockquote modern-quote modern-centered  avia-builder-el-4  el_before_av_hr  avia-builder-el-first  av-inherit-size'><h1 class='av-special-heading-tag'  itemprop=\"headline\"  >\u00c9valuation mon\u00e9taire des marques<\/h1><div class='av_custom_color av-subheading av-subheading_below'><p>Vous souhaitez conna\u00eetre la valeur de votre\/vos marque(s)?<\/p>\n<\/div><div class=\"special-heading-border\"><div class=\"special-heading-inner-border\"><\/div><\/div><\/div><br \/>\n\n<style type=\"text\/css\" data-created_by=\"avia_inline_auto\" id=\"style-css-av-jr95s9pe-6db23b96b8199ad9eb880982dc54df09\">\n#top .hr.av-jr95s9pe-6db23b96b8199ad9eb880982dc54df09{\nmargin-top:30px;\nmargin-bottom:5px;\n}\n.hr.av-jr95s9pe-6db23b96b8199ad9eb880982dc54df09 .hr-inner{\nwidth:150px;\nborder-color:#de952a;\n}\n<\/style>\n<div  class='hr av-jr95s9pe-6db23b96b8199ad9eb880982dc54df09 hr-custom  avia-builder-el-5  el_after_av_heading  avia-builder-el-last  hr-center hr-icon-no'><span class='hr-inner inner-border-av-border-thin'><span class=\"hr-inner-style\"><\/span><\/span><\/div><\/p><\/div><\/div><\/div><\/main><!-- close content main element --><\/div><\/div><\/div>\n<style type=\"text\/css\" data-created_by=\"avia_inline_auto\" id=\"style-css-av-jnlwxlf0-2c3d741ab993f2fbe68dde4cc4fbc234\">\n.avia-section.av-jnlwxlf0-2c3d741ab993f2fbe68dde4cc4fbc234 .av-extra-border-element .av-extra-border-inner{\nbackground-color:#ffffff;\n}\n<\/style>\n<div id='av_section_2'  class='avia-section av-jnlwxlf0-2c3d741ab993f2fbe68dde4cc4fbc234 main_color avia-section-default avia-no-border-styling  avia-builder-el-6  el_after_av_section  el_before_av_section  avia-bg-style-scroll av-arrow-down-section container_wrap fullsize'  ><div class='container av-section-cont-open' ><div class='template-page content  av-content-full alpha units'><div class='post-entry post-entry-type-page post-entry-15321'><div class='entry-content-wrapper clearfix'>\n\n<style type=\"text\/css\" data-created_by=\"avia_inline_auto\" id=\"style-css-av-7l23qe-2cf6526f334418e3911b3c6cd81d536f\">\n.flex_column.av-7l23qe-2cf6526f334418e3911b3c6cd81d536f{\nborder-radius:0px 0px 0px 0px;\npadding:0px 0px 0px 0px;\n}\n<\/style>\n<div  class='flex_column av-7l23qe-2cf6526f334418e3911b3c6cd81d536f av_two_third  avia-builder-el-7  el_before_av_one_third  avia-builder-el-first  first flex_column_div av-zero-column-padding  '     ><section  class='av_textblock_section av-jnlwxz5d-f1a57a50293280d3731c9cb161ed7ffb '   itemscope=\"itemscope\" itemtype=\"https:\/\/schema.org\/CreativeWork\" ><div class='avia_textblock'  itemprop=\"text\" ><p>Contrairement \u00e0 l<a href=\"https:\/\/serviva.com\/en\/ip-evaluation\/evaluation\/\">l&rsquo;\u00e9valuation<\/a>, qui implique une appr\u00e9ciation qualitative, l&rsquo;\u00e9valuation des brevets ou l&rsquo;\u00e9valuation mon\u00e9taire des brevets est une appr\u00e9ciation quantitative qui aboutit \u00e0 une valeur num\u00e9rique.<\/p>\n<p>Elle s&rsquo;int\u00e9resse moins \u00e0 la question de la probabilit\u00e9 de validit\u00e9 d&rsquo;un brevet ou d&rsquo;un portefeuille de brevets d&rsquo;un point de vue juridique.<\/p>\n<p>Il s&rsquo;agit plut\u00f4t de d\u00e9terminer, en tenant compte notamment de facteurs techniques et \u00e9conomiques, une valeur num\u00e9rique qui refl\u00e8te la valeur \u00e9conomique d&rsquo;une demande de brevet, d&rsquo;un brevet ou d&rsquo;un portefeuille \u00e9tendu \u00e0 une date cl\u00e9.<\/p>\n<\/div><\/section><\/div>\n<style type=\"text\/css\" data-created_by=\"avia_inline_auto\" id=\"style-css-av-6gxhk6-653c51fe39d332f00dbd9644ccb70db1\">\n.flex_column.av-6gxhk6-653c51fe39d332f00dbd9644ccb70db1{\nborder-radius:0px 0px 0px 0px;\npadding:0px 0px 0px 0px;\n}\n<\/style>\n<div  class='flex_column av-6gxhk6-653c51fe39d332f00dbd9644ccb70db1 av_one_third  avia-builder-el-9  el_after_av_two_third  avia-builder-el-last  flex_column_div av-zero-column-padding  '     ><style type=\"text\/css\" data-created_by=\"avia_inline_auto\" id=\"style-css-av-jnn38344-4ee0458847b5d6218942ee4ce3139ef1\">\n.avia-image-container.av-jnn38344-4ee0458847b5d6218942ee4ce3139ef1 img.avia_image{\nbox-shadow:none;\n}\n.avia-image-container.av-jnn38344-4ee0458847b5d6218942ee4ce3139ef1 .av-image-caption-overlay-center{\ncolor:#ffffff;\n}\n<\/style>\n<div  class='avia-image-container av-jnn38344-4ee0458847b5d6218942ee4ce3139ef1 av-styling-circle av-hover-grow avia_animated_image av-animated-when-visible-95 pop-up avia-align-center  avia-builder-el-10  avia-builder-el-no-sibling '   itemprop=\"image\" itemscope=\"itemscope\" itemtype=\"https:\/\/schema.org\/ImageObject\" ><div class=\"avia-image-container-inner\"><div class=\"avia-image-overlay-wrap\"><img decoding=\"async\" fetchpriority=\"high\" class=\"wp-image-15327 avia-img-lazy-loading-not-15327 avia_image \" src=\"https:\/\/serviva.com\/wp-content\/uploads\/2023\/11\/monetaere-bewertung-von-patenten-icon-1-300x300.jpg\" alt=\"\" title=\"monet\u00e4re-bewertung-von-patenten-icon-1\" height=\"300\" width=\"300\" itemprop=\"thumbnailUrl\" srcset=\"https:\/\/serviva.com\/wp-content\/uploads\/2023\/11\/monetaere-bewertung-von-patenten-icon-1-300x300.jpg 300w, https:\/\/serviva.com\/wp-content\/uploads\/2023\/11\/monetaere-bewertung-von-patenten-icon-1-80x80.jpg 80w, https:\/\/serviva.com\/wp-content\/uploads\/2023\/11\/monetaere-bewertung-von-patenten-icon-1-768x768.jpg 768w, https:\/\/serviva.com\/wp-content\/uploads\/2023\/11\/monetaere-bewertung-von-patenten-icon-1-36x36.jpg 36w, https:\/\/serviva.com\/wp-content\/uploads\/2023\/11\/monetaere-bewertung-von-patenten-icon-1-180x180.jpg 180w, https:\/\/serviva.com\/wp-content\/uploads\/2023\/11\/monetaere-bewertung-von-patenten-icon-1-705x705.jpg 705w, https:\/\/serviva.com\/wp-content\/uploads\/2023\/11\/monetaere-bewertung-von-patenten-icon-1.jpg 1000w\" sizes=\"(max-width: 300px) 100vw, 300px\"><\/div><\/div><\/div><\/div><\/div><\/div><\/div><!-- close content main div --><\/div><div class='av-extra-border-element border-extra-arrow-down'><div class='av-extra-border-outer'><div class='av-extra-border-inner'><\/div><\/div><\/div><\/div>\n<style type=\"text\/css\" data-created_by=\"avia_inline_auto\" id=\"style-css-av-jnlwxlf0-b69537c04a4a7717c93a478c05fdffb5\">\n.avia-section.av-jnlwxlf0-b69537c04a4a7717c93a478c05fdffb5{\nbackground-color:#f9f9f9;\nbackground-image:unset;\n}\n.avia-section.av-jnlwxlf0-b69537c04a4a7717c93a478c05fdffb5 .av-extra-border-element .av-extra-border-inner{\nbackground-color:#f9f9f9;\n}\n<\/style>\n<div id='av_section_3'  class='avia-section av-jnlwxlf0-b69537c04a4a7717c93a478c05fdffb5 main_color avia-section-default avia-no-border-styling  avia-builder-el-11  el_after_av_section  el_before_av_section  avia-bg-style-scroll av-arrow-down-section container_wrap fullsize'  ><div class='container av-section-cont-open' ><div class='template-page content  av-content-full alpha units'><div class='post-entry post-entry-type-page post-entry-15321'><div class='entry-content-wrapper clearfix'>\n\n<style type=\"text\/css\" data-created_by=\"avia_inline_auto\" id=\"style-css-av-249wva-865a404befbfa260c79181b6d5e1e3ce\">\n.flex_column.av-249wva-865a404befbfa260c79181b6d5e1e3ce{\nborder-radius:0px 0px 0px 0px;\npadding:0px 0px 0px 0px;\n}\n<\/style>\n<div  class='flex_column av-249wva-865a404befbfa260c79181b6d5e1e3ce av_one_third  avia-builder-el-12  el_before_av_two_third  avia-builder-el-first  first flex_column_div av-zero-column-padding  '     ><style type=\"text\/css\" data-created_by=\"avia_inline_auto\" id=\"style-css-av-jnn38xlj-c9319efb85b97054271dab01dd7f03a0\">\n.avia-image-container.av-jnn38xlj-c9319efb85b97054271dab01dd7f03a0 img.avia_image{\nbox-shadow:none;\n}\n.avia-image-container.av-jnn38xlj-c9319efb85b97054271dab01dd7f03a0 .av-image-caption-overlay-center{\ncolor:#ffffff;\n}\n<\/style>\n<div  class='avia-image-container av-jnn38xlj-c9319efb85b97054271dab01dd7f03a0 av-styling-circle av-hover-grow avia_animated_image av-animated-when-visible-95 pop-up avia-align-center  avia-builder-el-13  avia-builder-el-no-sibling '   itemprop=\"image\" itemscope=\"itemscope\" itemtype=\"https:\/\/schema.org\/ImageObject\" ><div class=\"avia-image-container-inner\"><div class=\"avia-image-overlay-wrap\"><img decoding=\"async\" fetchpriority=\"high\" class=\"wp-image-5674 avia-img-lazy-loading-not-5674 avia_image \" src=\"https:\/\/serviva.com\/wp-content\/uploads\/2018\/10\/monet\u00e4re-bewertung-von-patenten-icon-2-300x300.jpg\" alt=\"\" title=\"Monet\u00e4re Bewertung von Patenten Icon 2\" height=\"300\" width=\"300\" itemprop=\"thumbnailUrl\" srcset=\"https:\/\/serviva.com\/wp-content\/uploads\/2018\/10\/monet\u00e4re-bewertung-von-patenten-icon-2-300x300.jpg 300w, https:\/\/serviva.com\/wp-content\/uploads\/2018\/10\/monet\u00e4re-bewertung-von-patenten-icon-2-80x80.jpg 80w, https:\/\/serviva.com\/wp-content\/uploads\/2018\/10\/monet\u00e4re-bewertung-von-patenten-icon-2-768x768.jpg 768w, https:\/\/serviva.com\/wp-content\/uploads\/2018\/10\/monet\u00e4re-bewertung-von-patenten-icon-2-36x36.jpg 36w, https:\/\/serviva.com\/wp-content\/uploads\/2018\/10\/monet\u00e4re-bewertung-von-patenten-icon-2-180x180.jpg 180w, https:\/\/serviva.com\/wp-content\/uploads\/2018\/10\/monet\u00e4re-bewertung-von-patenten-icon-2-705x705.jpg 705w, https:\/\/serviva.com\/wp-content\/uploads\/2018\/10\/monet\u00e4re-bewertung-von-patenten-icon-2-120x120.jpg 120w, https:\/\/serviva.com\/wp-content\/uploads\/2018\/10\/monet\u00e4re-bewertung-von-patenten-icon-2-450x450.jpg 450w, https:\/\/serviva.com\/wp-content\/uploads\/2018\/10\/monet\u00e4re-bewertung-von-patenten-icon-2.jpg 1000w\" sizes=\"(max-width: 300px) 100vw, 300px\"><\/div><\/div><\/div><\/div>\n<style type=\"text\/css\" data-created_by=\"avia_inline_auto\" id=\"style-css-av-4pejba-8b85e8c521f0768c91ce90722bad1906\">\n.flex_column.av-4pejba-8b85e8c521f0768c91ce90722bad1906{\nborder-radius:0px 0px 0px 0px;\npadding:0px 0px 0px 0px;\n}\n<\/style>\n<div  class='flex_column av-4pejba-8b85e8c521f0768c91ce90722bad1906 av_two_third  avia-builder-el-14  el_after_av_one_third  avia-builder-el-last  flex_column_div av-zero-column-padding  '     ><section  class='av_textblock_section av-jnlwxz5d-f1a57a50293280d3731c9cb161ed7ffb '   itemscope=\"itemscope\" itemtype=\"https:\/\/schema.org\/CreativeWork\" ><div class='avia_textblock'  itemprop=\"text\" ><p>L&rsquo;\u00e9valuation d&rsquo;une seule marque ou d&rsquo;un portefeuille entier peut \u00eatre motiv\u00e9e par la vente ou le transfert des droits de propri\u00e9t\u00e9.<\/p>\n<p>En fonction de la raison de l&rsquo;\u00e9valuation, nous choisissons la proc\u00e9dure d&rsquo;\u00e9valuation appropri\u00e9e et recueillons les donn\u00e9es n\u00e9cessaires \u00e0 l&rsquo;\u00e9valuation en \u00e9troite collaboration avec nos clients.<\/p>\n<p>Si n\u00e9cessaire, nous travaillons en \u00e9troite collaboration avec des experts en droit des marques (avocats).<\/p>\n<p>Le client re\u00e7oit un rapport dans lequel la proc\u00e9dure et les param\u00e8tres de calcul sont expliqu\u00e9s en d\u00e9tail, ainsi que la valeur de la marque.<\/p>\n<\/div><\/section><\/div><\/div><\/div><\/div><!-- close content main div --><\/div><div class='av-extra-border-element border-extra-arrow-down'><div class='av-extra-border-outer'><div class='av-extra-border-inner'><\/div><\/div><\/div><\/div>\n<style type=\"text\/css\" data-created_by=\"avia_inline_auto\" id=\"style-css-av-b104g6-1fe9ed81a0df6ad10835ba811fee6ab6\">\n.avia-section.av-b104g6-1fe9ed81a0df6ad10835ba811fee6ab6{\nbackground-repeat:no-repeat;\nbackground-image:url(https:\/\/serviva.com\/wp-content\/uploads\/2019\/02\/kontakt-hintergrund-1500x1238.jpg);\nbackground-position:50% 0%;\nbackground-attachment:fixed;\n}\n.avia-section.av-b104g6-1fe9ed81a0df6ad10835ba811fee6ab6 .av-section-color-overlay{\nopacity:0.6;\nbackground-color:#005da4;\n}\n<\/style>\n<div id='av_section_4'  class='avia-section av-b104g6-1fe9ed81a0df6ad10835ba811fee6ab6 main_color avia-section-default avia-no-border-styling  avia-builder-el-16  el_after_av_section  avia-builder-el-last  avia-full-stretch avia-bg-style-fixed av-section-color-overlay-active container_wrap fullsize'  data-section-bg-repeat='stretch'><div class=\"av-section-color-overlay-wrap\"><div class=\"av-section-color-overlay\"><\/div><div class='container av-section-cont-open' ><div class='template-page content  av-content-full alpha units'><div class='post-entry post-entry-type-page post-entry-15321'><div class='entry-content-wrapper clearfix'>\n\n<style type=\"text\/css\" data-created_by=\"avia_inline_auto\" id=\"style-css-av-lqc3ystv-ef0712da258451c6a299025266c3c7e9\">\n#top .av-special-heading.av-lqc3ystv-ef0712da258451c6a299025266c3c7e9{\npadding-bottom:10px;\ncolor:#ffffff;\nfont-size:28px;\n}\nbody .av-special-heading.av-lqc3ystv-ef0712da258451c6a299025266c3c7e9 .av-special-heading-tag .heading-char{\nfont-size:25px;\n}\n#top #wrap_all .av-special-heading.av-lqc3ystv-ef0712da258451c6a299025266c3c7e9 .av-special-heading-tag{\nfont-size:28px;\n}\n.av-special-heading.av-lqc3ystv-ef0712da258451c6a299025266c3c7e9 .special-heading-inner-border{\nborder-color:#ffffff;\n}\n.av-special-heading.av-lqc3ystv-ef0712da258451c6a299025266c3c7e9 .av-subheading{\nfont-size:15px;\n}\n\n@media only screen and (min-width: 480px) and (max-width: 767px){ \n#top #wrap_all .av-special-heading.av-lqc3ystv-ef0712da258451c6a299025266c3c7e9 .av-special-heading-tag{\nfont-size:0.8em;\n}\n}\n\n@media only screen and (max-width: 479px){ \n#top #wrap_all .av-special-heading.av-lqc3ystv-ef0712da258451c6a299025266c3c7e9 .av-special-heading-tag{\nfont-size:0.8em;\n}\n}\n<\/style>\n<div  class='av-special-heading av-lqc3ystv-ef0712da258451c6a299025266c3c7e9 av-special-heading-h3 custom-color-heading blockquote modern-quote modern-centered  avia-builder-el-17  el_before_av_textblock  avia-builder-el-first  av-inherit-size'><h3 class='av-special-heading-tag'  itemprop=\"headline\"  >Veuillez nous contacter<\/h3><div class=\"special-heading-border\"><div class=\"special-heading-inner-border\"><\/div><\/div><\/div>\n\n<style type=\"text\/css\" data-created_by=\"avia_inline_auto\" id=\"style-css-av-jraspvq9-a350c2799b85d9bf32a40158f7d67746\">\n#top .av_textblock_section.av-jraspvq9-a350c2799b85d9bf32a40158f7d67746 .avia_textblock{\ncolor:#ffffff;\n}\n<\/style>\n<section  class='av_textblock_section av-jraspvq9-a350c2799b85d9bf32a40158f7d67746 '   itemscope=\"itemscope\" itemtype=\"https:\/\/schema.org\/CreativeWork\" ><div class='avia_textblock av_inherit_color'  itemprop=\"text\" ><p style=\"text-align: center;\">Personne de contact : Dr. Lars Zanzig<br \/>\nT\u00e9l\u00e9phone : +49 30 \/ 8877 1300<\/p>\n<\/div><\/section>\n\n<style type=\"text\/css\" data-created_by=\"avia_inline_auto\" id=\"style-css-av-jnlwuw1u-122bbf44d8850ab2baa153577485ba8d\">\n#top .hr.av-jnlwuw1u-122bbf44d8850ab2baa153577485ba8d{\nmargin-top:30px;\nmargin-bottom:30px;\n}\n.hr.av-jnlwuw1u-122bbf44d8850ab2baa153577485ba8d .hr-inner{\nwidth:150px;\nborder-color:#de952a;\n}\n<\/style>\n<div  class='hr av-jnlwuw1u-122bbf44d8850ab2baa153577485ba8d hr-custom  avia-builder-el-19  el_after_av_textblock  el_before_av_one_fourth  hr-center hr-icon-no'><span class='hr-inner inner-border-av-border-thin'><span class=\"hr-inner-style\"><\/span><\/span><\/div>\n\n<style type=\"text\/css\" data-created_by=\"avia_inline_auto\" id=\"style-css-av-6147qe-29a8695f18e5b8a5a0fcfe6cb7db6479\">\n.flex_column.av-6147qe-29a8695f18e5b8a5a0fcfe6cb7db6479{\nborder-radius:0px 0px 0px 0px;\npadding:0px 0px 0px 0px;\n}\n<\/style>\n<div  class='flex_column av-6147qe-29a8695f18e5b8a5a0fcfe6cb7db6479 av_one_fourth  avia-builder-el-20  el_after_av_hr  el_before_av_one_half  first flex_column_div av-zero-column-padding  '     ><\/div>\n<style type=\"text\/css\" data-created_by=\"avia_inline_auto\" id=\"style-css-av-4u6fl2-60270856d602e011f71e18760ff38e08\">\n.flex_column.av-4u6fl2-60270856d602e011f71e18760ff38e08{\nborder-radius:0px 0px 0px 0px;\npadding:0px 0px 0px 0px;\n}\n<\/style>\n<div  class='flex_column av-4u6fl2-60270856d602e011f71e18760ff38e08 av_one_half  avia-builder-el-21  el_after_av_one_fourth  el_before_av_one_fourth  flex_column_div av-zero-column-padding  '     ><\/div>\n<style type=\"text\/css\" data-created_by=\"avia_inline_auto\" id=\"style-css-av-34tpp2-acc3f46440009e5b102e2390f7275030\">\n.flex_column.av-34tpp2-acc3f46440009e5b102e2390f7275030{\nborder-radius:0px 0px 0px 0px;\npadding:0px 0px 0px 0px;\n}\n<\/style>\n<div  class='flex_column av-34tpp2-acc3f46440009e5b102e2390f7275030 av_one_fourth  avia-builder-el-23  el_after_av_one_half  avia-builder-el-last  flex_column_div av-zero-column-padding  '     ><\/div><\/p>\n","protected":false},"excerpt":{"rendered":"","protected":false},"author":5,"featured_media":0,"parent":15297,"menu_order":0,"comment_status":"closed","ping_status":"closed","template":"","meta":{"footnotes":""},"class_list":["post-15321","page","type-page","status-publish","hentry"],"_links":{"self":[{"href":"https:\/\/serviva.com\/fr\/wp-json\/wp\/v2\/pages\/15321","targetHints":{"allow":["GET"]}}],"collection":[{"href":"https:\/\/serviva.com\/fr\/wp-json\/wp\/v2\/pages"}],"about":[{"href":"https:\/\/serviva.com\/fr\/wp-json\/wp\/v2\/types\/page"}],"author":[{"embeddable":true,"href":"https:\/\/serviva.com\/fr\/wp-json\/wp\/v2\/users\/5"}],"replies":[{"embeddable":true,"href":"https:\/\/serviva.com\/fr\/wp-json\/wp\/v2\/comments?post=15321"}],"version-history":[{"count":2,"href":"https:\/\/serviva.com\/fr\/wp-json\/wp\/v2\/pages\/15321\/revisions"}],"predecessor-version":[{"id":15329,"href":"https:\/\/serviva.com\/fr\/wp-json\/wp\/v2\/pages\/15321\/revisions\/15329"}],"up":[{"embeddable":true,"href":"https:\/\/serviva.com\/fr\/wp-json\/wp\/v2\/pages\/15297"}],"wp:attachment":[{"href":"https:\/\/serviva.com\/fr\/wp-json\/wp\/v2\/media?parent=15321"}],"curies":[{"name":"wp","href":"https:\/\/api.w.org\/{rel}","templated":true}]}}