{"id":15331,"date":"2023-12-19T09:57:27","date_gmt":"2023-12-19T08:57:27","guid":{"rendered":"https:\/\/serviva.com\/?page_id=15331"},"modified":"2023-12-19T09:57:27","modified_gmt":"2023-12-19T08:57:27","slug":"evaluation-de-la-ip-en-cas-de-faillite","status":"publish","type":"page","link":"https:\/\/serviva.com\/fr\/services\/evaluation-de-lip\/evaluation-de-la-ip-en-cas-de-faillite\/","title":{"rendered":"\u00c9valuation de la IP en cas de faillite"},"content":{"rendered":"\n<style type=\"text\/css\" data-created_by=\"avia_inline_auto\" id=\"style-css-av-jnlwqzhr-5177a61022e86b9289e57aa1d178b01c\">\n.avia-section.av-jnlwqzhr-5177a61022e86b9289e57aa1d178b01c{\nbackground-repeat:no-repeat;\nbackground-image:url(https:\/\/serviva.com\/wp-content\/uploads\/2019\/02\/ip-bewertung-in-der-insolvenz-header.jpg);\nbackground-position:50% 0%;\nbackground-attachment:fixed;\n}\n.avia-section.av-jnlwqzhr-5177a61022e86b9289e57aa1d178b01c .av-section-color-overlay{\nopacity:0.6;\nbackground-color:#005da4;\n}\n<\/style>\n<div id='av_section_1'  class='avia-section av-jnlwqzhr-5177a61022e86b9289e57aa1d178b01c main_color avia-section-small avia-no-shadow  avia-builder-el-0  el_before_av_section  avia-builder-el-first  avia-full-stretch avia-bg-style-fixed av-section-color-overlay-active container_wrap fullsize'  data-section-bg-repeat='stretch'><div class=\"av-section-color-overlay-wrap\"><div class=\"av-section-color-overlay\"><\/div><div class='container av-section-cont-open' ><main  role=\"main\" itemprop=\"mainContentOfPage\"  class='template-page content  av-content-full alpha units'><div class='post-entry post-entry-type-page post-entry-15331'><div class='entry-content-wrapper clearfix'>\n\n<style type=\"text\/css\" data-created_by=\"avia_inline_auto\" id=\"style-css-av-jnncd6zh-ce8d5d3b15b747cb07bc6689a9129afa\">\n#top .flex_column.av-jnncd6zh-ce8d5d3b15b747cb07bc6689a9129afa{\nmargin-top:20px;\nmargin-bottom:20px;\n}\n.flex_column.av-jnncd6zh-ce8d5d3b15b747cb07bc6689a9129afa{\nborder-radius:0px 0px 0px 0px;\npadding:0px 0px 0px 0px;\n}\n.responsive #top #wrap_all .flex_column.av-jnncd6zh-ce8d5d3b15b747cb07bc6689a9129afa{\nmargin-top:20px;\nmargin-bottom:20px;\n}\n<\/style>\n<div  class='flex_column av-jnncd6zh-ce8d5d3b15b747cb07bc6689a9129afa av_one_full  avia-builder-el-1  el_before_av_one_full  avia-builder-el-first  first flex_column_div av-zero-column-padding  '     ><style type=\"text\/css\" data-created_by=\"avia_inline_auto\" id=\"style-css-av-jnn447zi-0b4f3647aa4224fc0319b02e56260663\">\n#top .av_textblock_section.av-jnn447zi-0b4f3647aa4224fc0319b02e56260663 .avia_textblock{\nfont-size:12px;\ncolor:#ffffff;\n}\n<\/style>\n<section  class='av_textblock_section av-jnn447zi-0b4f3647aa4224fc0319b02e56260663 '   itemscope=\"itemscope\" itemtype=\"https:\/\/schema.org\/CreativeWork\" ><div class='avia_textblock av_inherit_color'  itemprop=\"text\" ><div class=\"breadcrumb breadcrumbs avia-breadcrumbs\"><div class=\"breadcrumb-trail\" ><span class=\"trail-before\"><span class=\"breadcrumb-title\">Vous \u00eates ici :<\/span><\/span> <span  itemscope=\"itemscope\" itemtype=\"https:\/\/schema.org\/BreadcrumbList\" ><span  itemscope=\"itemscope\" itemtype=\"https:\/\/schema.org\/ListItem\" itemprop=\"itemListElement\" ><a itemprop=\"url\" href=\"https:\/\/serviva.com\/fr\/\" title=\"SERVIVA\" rel=\"home\" class=\"trail-begin\"><span itemprop=\"name\">Accueil<\/span><\/a><span itemprop=\"position\" class=\"hidden\">1<\/span><\/span><\/span><\/div><\/div>\n<\/div><\/section><\/div>\n<style type=\"text\/css\" data-created_by=\"avia_inline_auto\" id=\"style-css-av-jnncgdgr-d5a964dba2d2a745f06d4f1b9aff92c0\">\n#top .flex_column.av-jnncgdgr-d5a964dba2d2a745f06d4f1b9aff92c0{\nmargin-top:120px;\nmargin-bottom:100px;\n}\n.flex_column.av-jnncgdgr-d5a964dba2d2a745f06d4f1b9aff92c0{\nborder-radius:0px 0px 0px 0px;\npadding:0px 0px 0px 0px;\n}\n.responsive #top #wrap_all .flex_column.av-jnncgdgr-d5a964dba2d2a745f06d4f1b9aff92c0{\nmargin-top:120px;\nmargin-bottom:100px;\n}\n<\/style>\n<div  class='flex_column av-jnncgdgr-d5a964dba2d2a745f06d4f1b9aff92c0 av_one_full  avia-builder-el-3  el_after_av_one_full  avia-builder-el-last  first flex_column_div av-zero-column-padding  column-top-margin'     ><p>\n<style type=\"text\/css\" data-created_by=\"avia_inline_auto\" id=\"style-css-av-lqc415dy-8eedb3aecb0239cbd7c5f919f07b2bc7\">\n#top .av-special-heading.av-lqc415dy-8eedb3aecb0239cbd7c5f919f07b2bc7{\nmargin:20px 0 0 0;\npadding-bottom:10px;\ncolor:#ffffff;\nfont-size:40px;\n}\nbody .av-special-heading.av-lqc415dy-8eedb3aecb0239cbd7c5f919f07b2bc7 .av-special-heading-tag .heading-char{\nfont-size:25px;\n}\n#top #wrap_all .av-special-heading.av-lqc415dy-8eedb3aecb0239cbd7c5f919f07b2bc7 .av-special-heading-tag{\nfont-size:40px;\n}\n.av-special-heading.av-lqc415dy-8eedb3aecb0239cbd7c5f919f07b2bc7 .special-heading-inner-border{\nborder-color:#ffffff;\n}\n.av-special-heading.av-lqc415dy-8eedb3aecb0239cbd7c5f919f07b2bc7 .av-subheading{\nfont-size:16px;\n}\n\n@media only screen and (min-width: 480px) and (max-width: 767px){ \n#top #wrap_all .av-special-heading.av-lqc415dy-8eedb3aecb0239cbd7c5f919f07b2bc7 .av-special-heading-tag{\nfont-size:0.8em;\n}\n}\n\n@media only screen and (max-width: 479px){ \n#top #wrap_all .av-special-heading.av-lqc415dy-8eedb3aecb0239cbd7c5f919f07b2bc7 .av-special-heading-tag{\nfont-size:0.8em;\n}\n}\n<\/style>\n<div  class='av-special-heading av-lqc415dy-8eedb3aecb0239cbd7c5f919f07b2bc7 av-special-heading-h1 custom-color-heading blockquote modern-quote modern-centered  avia-builder-el-4  el_before_av_hr  avia-builder-el-first  av-inherit-size'><h1 class='av-special-heading-tag'  itemprop=\"headline\"  >\u00c9valuation de la IP en cas de faillite<\/h1><div class='av_custom_color av-subheading av-subheading_below'><p>L&rsquo;utilisation des droits de propri\u00e9t\u00e9 industrielle des entreprises en faillite est-elle utile?<\/p>\n<\/div><div class=\"special-heading-border\"><div class=\"special-heading-inner-border\"><\/div><\/div><\/div><br \/>\n\n<style type=\"text\/css\" data-created_by=\"avia_inline_auto\" id=\"style-css-av-jr95s9pe-6db23b96b8199ad9eb880982dc54df09\">\n#top .hr.av-jr95s9pe-6db23b96b8199ad9eb880982dc54df09{\nmargin-top:30px;\nmargin-bottom:5px;\n}\n.hr.av-jr95s9pe-6db23b96b8199ad9eb880982dc54df09 .hr-inner{\nwidth:150px;\nborder-color:#de952a;\n}\n<\/style>\n<div  class='hr av-jr95s9pe-6db23b96b8199ad9eb880982dc54df09 hr-custom  avia-builder-el-5  el_after_av_heading  avia-builder-el-last  hr-center hr-icon-no'><span class='hr-inner inner-border-av-border-thin'><span class=\"hr-inner-style\"><\/span><\/span><\/div><\/p><\/div><\/div><\/div><\/main><!-- close content main element --><\/div><\/div><\/div>\n<style type=\"text\/css\" data-created_by=\"avia_inline_auto\" id=\"style-css-av-jnlwxlf0-2c3d741ab993f2fbe68dde4cc4fbc234\">\n.avia-section.av-jnlwxlf0-2c3d741ab993f2fbe68dde4cc4fbc234 .av-extra-border-element .av-extra-border-inner{\nbackground-color:#ffffff;\n}\n<\/style>\n<div id='av_section_2'  class='avia-section av-jnlwxlf0-2c3d741ab993f2fbe68dde4cc4fbc234 main_color avia-section-default avia-no-border-styling  avia-builder-el-6  el_after_av_section  el_before_av_section  avia-bg-style-scroll av-arrow-down-section container_wrap fullsize'  ><div class='container av-section-cont-open' ><div class='template-page content  av-content-full alpha units'><div class='post-entry post-entry-type-page post-entry-15331'><div class='entry-content-wrapper clearfix'>\n\n<style type=\"text\/css\" data-created_by=\"avia_inline_auto\" id=\"style-css-av-7l23qe-2cf6526f334418e3911b3c6cd81d536f\">\n.flex_column.av-7l23qe-2cf6526f334418e3911b3c6cd81d536f{\nborder-radius:0px 0px 0px 0px;\npadding:0px 0px 0px 0px;\n}\n<\/style>\n<div  class='flex_column av-7l23qe-2cf6526f334418e3911b3c6cd81d536f av_two_third  avia-builder-el-7  el_before_av_one_third  avia-builder-el-first  first flex_column_div av-zero-column-padding  '     ><section  class='av_textblock_section av-jnlwxz5d-f1a57a50293280d3731c9cb161ed7ffb '   itemscope=\"itemscope\" itemtype=\"https:\/\/schema.org\/CreativeWork\" ><div class='avia_textblock'  itemprop=\"text\" ><p>Le succ\u00e8s des efforts d&rsquo;utilisation dans le cadre d&rsquo;une faillite d\u00e9pend notamment de d\u00e9clarations rapides et comp\u00e9tentes sur la valeur et la possibilit\u00e9 d&rsquo;utilisation des droits de propri\u00e9t\u00e9 intellectuelle.<\/p>\n<p>Une question importante pour une entreprise technologique qui doit d\u00e9poser son bilan est donc la m\u00eame pour la direction et\/ou le liquidateur : L&rsquo;entreprise \u00e0 g\u00e9rer d\u00e9tient-elle des droits de propri\u00e9t\u00e9 tels que des brevets ou des marques, et ceux-ci peuvent-ils \u00eatre utilis\u00e9s \u00e0 court terme ?<\/p>\n<p>Nous pouvons r\u00e9pondre \u00e0 ces questions et \u00e0 d&rsquo;autres avec rapidit\u00e9 et pr\u00e9cision, car Serviva GmbH est votre partenaire fiable pour la prise en charge des entreprises en faillite d\u00e9tenant des droits de propri\u00e9t\u00e9 industrielle!<\/p>\n<\/div><\/section><\/div>\n<style type=\"text\/css\" data-created_by=\"avia_inline_auto\" id=\"style-css-av-6gxhk6-653c51fe39d332f00dbd9644ccb70db1\">\n.flex_column.av-6gxhk6-653c51fe39d332f00dbd9644ccb70db1{\nborder-radius:0px 0px 0px 0px;\npadding:0px 0px 0px 0px;\n}\n<\/style>\n<div  class='flex_column av-6gxhk6-653c51fe39d332f00dbd9644ccb70db1 av_one_third  avia-builder-el-9  el_after_av_two_third  avia-builder-el-last  flex_column_div av-zero-column-padding  '     ><style type=\"text\/css\" data-created_by=\"avia_inline_auto\" id=\"style-css-av-jnn38344-1b96e327e26f6cddf15a3ba95ac64e41\">\n.avia-image-container.av-jnn38344-1b96e327e26f6cddf15a3ba95ac64e41 img.avia_image{\nbox-shadow:none;\n}\n.avia-image-container.av-jnn38344-1b96e327e26f6cddf15a3ba95ac64e41 .av-image-caption-overlay-center{\ncolor:#ffffff;\n}\n<\/style>\n<div  class='avia-image-container av-jnn38344-1b96e327e26f6cddf15a3ba95ac64e41 av-styling-circle av-hover-grow avia_animated_image av-animated-when-visible-95 pop-up avia-align-center  avia-builder-el-10  avia-builder-el-no-sibling '   itemprop=\"image\" itemscope=\"itemscope\" itemtype=\"https:\/\/schema.org\/ImageObject\" ><div class=\"avia-image-container-inner\"><div class=\"avia-image-overlay-wrap\"><img decoding=\"async\" fetchpriority=\"high\" class=\"wp-image-5654 avia-img-lazy-loading-not-5654 avia_image \" src=\"https:\/\/serviva.com\/wp-content\/uploads\/2018\/10\/ip-verwertung-icon-4.jpg\" alt=\"\" title=\"IP-Verwertung Icon 4\" height=\"1000\" width=\"1000\" itemprop=\"thumbnailUrl\" srcset=\"https:\/\/serviva.com\/wp-content\/uploads\/2018\/10\/ip-verwertung-icon-4.jpg 1000w, https:\/\/serviva.com\/wp-content\/uploads\/2018\/10\/ip-verwertung-icon-4-80x80.jpg 80w, https:\/\/serviva.com\/wp-content\/uploads\/2018\/10\/ip-verwertung-icon-4-300x300.jpg 300w, https:\/\/serviva.com\/wp-content\/uploads\/2018\/10\/ip-verwertung-icon-4-768x768.jpg 768w, https:\/\/serviva.com\/wp-content\/uploads\/2018\/10\/ip-verwertung-icon-4-36x36.jpg 36w, https:\/\/serviva.com\/wp-content\/uploads\/2018\/10\/ip-verwertung-icon-4-180x180.jpg 180w, https:\/\/serviva.com\/wp-content\/uploads\/2018\/10\/ip-verwertung-icon-4-705x705.jpg 705w, https:\/\/serviva.com\/wp-content\/uploads\/2018\/10\/ip-verwertung-icon-4-120x120.jpg 120w, https:\/\/serviva.com\/wp-content\/uploads\/2018\/10\/ip-verwertung-icon-4-450x450.jpg 450w\" sizes=\"(max-width: 1000px) 100vw, 1000px\"><\/div><\/div><\/div><\/div><\/div><\/div><\/div><!-- close content main div --><\/div><div class='av-extra-border-element border-extra-arrow-down'><div class='av-extra-border-outer'><div class='av-extra-border-inner'><\/div><\/div><\/div><\/div>\n<style type=\"text\/css\" data-created_by=\"avia_inline_auto\" id=\"style-css-av-jnlwxlf0-b69537c04a4a7717c93a478c05fdffb5\">\n.avia-section.av-jnlwxlf0-b69537c04a4a7717c93a478c05fdffb5{\nbackground-color:#f9f9f9;\nbackground-image:unset;\n}\n.avia-section.av-jnlwxlf0-b69537c04a4a7717c93a478c05fdffb5 .av-extra-border-element .av-extra-border-inner{\nbackground-color:#f9f9f9;\n}\n<\/style>\n<div id='av_section_3'  class='avia-section av-jnlwxlf0-b69537c04a4a7717c93a478c05fdffb5 main_color avia-section-default avia-no-border-styling  avia-builder-el-11  el_after_av_section  el_before_av_section  avia-bg-style-scroll av-arrow-down-section container_wrap fullsize'  ><div class='container av-section-cont-open' ><div class='template-page content  av-content-full alpha units'><div class='post-entry post-entry-type-page post-entry-15331'><div class='entry-content-wrapper clearfix'>\n\n<style type=\"text\/css\" data-created_by=\"avia_inline_auto\" id=\"style-css-av-lqc41sb6-e2ce6242e1e36f755b103fddf682e179\">\n#top .av-special-heading.av-lqc41sb6-e2ce6242e1e36f755b103fddf682e179{\npadding-bottom:10px;\nfont-size:28px;\n}\nbody .av-special-heading.av-lqc41sb6-e2ce6242e1e36f755b103fddf682e179 .av-special-heading-tag .heading-char{\nfont-size:25px;\n}\n#top #wrap_all .av-special-heading.av-lqc41sb6-e2ce6242e1e36f755b103fddf682e179 .av-special-heading-tag{\nfont-size:28px;\n}\n.av-special-heading.av-lqc41sb6-e2ce6242e1e36f755b103fddf682e179 .av-subheading{\nfont-size:15px;\n}\n\n@media only screen and (min-width: 480px) and (max-width: 767px){ \n#top #wrap_all .av-special-heading.av-lqc41sb6-e2ce6242e1e36f755b103fddf682e179 .av-special-heading-tag{\nfont-size:0.8em;\n}\n}\n\n@media only screen and (max-width: 479px){ \n#top #wrap_all .av-special-heading.av-lqc41sb6-e2ce6242e1e36f755b103fddf682e179 .av-special-heading-tag{\nfont-size:0.8em;\n}\n}\n<\/style>\n<div  class='av-special-heading av-lqc41sb6-e2ce6242e1e36f755b103fddf682e179 av-special-heading-h2 custom-color-heading blockquote modern-quote modern-centered  avia-builder-el-12  el_before_av_hr  avia-builder-el-first  av-inherit-size'><h2 class='av-special-heading-tag'  itemprop=\"headline\"  >Processus d\u2019\u00e9valuation en plusieurs \u00e9tapes<\/h2><div class=\"special-heading-border\"><div class=\"special-heading-inner-border\"><\/div><\/div><\/div>\n\n<style type=\"text\/css\" data-created_by=\"avia_inline_auto\" id=\"style-css-av-jnlwuw1u-ef2f5b0c25333b2673df2a410575615e\">\n#top .hr.av-jnlwuw1u-ef2f5b0c25333b2673df2a410575615e{\nmargin-top:30px;\nmargin-bottom:30px;\n}\n.hr.av-jnlwuw1u-ef2f5b0c25333b2673df2a410575615e .hr-inner{\nwidth:50px;\nborder-color:#de952a;\n}\n<\/style>\n<div  class='hr av-jnlwuw1u-ef2f5b0c25333b2673df2a410575615e hr-custom  avia-builder-el-13  el_after_av_heading  el_before_av_one_third  hr-center hr-icon-no'><span class='hr-inner inner-border-av-border-thin'><span class=\"hr-inner-style\"><\/span><\/span><\/div>\n\n<style type=\"text\/css\" data-created_by=\"avia_inline_auto\" id=\"style-css-av-249wva-865a404befbfa260c79181b6d5e1e3ce\">\n.flex_column.av-249wva-865a404befbfa260c79181b6d5e1e3ce{\nborder-radius:0px 0px 0px 0px;\npadding:0px 0px 0px 0px;\n}\n<\/style>\n<div  class='flex_column av-249wva-865a404befbfa260c79181b6d5e1e3ce av_one_third  avia-builder-el-14  el_after_av_hr  el_before_av_two_third  first flex_column_div av-zero-column-padding  '     ><style type=\"text\/css\" data-created_by=\"avia_inline_auto\" id=\"style-css-av-jnn38xlj-f5df6f7e93031737506457749830a19b\">\n.avia-image-container.av-jnn38xlj-f5df6f7e93031737506457749830a19b img.avia_image{\nbox-shadow:none;\n}\n.avia-image-container.av-jnn38xlj-f5df6f7e93031737506457749830a19b .av-image-caption-overlay-center{\ncolor:#ffffff;\n}\n<\/style>\n<div  class='avia-image-container av-jnn38xlj-f5df6f7e93031737506457749830a19b av-styling-circle av-hover-grow avia_animated_image av-animated-when-visible-95 pop-up avia-align-center  avia-builder-el-15  avia-builder-el-no-sibling '   itemprop=\"image\" itemscope=\"itemscope\" itemtype=\"https:\/\/schema.org\/ImageObject\" ><div class=\"avia-image-container-inner\"><div class=\"avia-image-overlay-wrap\"><img decoding=\"async\" fetchpriority=\"high\" class=\"wp-image-5664 avia-img-lazy-loading-not-5664 avia_image \" src=\"https:\/\/serviva.com\/wp-content\/uploads\/2018\/10\/ip-bewertung-in-der-insolvenz-icon-2.jpg\" alt=\"\" title=\"IP-Bewertung in der Insolvenz Icon 2\" height=\"1000\" width=\"1000\" itemprop=\"thumbnailUrl\" srcset=\"https:\/\/serviva.com\/wp-content\/uploads\/2018\/10\/ip-bewertung-in-der-insolvenz-icon-2.jpg 1000w, https:\/\/serviva.com\/wp-content\/uploads\/2018\/10\/ip-bewertung-in-der-insolvenz-icon-2-80x80.jpg 80w, https:\/\/serviva.com\/wp-content\/uploads\/2018\/10\/ip-bewertung-in-der-insolvenz-icon-2-300x300.jpg 300w, https:\/\/serviva.com\/wp-content\/uploads\/2018\/10\/ip-bewertung-in-der-insolvenz-icon-2-768x768.jpg 768w, https:\/\/serviva.com\/wp-content\/uploads\/2018\/10\/ip-bewertung-in-der-insolvenz-icon-2-36x36.jpg 36w, https:\/\/serviva.com\/wp-content\/uploads\/2018\/10\/ip-bewertung-in-der-insolvenz-icon-2-180x180.jpg 180w, https:\/\/serviva.com\/wp-content\/uploads\/2018\/10\/ip-bewertung-in-der-insolvenz-icon-2-705x705.jpg 705w, https:\/\/serviva.com\/wp-content\/uploads\/2018\/10\/ip-bewertung-in-der-insolvenz-icon-2-120x120.jpg 120w, https:\/\/serviva.com\/wp-content\/uploads\/2018\/10\/ip-bewertung-in-der-insolvenz-icon-2-450x450.jpg 450w\" sizes=\"(max-width: 1000px) 100vw, 1000px\"><\/div><\/div><\/div><\/div>\n<style type=\"text\/css\" data-created_by=\"avia_inline_auto\" id=\"style-css-av-4pejba-8b85e8c521f0768c91ce90722bad1906\">\n.flex_column.av-4pejba-8b85e8c521f0768c91ce90722bad1906{\nborder-radius:0px 0px 0px 0px;\npadding:0px 0px 0px 0px;\n}\n<\/style>\n<div  class='flex_column av-4pejba-8b85e8c521f0768c91ce90722bad1906 av_two_third  avia-builder-el-16  el_after_av_one_third  avia-builder-el-last  flex_column_div av-zero-column-padding  '     ><section  class='av_textblock_section av-jnlwxz5d-f1a57a50293280d3731c9cb161ed7ffb '   itemscope=\"itemscope\" itemtype=\"https:\/\/schema.org\/CreativeWork\" ><div class='avia_textblock'  itemprop=\"text\" ><p>Apr\u00e8s un bref examen des droits de propri\u00e9t\u00e9 industrielle concern\u00e9s, nos experts peuvent proc\u00e9der \u00e0 une premi\u00e8re \u00e9valuation afin de d\u00e9terminer si les droits de propri\u00e9t\u00e9 industrielle en question valent la peine d&rsquo;\u00eatre \u00e9valu\u00e9s.<\/p>\n<p>Dans un deuxi\u00e8me temps, ils d\u00e9terminent au moins l&rsquo;ampleur des recettes possibles et identifient les premiers acheteurs potentiels. La faillite elle-m\u00eame a une influence directe sur la valeur des droits de propri\u00e9t\u00e9 et limite consid\u00e9rablement les possibilit\u00e9s d&rsquo;utilisation.<\/p>\n<p>Toutefois, il n&rsquo;est pas rare que les droits de propri\u00e9t\u00e9 aient une valeur qui doit \u00eatre prise en compte en cas de faillite, que l&rsquo;entreprise soit poursuivie ou c\u00e9d\u00e9e.<\/p>\n<\/div><\/section><\/div><\/div><\/div><\/div><!-- close content main div --><\/div><div class='av-extra-border-element border-extra-arrow-down'><div class='av-extra-border-outer'><div class='av-extra-border-inner'><\/div><\/div><\/div><\/div>\n<style type=\"text\/css\" data-created_by=\"avia_inline_auto\" id=\"style-css-av-b104g6-1fe9ed81a0df6ad10835ba811fee6ab6\">\n.avia-section.av-b104g6-1fe9ed81a0df6ad10835ba811fee6ab6{\nbackground-repeat:no-repeat;\nbackground-image:url(https:\/\/serviva.com\/wp-content\/uploads\/2019\/02\/kontakt-hintergrund-1500x1238.jpg);\nbackground-position:50% 0%;\nbackground-attachment:fixed;\n}\n.avia-section.av-b104g6-1fe9ed81a0df6ad10835ba811fee6ab6 .av-section-color-overlay{\nopacity:0.6;\nbackground-color:#005da4;\n}\n<\/style>\n<div id='av_section_4'  class='avia-section av-b104g6-1fe9ed81a0df6ad10835ba811fee6ab6 main_color avia-section-default avia-no-border-styling  avia-builder-el-18  el_after_av_section  avia-builder-el-last  avia-full-stretch avia-bg-style-fixed av-section-color-overlay-active container_wrap fullsize'  data-section-bg-repeat='stretch'><div class=\"av-section-color-overlay-wrap\"><div class=\"av-section-color-overlay\"><\/div><div class='container av-section-cont-open' ><div class='template-page content  av-content-full alpha units'><div class='post-entry post-entry-type-page post-entry-15331'><div class='entry-content-wrapper clearfix'>\n\n<style type=\"text\/css\" data-created_by=\"avia_inline_auto\" id=\"style-css-av-lqc42ege-454ba8d9eefaf069f84319a9c004c2fc\">\n#top .av-special-heading.av-lqc42ege-454ba8d9eefaf069f84319a9c004c2fc{\npadding-bottom:10px;\ncolor:#ffffff;\nfont-size:28px;\n}\nbody .av-special-heading.av-lqc42ege-454ba8d9eefaf069f84319a9c004c2fc .av-special-heading-tag .heading-char{\nfont-size:25px;\n}\n#top #wrap_all .av-special-heading.av-lqc42ege-454ba8d9eefaf069f84319a9c004c2fc .av-special-heading-tag{\nfont-size:28px;\n}\n.av-special-heading.av-lqc42ege-454ba8d9eefaf069f84319a9c004c2fc .special-heading-inner-border{\nborder-color:#ffffff;\n}\n.av-special-heading.av-lqc42ege-454ba8d9eefaf069f84319a9c004c2fc .av-subheading{\nfont-size:15px;\n}\n\n@media only screen and (min-width: 480px) and (max-width: 767px){ \n#top #wrap_all .av-special-heading.av-lqc42ege-454ba8d9eefaf069f84319a9c004c2fc .av-special-heading-tag{\nfont-size:0.8em;\n}\n}\n\n@media only screen and (max-width: 479px){ \n#top #wrap_all .av-special-heading.av-lqc42ege-454ba8d9eefaf069f84319a9c004c2fc .av-special-heading-tag{\nfont-size:0.8em;\n}\n}\n<\/style>\n<div  class='av-special-heading av-lqc42ege-454ba8d9eefaf069f84319a9c004c2fc av-special-heading-h3 custom-color-heading blockquote modern-quote modern-centered  avia-builder-el-19  el_before_av_textblock  avia-builder-el-first  av-inherit-size'><h3 class='av-special-heading-tag'  itemprop=\"headline\"  >Veuillez nous contacter<\/h3><div class=\"special-heading-border\"><div class=\"special-heading-inner-border\"><\/div><\/div><\/div>\n\n<style type=\"text\/css\" data-created_by=\"avia_inline_auto\" id=\"style-css-av-jraspvq9-a350c2799b85d9bf32a40158f7d67746\">\n#top .av_textblock_section.av-jraspvq9-a350c2799b85d9bf32a40158f7d67746 .avia_textblock{\ncolor:#ffffff;\n}\n<\/style>\n<section  class='av_textblock_section av-jraspvq9-a350c2799b85d9bf32a40158f7d67746 '   itemscope=\"itemscope\" itemtype=\"https:\/\/schema.org\/CreativeWork\" ><div class='avia_textblock av_inherit_color'  itemprop=\"text\" ><p style=\"text-align: center;\">Personne de contact : Dr. Lars Zanzig<br \/>\nT\u00e9l\u00e9phone : +49 30 \/ 8877 1300<\/p>\n<\/div><\/section>\n\n<style type=\"text\/css\" data-created_by=\"avia_inline_auto\" id=\"style-css-av-jnlwuw1u-122bbf44d8850ab2baa153577485ba8d\">\n#top .hr.av-jnlwuw1u-122bbf44d8850ab2baa153577485ba8d{\nmargin-top:30px;\nmargin-bottom:30px;\n}\n.hr.av-jnlwuw1u-122bbf44d8850ab2baa153577485ba8d .hr-inner{\nwidth:150px;\nborder-color:#de952a;\n}\n<\/style>\n<div  class='hr av-jnlwuw1u-122bbf44d8850ab2baa153577485ba8d hr-custom  avia-builder-el-21  el_after_av_textblock  el_before_av_one_fourth  hr-center hr-icon-no'><span class='hr-inner inner-border-av-border-thin'><span class=\"hr-inner-style\"><\/span><\/span><\/div>\n\n<style type=\"text\/css\" data-created_by=\"avia_inline_auto\" id=\"style-css-av-6147qe-29a8695f18e5b8a5a0fcfe6cb7db6479\">\n.flex_column.av-6147qe-29a8695f18e5b8a5a0fcfe6cb7db6479{\nborder-radius:0px 0px 0px 0px;\npadding:0px 0px 0px 0px;\n}\n<\/style>\n<div  class='flex_column av-6147qe-29a8695f18e5b8a5a0fcfe6cb7db6479 av_one_fourth  avia-builder-el-22  el_after_av_hr  el_before_av_one_half  first flex_column_div av-zero-column-padding  '     ><\/div>\n<style type=\"text\/css\" data-created_by=\"avia_inline_auto\" id=\"style-css-av-4u6fl2-60270856d602e011f71e18760ff38e08\">\n.flex_column.av-4u6fl2-60270856d602e011f71e18760ff38e08{\nborder-radius:0px 0px 0px 0px;\npadding:0px 0px 0px 0px;\n}\n<\/style>\n<div  class='flex_column av-4u6fl2-60270856d602e011f71e18760ff38e08 av_one_half  avia-builder-el-23  el_after_av_one_fourth  el_before_av_one_fourth  flex_column_div av-zero-column-padding  '     ><\/div>\n<style type=\"text\/css\" data-created_by=\"avia_inline_auto\" id=\"style-css-av-34tpp2-acc3f46440009e5b102e2390f7275030\">\n.flex_column.av-34tpp2-acc3f46440009e5b102e2390f7275030{\nborder-radius:0px 0px 0px 0px;\npadding:0px 0px 0px 0px;\n}\n<\/style>\n<div  class='flex_column av-34tpp2-acc3f46440009e5b102e2390f7275030 av_one_fourth  avia-builder-el-25  el_after_av_one_half  avia-builder-el-last  flex_column_div av-zero-column-padding  '     ><\/div><\/p>\n","protected":false},"excerpt":{"rendered":"","protected":false},"author":5,"featured_media":0,"parent":15297,"menu_order":0,"comment_status":"closed","ping_status":"closed","template":"","meta":{"footnotes":""},"class_list":["post-15331","page","type-page","status-publish","hentry"],"_links":{"self":[{"href":"https:\/\/serviva.com\/fr\/wp-json\/wp\/v2\/pages\/15331","targetHints":{"allow":["GET"]}}],"collection":[{"href":"https:\/\/serviva.com\/fr\/wp-json\/wp\/v2\/pages"}],"about":[{"href":"https:\/\/serviva.com\/fr\/wp-json\/wp\/v2\/types\/page"}],"author":[{"embeddable":true,"href":"https:\/\/serviva.com\/fr\/wp-json\/wp\/v2\/users\/5"}],"replies":[{"embeddable":true,"href":"https:\/\/serviva.com\/fr\/wp-json\/wp\/v2\/comments?post=15331"}],"version-history":[{"count":2,"href":"https:\/\/serviva.com\/fr\/wp-json\/wp\/v2\/pages\/15331\/revisions"}],"predecessor-version":[{"id":15337,"href":"https:\/\/serviva.com\/fr\/wp-json\/wp\/v2\/pages\/15331\/revisions\/15337"}],"up":[{"embeddable":true,"href":"https:\/\/serviva.com\/fr\/wp-json\/wp\/v2\/pages\/15297"}],"wp:attachment":[{"href":"https:\/\/serviva.com\/fr\/wp-json\/wp\/v2\/media?parent=15331"}],"curies":[{"name":"wp","href":"https:\/\/api.w.org\/{rel}","templated":true}]}}