{"id":15338,"date":"2023-12-19T09:59:38","date_gmt":"2023-12-19T08:59:38","guid":{"rendered":"https:\/\/serviva.com\/?page_id=15338"},"modified":"2023-12-19T09:59:38","modified_gmt":"2023-12-19T08:59:38","slug":"remuneration-de-linventeur-salarie","status":"publish","type":"page","link":"https:\/\/serviva.com\/fr\/services\/evaluation-de-lip\/remuneration-de-linventeur-salarie\/","title":{"rendered":"R\u00e9mun\u00e9ration de l&rsquo;inventeur salari\u00e9"},"content":{"rendered":"\n<style type=\"text\/css\" data-created_by=\"avia_inline_auto\" id=\"style-css-av-jnlwqzhr-7aa85b3e1c734643ac8b13d6dbf15898\">\n.avia-section.av-jnlwqzhr-7aa85b3e1c734643ac8b13d6dbf15898{\nbackground-repeat:no-repeat;\nbackground-image:url(https:\/\/serviva.com\/wp-content\/uploads\/2018\/10\/arbeitnehmer-erfinderverg\u00fctungen-header.jpg);\nbackground-position:50% 0%;\nbackground-attachment:scroll;\n}\n.avia-section.av-jnlwqzhr-7aa85b3e1c734643ac8b13d6dbf15898 .av-section-color-overlay{\nopacity:0.6;\nbackground-color:#005da4;\n}\n<\/style>\n<div id='av_section_1'  class='avia-section av-jnlwqzhr-7aa85b3e1c734643ac8b13d6dbf15898 main_color avia-section-small avia-no-shadow  avia-builder-el-0  el_before_av_section  avia-builder-el-first  avia-full-stretch avia-bg-style-scroll av-section-color-overlay-active container_wrap fullsize'  data-section-bg-repeat='stretch'><div class=\"av-section-color-overlay-wrap\"><div class=\"av-section-color-overlay\"><\/div><div class='container av-section-cont-open' ><main  role=\"main\" itemprop=\"mainContentOfPage\"  class='template-page content  av-content-full alpha units'><div class='post-entry post-entry-type-page post-entry-15338'><div class='entry-content-wrapper clearfix'>\n\n<style type=\"text\/css\" data-created_by=\"avia_inline_auto\" id=\"style-css-av-jnncd6zh-ce8d5d3b15b747cb07bc6689a9129afa\">\n#top .flex_column.av-jnncd6zh-ce8d5d3b15b747cb07bc6689a9129afa{\nmargin-top:20px;\nmargin-bottom:20px;\n}\n.flex_column.av-jnncd6zh-ce8d5d3b15b747cb07bc6689a9129afa{\nborder-radius:0px 0px 0px 0px;\npadding:0px 0px 0px 0px;\n}\n.responsive #top #wrap_all .flex_column.av-jnncd6zh-ce8d5d3b15b747cb07bc6689a9129afa{\nmargin-top:20px;\nmargin-bottom:20px;\n}\n<\/style>\n<div  class='flex_column av-jnncd6zh-ce8d5d3b15b747cb07bc6689a9129afa av_one_full  avia-builder-el-1  el_before_av_one_full  avia-builder-el-first  first flex_column_div av-zero-column-padding  '     ><style type=\"text\/css\" data-created_by=\"avia_inline_auto\" id=\"style-css-av-jnn447zi-0b4f3647aa4224fc0319b02e56260663\">\n#top .av_textblock_section.av-jnn447zi-0b4f3647aa4224fc0319b02e56260663 .avia_textblock{\nfont-size:12px;\ncolor:#ffffff;\n}\n<\/style>\n<section  class='av_textblock_section av-jnn447zi-0b4f3647aa4224fc0319b02e56260663 '   itemscope=\"itemscope\" itemtype=\"https:\/\/schema.org\/CreativeWork\" ><div class='avia_textblock av_inherit_color'  itemprop=\"text\" ><div class=\"breadcrumb breadcrumbs avia-breadcrumbs\"><div class=\"breadcrumb-trail\" ><span class=\"trail-before\"><span class=\"breadcrumb-title\">Vous \u00eates ici :<\/span><\/span> <span  itemscope=\"itemscope\" itemtype=\"https:\/\/schema.org\/BreadcrumbList\" ><span  itemscope=\"itemscope\" itemtype=\"https:\/\/schema.org\/ListItem\" itemprop=\"itemListElement\" ><a itemprop=\"url\" href=\"https:\/\/serviva.com\/fr\/\" title=\"SERVIVA\" rel=\"home\" class=\"trail-begin\"><span itemprop=\"name\">Accueil<\/span><\/a><span itemprop=\"position\" class=\"hidden\">1<\/span><\/span><\/span><\/div><\/div>\n<\/div><\/section><\/div>\n<style type=\"text\/css\" data-created_by=\"avia_inline_auto\" id=\"style-css-av-jnncgdgr-dfa968d6326c795278514139e42c8580\">\n#top .flex_column.av-jnncgdgr-dfa968d6326c795278514139e42c8580{\nmargin-top:80px;\nmargin-bottom:60px;\n}\n.flex_column.av-jnncgdgr-dfa968d6326c795278514139e42c8580{\nborder-radius:0px 0px 0px 0px;\npadding:0px 0px 0px 0px;\n}\n.responsive #top #wrap_all .flex_column.av-jnncgdgr-dfa968d6326c795278514139e42c8580{\nmargin-top:80px;\nmargin-bottom:60px;\n}\n<\/style>\n<div  class='flex_column av-jnncgdgr-dfa968d6326c795278514139e42c8580 av_one_full  avia-builder-el-3  el_after_av_one_full  avia-builder-el-last  first flex_column_div av-zero-column-padding  column-top-margin'     ><p>\n<style type=\"text\/css\" data-created_by=\"avia_inline_auto\" id=\"style-css-av-lqc44g2v-2a18ef10598a0ba13462096a3ea5f83f\">\n#top .av-special-heading.av-lqc44g2v-2a18ef10598a0ba13462096a3ea5f83f{\nmargin:20px 0 0 0;\npadding-bottom:10px;\ncolor:#ffffff;\nfont-size:40px;\n}\nbody .av-special-heading.av-lqc44g2v-2a18ef10598a0ba13462096a3ea5f83f .av-special-heading-tag .heading-char{\nfont-size:25px;\n}\n#top #wrap_all .av-special-heading.av-lqc44g2v-2a18ef10598a0ba13462096a3ea5f83f .av-special-heading-tag{\nfont-size:40px;\n}\n.av-special-heading.av-lqc44g2v-2a18ef10598a0ba13462096a3ea5f83f .special-heading-inner-border{\nborder-color:#ffffff;\n}\n.av-special-heading.av-lqc44g2v-2a18ef10598a0ba13462096a3ea5f83f .av-subheading{\nfont-size:16px;\n}\n\n@media only screen and (min-width: 480px) and (max-width: 767px){ \n#top #wrap_all .av-special-heading.av-lqc44g2v-2a18ef10598a0ba13462096a3ea5f83f .av-special-heading-tag{\nfont-size:0.8em;\n}\n}\n\n@media only screen and (max-width: 479px){ \n#top #wrap_all .av-special-heading.av-lqc44g2v-2a18ef10598a0ba13462096a3ea5f83f .av-special-heading-tag{\nfont-size:0.8em;\n}\n}\n<\/style>\n<div  class='av-special-heading av-lqc44g2v-2a18ef10598a0ba13462096a3ea5f83f av-special-heading-h1 custom-color-heading blockquote modern-quote modern-centered  avia-builder-el-4  el_before_av_hr  avia-builder-el-first  av-inherit-size'><h1 class='av-special-heading-tag'  itemprop=\"headline\"  >R\u00e9mun\u00e9ration de l\u2019inventeur salari\u00e9<\/h1><div class='av_custom_color av-subheading av-subheading_below'><p>Quelles sont les demandes de r\u00e9mun\u00e9ration justifi\u00e9es et pourquoi?<\/p>\n<\/div><div class=\"special-heading-border\"><div class=\"special-heading-inner-border\"><\/div><\/div><\/div><br \/>\n\n<style type=\"text\/css\" data-created_by=\"avia_inline_auto\" id=\"style-css-av-jr95s9pe-6db23b96b8199ad9eb880982dc54df09\">\n#top .hr.av-jr95s9pe-6db23b96b8199ad9eb880982dc54df09{\nmargin-top:30px;\nmargin-bottom:5px;\n}\n.hr.av-jr95s9pe-6db23b96b8199ad9eb880982dc54df09 .hr-inner{\nwidth:150px;\nborder-color:#de952a;\n}\n<\/style>\n<div  class='hr av-jr95s9pe-6db23b96b8199ad9eb880982dc54df09 hr-custom  avia-builder-el-5  el_after_av_heading  avia-builder-el-last  hr-center hr-icon-no'><span class='hr-inner inner-border-av-border-thin'><span class=\"hr-inner-style\"><\/span><\/span><\/div><\/p><\/div><\/div><\/div><\/main><!-- close content main element --><\/div><\/div><\/div>\n<style type=\"text\/css\" data-created_by=\"avia_inline_auto\" id=\"style-css-av-jnlwxlf0-2c3d741ab993f2fbe68dde4cc4fbc234\">\n.avia-section.av-jnlwxlf0-2c3d741ab993f2fbe68dde4cc4fbc234 .av-extra-border-element .av-extra-border-inner{\nbackground-color:#ffffff;\n}\n<\/style>\n<div id='av_section_2'  class='avia-section av-jnlwxlf0-2c3d741ab993f2fbe68dde4cc4fbc234 main_color avia-section-default avia-no-border-styling  avia-builder-el-6  el_after_av_section  el_before_av_section  avia-bg-style-scroll av-arrow-down-section container_wrap fullsize'  ><div class='container av-section-cont-open' ><div class='template-page content  av-content-full alpha units'><div class='post-entry post-entry-type-page post-entry-15338'><div class='entry-content-wrapper clearfix'>\n\n<style type=\"text\/css\" data-created_by=\"avia_inline_auto\" id=\"style-css-av-7l23qe-2cf6526f334418e3911b3c6cd81d536f\">\n.flex_column.av-7l23qe-2cf6526f334418e3911b3c6cd81d536f{\nborder-radius:0px 0px 0px 0px;\npadding:0px 0px 0px 0px;\n}\n<\/style>\n<div  class='flex_column av-7l23qe-2cf6526f334418e3911b3c6cd81d536f av_two_third  avia-builder-el-7  el_before_av_one_third  avia-builder-el-first  first flex_column_div av-zero-column-padding  '     ><section  class='av_textblock_section av-jnlwxz5d-f1a57a50293280d3731c9cb161ed7ffb '   itemscope=\"itemscope\" itemtype=\"https:\/\/schema.org\/CreativeWork\" ><div class='avia_textblock'  itemprop=\"text\" ><p>La r\u00e9mun\u00e9ration des employ\u00e9s est une question complexe qui, selon le domaine juridique, pose diff\u00e9rents d\u00e9fis aux employeurs.<\/p>\n<p>Le risque de conflit est donc important dans ce domaine, car les salari\u00e9s et les employeurs sont souvent en d\u00e9saccord sur la question de savoir si et, le cas \u00e9ch\u00e9ant, dans quelle mesure des inventions prot\u00e9g\u00e9es par un brevet ont \u00e9t\u00e9 utilis\u00e9es dans de nouveaux produits et sur la mani\u00e8re dont ces inventions doivent \u00eatre r\u00e9mun\u00e9r\u00e9es.<\/p>\n<p>Il s&rsquo;agit toujours de d\u00e9terminer la base d&rsquo;\u00e9valuation de la r\u00e9mun\u00e9ration, ce qui n&rsquo;est pas toujours facile \u00e0 faire.<\/p>\n<p>Nous proposons aux entreprises et aux salari\u00e9s concern\u00e9s des \u00e9valuations ind\u00e9pendantes des inventions de salari\u00e9s d&rsquo;un point de vue technique et \u00e9conomique.<\/p>\n<p>Nos clients re\u00e7oivent ainsi des rapports d&rsquo;experts contenant une \u00e9valuation mon\u00e9taire de l&rsquo;invention, conform\u00e9ment aux dispositions l\u00e9gales.<\/p>\n<\/div><\/section><\/div>\n<style type=\"text\/css\" data-created_by=\"avia_inline_auto\" id=\"style-css-av-6gxhk6-653c51fe39d332f00dbd9644ccb70db1\">\n.flex_column.av-6gxhk6-653c51fe39d332f00dbd9644ccb70db1{\nborder-radius:0px 0px 0px 0px;\npadding:0px 0px 0px 0px;\n}\n<\/style>\n<div  class='flex_column av-6gxhk6-653c51fe39d332f00dbd9644ccb70db1 av_one_third  avia-builder-el-9  el_after_av_two_third  avia-builder-el-last  flex_column_div av-zero-column-padding  '     ><style type=\"text\/css\" data-created_by=\"avia_inline_auto\" id=\"style-css-av-jnn38344-63474d778130e4ed99f3b7a8043c0850\">\n.avia-image-container.av-jnn38344-63474d778130e4ed99f3b7a8043c0850 img.avia_image{\nbox-shadow:none;\n}\n.avia-image-container.av-jnn38344-63474d778130e4ed99f3b7a8043c0850 .av-image-caption-overlay-center{\ncolor:#ffffff;\n}\n<\/style>\n<div  class='avia-image-container av-jnn38344-63474d778130e4ed99f3b7a8043c0850 av-styling-circle av-hover-grow avia_animated_image av-animated-when-visible-95 pop-up avia-align-center  avia-builder-el-10  avia-builder-el-no-sibling '   itemprop=\"image\" itemscope=\"itemscope\" itemtype=\"https:\/\/schema.org\/ImageObject\" ><div class=\"avia-image-container-inner\"><div class=\"avia-image-overlay-wrap\"><img decoding=\"async\" fetchpriority=\"high\" class=\"wp-image-5721 avia-img-lazy-loading-not-5721 avia_image \" src=\"https:\/\/serviva.com\/wp-content\/uploads\/2018\/10\/arbeitnehmer-erfinderverg\u00fctungen-icon.jpg\" alt=\"\" title=\"Arbeitnehmer-Erfinderverg\u00fctungen Icon\" height=\"1000\" width=\"707\" itemprop=\"thumbnailUrl\" srcset=\"https:\/\/serviva.com\/wp-content\/uploads\/2018\/10\/arbeitnehmer-erfinderverg\u00fctungen-icon.jpg 707w, https:\/\/serviva.com\/wp-content\/uploads\/2018\/10\/arbeitnehmer-erfinderverg\u00fctungen-icon-212x300.jpg 212w, https:\/\/serviva.com\/wp-content\/uploads\/2018\/10\/arbeitnehmer-erfinderverg\u00fctungen-icon-498x705.jpg 498w, https:\/\/serviva.com\/wp-content\/uploads\/2018\/10\/arbeitnehmer-erfinderverg\u00fctungen-icon-450x636.jpg 450w\" sizes=\"(max-width: 707px) 100vw, 707px\"><\/div><\/div><\/div><\/div><\/div><\/div><\/div><!-- close content main div --><\/div><div class='av-extra-border-element border-extra-arrow-down'><div class='av-extra-border-outer'><div class='av-extra-border-inner'><\/div><\/div><\/div><\/div>\n<style type=\"text\/css\" data-created_by=\"avia_inline_auto\" id=\"style-css-av-b104g6-1fe9ed81a0df6ad10835ba811fee6ab6\">\n.avia-section.av-b104g6-1fe9ed81a0df6ad10835ba811fee6ab6{\nbackground-repeat:no-repeat;\nbackground-image:url(https:\/\/serviva.com\/wp-content\/uploads\/2019\/02\/kontakt-hintergrund-1500x1238.jpg);\nbackground-position:50% 0%;\nbackground-attachment:fixed;\n}\n.avia-section.av-b104g6-1fe9ed81a0df6ad10835ba811fee6ab6 .av-section-color-overlay{\nopacity:0.6;\nbackground-color:#005da4;\n}\n<\/style>\n<div id='av_section_3'  class='avia-section av-b104g6-1fe9ed81a0df6ad10835ba811fee6ab6 main_color avia-section-default avia-no-border-styling  avia-builder-el-11  el_after_av_section  avia-builder-el-last  avia-full-stretch avia-bg-style-fixed av-section-color-overlay-active container_wrap fullsize'  data-section-bg-repeat='stretch'><div class=\"av-section-color-overlay-wrap\"><div class=\"av-section-color-overlay\"><\/div><div class='container av-section-cont-open' ><div class='template-page content  av-content-full alpha units'><div class='post-entry post-entry-type-page post-entry-15338'><div class='entry-content-wrapper clearfix'>\n\n<style type=\"text\/css\" data-created_by=\"avia_inline_auto\" id=\"style-css-av-lqc4540l-4b99c45ec3061dbd24443302e64b052d\">\n#top .av-special-heading.av-lqc4540l-4b99c45ec3061dbd24443302e64b052d{\npadding-bottom:10px;\ncolor:#ffffff;\nfont-size:28px;\n}\nbody .av-special-heading.av-lqc4540l-4b99c45ec3061dbd24443302e64b052d .av-special-heading-tag .heading-char{\nfont-size:25px;\n}\n#top #wrap_all .av-special-heading.av-lqc4540l-4b99c45ec3061dbd24443302e64b052d .av-special-heading-tag{\nfont-size:28px;\n}\n.av-special-heading.av-lqc4540l-4b99c45ec3061dbd24443302e64b052d .special-heading-inner-border{\nborder-color:#ffffff;\n}\n.av-special-heading.av-lqc4540l-4b99c45ec3061dbd24443302e64b052d .av-subheading{\nfont-size:15px;\n}\n\n@media only screen and (min-width: 480px) and (max-width: 767px){ \n#top #wrap_all .av-special-heading.av-lqc4540l-4b99c45ec3061dbd24443302e64b052d .av-special-heading-tag{\nfont-size:0.8em;\n}\n}\n\n@media only screen and (max-width: 479px){ \n#top #wrap_all .av-special-heading.av-lqc4540l-4b99c45ec3061dbd24443302e64b052d .av-special-heading-tag{\nfont-size:0.8em;\n}\n}\n<\/style>\n<div  class='av-special-heading av-lqc4540l-4b99c45ec3061dbd24443302e64b052d av-special-heading-h3 custom-color-heading blockquote modern-quote modern-centered  avia-builder-el-12  el_before_av_textblock  avia-builder-el-first  av-inherit-size'><h3 class='av-special-heading-tag'  itemprop=\"headline\"  >Veuillez nous contacter<\/h3><div class=\"special-heading-border\"><div class=\"special-heading-inner-border\"><\/div><\/div><\/div>\n\n<style type=\"text\/css\" data-created_by=\"avia_inline_auto\" id=\"style-css-av-jraspvq9-a350c2799b85d9bf32a40158f7d67746\">\n#top .av_textblock_section.av-jraspvq9-a350c2799b85d9bf32a40158f7d67746 .avia_textblock{\ncolor:#ffffff;\n}\n<\/style>\n<section  class='av_textblock_section av-jraspvq9-a350c2799b85d9bf32a40158f7d67746 '   itemscope=\"itemscope\" itemtype=\"https:\/\/schema.org\/CreativeWork\" ><div class='avia_textblock av_inherit_color'  itemprop=\"text\" ><p style=\"text-align: center;\">Personne de contact : Dr. Raphael Jung<br \/>\nT\u00e9l\u00e9phone : +49 30 \/ 8877 1300<\/p>\n<\/div><\/section>\n\n<style type=\"text\/css\" data-created_by=\"avia_inline_auto\" id=\"style-css-av-jnlwuw1u-122bbf44d8850ab2baa153577485ba8d\">\n#top .hr.av-jnlwuw1u-122bbf44d8850ab2baa153577485ba8d{\nmargin-top:30px;\nmargin-bottom:30px;\n}\n.hr.av-jnlwuw1u-122bbf44d8850ab2baa153577485ba8d .hr-inner{\nwidth:150px;\nborder-color:#de952a;\n}\n<\/style>\n<div  class='hr av-jnlwuw1u-122bbf44d8850ab2baa153577485ba8d hr-custom  avia-builder-el-14  el_after_av_textblock  el_before_av_one_fourth  hr-center hr-icon-no'><span class='hr-inner inner-border-av-border-thin'><span class=\"hr-inner-style\"><\/span><\/span><\/div>\n\n<style type=\"text\/css\" data-created_by=\"avia_inline_auto\" id=\"style-css-av-6147qe-29a8695f18e5b8a5a0fcfe6cb7db6479\">\n.flex_column.av-6147qe-29a8695f18e5b8a5a0fcfe6cb7db6479{\nborder-radius:0px 0px 0px 0px;\npadding:0px 0px 0px 0px;\n}\n<\/style>\n<div  class='flex_column av-6147qe-29a8695f18e5b8a5a0fcfe6cb7db6479 av_one_fourth  avia-builder-el-15  el_after_av_hr  el_before_av_one_half  first flex_column_div av-zero-column-padding  '     ><\/div>\n<style type=\"text\/css\" data-created_by=\"avia_inline_auto\" id=\"style-css-av-4u6fl2-60270856d602e011f71e18760ff38e08\">\n.flex_column.av-4u6fl2-60270856d602e011f71e18760ff38e08{\nborder-radius:0px 0px 0px 0px;\npadding:0px 0px 0px 0px;\n}\n<\/style>\n<div  class='flex_column av-4u6fl2-60270856d602e011f71e18760ff38e08 av_one_half  avia-builder-el-16  el_after_av_one_fourth  el_before_av_one_fourth  flex_column_div av-zero-column-padding  '     ><\/div>\n<style type=\"text\/css\" data-created_by=\"avia_inline_auto\" id=\"style-css-av-34tpp2-acc3f46440009e5b102e2390f7275030\">\n.flex_column.av-34tpp2-acc3f46440009e5b102e2390f7275030{\nborder-radius:0px 0px 0px 0px;\npadding:0px 0px 0px 0px;\n}\n<\/style>\n<div  class='flex_column av-34tpp2-acc3f46440009e5b102e2390f7275030 av_one_fourth  avia-builder-el-18  el_after_av_one_half  avia-builder-el-last  flex_column_div av-zero-column-padding  '     ><\/div><\/p>\n","protected":false},"excerpt":{"rendered":"","protected":false},"author":5,"featured_media":0,"parent":15297,"menu_order":0,"comment_status":"closed","ping_status":"closed","template":"","meta":{"footnotes":""},"class_list":["post-15338","page","type-page","status-publish","hentry"],"_links":{"self":[{"href":"https:\/\/serviva.com\/fr\/wp-json\/wp\/v2\/pages\/15338","targetHints":{"allow":["GET"]}}],"collection":[{"href":"https:\/\/serviva.com\/fr\/wp-json\/wp\/v2\/pages"}],"about":[{"href":"https:\/\/serviva.com\/fr\/wp-json\/wp\/v2\/types\/page"}],"author":[{"embeddable":true,"href":"https:\/\/serviva.com\/fr\/wp-json\/wp\/v2\/users\/5"}],"replies":[{"embeddable":true,"href":"https:\/\/serviva.com\/fr\/wp-json\/wp\/v2\/comments?post=15338"}],"version-history":[{"count":3,"href":"https:\/\/serviva.com\/fr\/wp-json\/wp\/v2\/pages\/15338\/revisions"}],"predecessor-version":[{"id":15344,"href":"https:\/\/serviva.com\/fr\/wp-json\/wp\/v2\/pages\/15338\/revisions\/15344"}],"up":[{"embeddable":true,"href":"https:\/\/serviva.com\/fr\/wp-json\/wp\/v2\/pages\/15297"}],"wp:attachment":[{"href":"https:\/\/serviva.com\/fr\/wp-json\/wp\/v2\/media?parent=15338"}],"curies":[{"name":"wp","href":"https:\/\/api.w.org\/{rel}","templated":true}]}}