{"id":15378,"date":"2023-12-19T10:21:27","date_gmt":"2023-12-19T09:21:27","guid":{"rendered":"https:\/\/serviva.com\/?page_id=15378"},"modified":"2023-12-19T10:21:27","modified_gmt":"2023-12-19T09:21:27","slug":"gestion-interimaire","status":"publish","type":"page","link":"https:\/\/serviva.com\/fr\/services\/gestion-de-lip\/gestion-interimaire\/","title":{"rendered":"Gestion int\u00e9rimaire"},"content":{"rendered":"\n<style type=\"text\/css\" data-created_by=\"avia_inline_auto\" id=\"style-css-av-jnlwqzhr-43131a65aa3114f4709db61f93aa65df\">\n.avia-section.av-jnlwqzhr-43131a65aa3114f4709db61f93aa65df{\nbackground-repeat:no-repeat;\nbackground-image:url(https:\/\/serviva.com\/wp-content\/uploads\/2019\/02\/interims-management.jpg);\nbackground-position:50% 0%;\nbackground-attachment:fixed;\n}\n.avia-section.av-jnlwqzhr-43131a65aa3114f4709db61f93aa65df .av-section-color-overlay{\nopacity:0.6;\nbackground-color:#005da4;\n}\n<\/style>\n<div id='av_section_1'  class='avia-section av-jnlwqzhr-43131a65aa3114f4709db61f93aa65df main_color avia-section-small avia-no-shadow  avia-builder-el-0  el_before_av_section  avia-builder-el-first  avia-full-stretch avia-bg-style-fixed av-section-color-overlay-active container_wrap fullsize'  data-section-bg-repeat='stretch'><div class=\"av-section-color-overlay-wrap\"><div class=\"av-section-color-overlay\"><\/div><div class='container av-section-cont-open' ><main  role=\"main\" itemprop=\"mainContentOfPage\"  class='template-page content  av-content-full alpha units'><div class='post-entry post-entry-type-page post-entry-15378'><div class='entry-content-wrapper clearfix'>\n\n<style type=\"text\/css\" data-created_by=\"avia_inline_auto\" id=\"style-css-av-jnncd6zh-ce8d5d3b15b747cb07bc6689a9129afa\">\n#top .flex_column.av-jnncd6zh-ce8d5d3b15b747cb07bc6689a9129afa{\nmargin-top:20px;\nmargin-bottom:20px;\n}\n.flex_column.av-jnncd6zh-ce8d5d3b15b747cb07bc6689a9129afa{\nborder-radius:0px 0px 0px 0px;\npadding:0px 0px 0px 0px;\n}\n.responsive #top #wrap_all .flex_column.av-jnncd6zh-ce8d5d3b15b747cb07bc6689a9129afa{\nmargin-top:20px;\nmargin-bottom:20px;\n}\n<\/style>\n<div  class='flex_column av-jnncd6zh-ce8d5d3b15b747cb07bc6689a9129afa av_one_full  avia-builder-el-1  el_before_av_one_full  avia-builder-el-first  first flex_column_div av-zero-column-padding  '     ><style type=\"text\/css\" data-created_by=\"avia_inline_auto\" id=\"style-css-av-jnn447zi-0b4f3647aa4224fc0319b02e56260663\">\n#top .av_textblock_section.av-jnn447zi-0b4f3647aa4224fc0319b02e56260663 .avia_textblock{\nfont-size:12px;\ncolor:#ffffff;\n}\n<\/style>\n<section  class='av_textblock_section av-jnn447zi-0b4f3647aa4224fc0319b02e56260663 '   itemscope=\"itemscope\" itemtype=\"https:\/\/schema.org\/CreativeWork\" ><div class='avia_textblock av_inherit_color'  itemprop=\"text\" ><div class=\"breadcrumb breadcrumbs avia-breadcrumbs\"><div class=\"breadcrumb-trail\" ><span class=\"trail-before\"><span class=\"breadcrumb-title\">Vous \u00eates ici :<\/span><\/span> <span  itemscope=\"itemscope\" itemtype=\"https:\/\/schema.org\/BreadcrumbList\" ><span  itemscope=\"itemscope\" itemtype=\"https:\/\/schema.org\/ListItem\" itemprop=\"itemListElement\" ><a itemprop=\"url\" href=\"https:\/\/serviva.com\/fr\/\" title=\"SERVIVA\" rel=\"home\" class=\"trail-begin\"><span itemprop=\"name\">Accueil<\/span><\/a><span itemprop=\"position\" class=\"hidden\">1<\/span><\/span><\/span><\/div><\/div>\n<\/div><\/section><\/div>\n<style type=\"text\/css\" data-created_by=\"avia_inline_auto\" id=\"style-css-av-jnncgdgr-093696378fc334c72e4c81de5c7d13f3\">\n#top .flex_column.av-jnncgdgr-093696378fc334c72e4c81de5c7d13f3{\nmargin-top:60px;\nmargin-bottom:40px;\n}\n.flex_column.av-jnncgdgr-093696378fc334c72e4c81de5c7d13f3{\nborder-radius:0px 0px 0px 0px;\npadding:0px 0px 0px 0px;\n}\n.responsive #top #wrap_all .flex_column.av-jnncgdgr-093696378fc334c72e4c81de5c7d13f3{\nmargin-top:60px;\nmargin-bottom:40px;\n}\n<\/style>\n<div  class='flex_column av-jnncgdgr-093696378fc334c72e4c81de5c7d13f3 av_one_full  avia-builder-el-3  el_after_av_one_full  avia-builder-el-last  first flex_column_div av-zero-column-padding  column-top-margin'     ><p>\n<style type=\"text\/css\" data-created_by=\"avia_inline_auto\" id=\"style-css-av-lqc4vzmh-45912b9c69f011df2c57011491561aa2\">\n#top .av-special-heading.av-lqc4vzmh-45912b9c69f011df2c57011491561aa2{\nmargin:20px 0 0 0;\npadding-bottom:10px;\ncolor:#ffffff;\nfont-size:40px;\n}\nbody .av-special-heading.av-lqc4vzmh-45912b9c69f011df2c57011491561aa2 .av-special-heading-tag .heading-char{\nfont-size:25px;\n}\n#top #wrap_all .av-special-heading.av-lqc4vzmh-45912b9c69f011df2c57011491561aa2 .av-special-heading-tag{\nfont-size:40px;\n}\n.av-special-heading.av-lqc4vzmh-45912b9c69f011df2c57011491561aa2 .special-heading-inner-border{\nborder-color:#ffffff;\n}\n.av-special-heading.av-lqc4vzmh-45912b9c69f011df2c57011491561aa2 .av-subheading{\nfont-size:16px;\n}\n\n@media only screen and (min-width: 480px) and (max-width: 767px){ \n#top #wrap_all .av-special-heading.av-lqc4vzmh-45912b9c69f011df2c57011491561aa2 .av-special-heading-tag{\nfont-size:0.8em;\n}\n}\n\n@media only screen and (max-width: 479px){ \n#top #wrap_all .av-special-heading.av-lqc4vzmh-45912b9c69f011df2c57011491561aa2 .av-special-heading-tag{\nfont-size:0.8em;\n}\n}\n<\/style>\n<div  class='av-special-heading av-lqc4vzmh-45912b9c69f011df2c57011491561aa2 av-special-heading-h1 custom-color-heading blockquote modern-quote modern-centered  avia-builder-el-4  el_before_av_hr  avia-builder-el-first  av-inherit-size'><h1 class='av-special-heading-tag'  itemprop=\"headline\"  >Gestion int\u00e9rimaire<\/h1><div class='av_custom_color av-subheading av-subheading_below'><p>Vous avez besoin d&rsquo;un soutien temporaire d&rsquo;un expert pour la gestion de vos droits de propri\u00e9t\u00e9 industrielle?<\/p>\n<\/div><div class=\"special-heading-border\"><div class=\"special-heading-inner-border\"><\/div><\/div><\/div><br \/>\n\n<style type=\"text\/css\" data-created_by=\"avia_inline_auto\" id=\"style-css-av-jr95s9pe-6db23b96b8199ad9eb880982dc54df09\">\n#top .hr.av-jr95s9pe-6db23b96b8199ad9eb880982dc54df09{\nmargin-top:30px;\nmargin-bottom:5px;\n}\n.hr.av-jr95s9pe-6db23b96b8199ad9eb880982dc54df09 .hr-inner{\nwidth:150px;\nborder-color:#de952a;\n}\n<\/style>\n<div  class='hr av-jr95s9pe-6db23b96b8199ad9eb880982dc54df09 hr-custom  avia-builder-el-5  el_after_av_heading  avia-builder-el-last  hr-center hr-icon-no'><span class='hr-inner inner-border-av-border-thin'><span class=\"hr-inner-style\"><\/span><\/span><\/div><\/p><\/div><\/div><\/div><\/main><!-- close content main element --><\/div><\/div><\/div>\n<style type=\"text\/css\" data-created_by=\"avia_inline_auto\" id=\"style-css-av-jnlwxlf0-2c3d741ab993f2fbe68dde4cc4fbc234\">\n.avia-section.av-jnlwxlf0-2c3d741ab993f2fbe68dde4cc4fbc234 .av-extra-border-element .av-extra-border-inner{\nbackground-color:#ffffff;\n}\n<\/style>\n<div id='av_section_2'  class='avia-section av-jnlwxlf0-2c3d741ab993f2fbe68dde4cc4fbc234 main_color avia-section-default avia-no-border-styling  avia-builder-el-6  el_after_av_section  el_before_av_section  avia-bg-style-scroll av-arrow-down-section container_wrap fullsize'  ><div class='container av-section-cont-open' ><div class='template-page content  av-content-full alpha units'><div class='post-entry post-entry-type-page post-entry-15378'><div class='entry-content-wrapper clearfix'>\n\n<style type=\"text\/css\" data-created_by=\"avia_inline_auto\" id=\"style-css-av-7l23qe-2cf6526f334418e3911b3c6cd81d536f\">\n.flex_column.av-7l23qe-2cf6526f334418e3911b3c6cd81d536f{\nborder-radius:0px 0px 0px 0px;\npadding:0px 0px 0px 0px;\n}\n<\/style>\n<div  class='flex_column av-7l23qe-2cf6526f334418e3911b3c6cd81d536f av_two_third  avia-builder-el-7  el_before_av_one_third  avia-builder-el-first  first flex_column_div av-zero-column-padding  '     ><section  class='av_textblock_section av-jnlwxz5d-f1a57a50293280d3731c9cb161ed7ffb '   itemscope=\"itemscope\" itemtype=\"https:\/\/schema.org\/CreativeWork\" ><div class='avia_textblock'  itemprop=\"text\" ><p>Si votre entreprise n&rsquo;a pas d&rsquo;agent de brevets, si celui-ci a trop de travail ou s&rsquo;il est m\u00eame absent, les ing\u00e9nieurs en brevets de Serviva GmbH peuvent vous apporter leur soutien et travailler directement dans votre entreprise.<\/p>\n<p>Souvent, il suffit de combler les lacunes en mati\u00e8re de communication entre les inventeurs et les conseils en brevets.<\/p>\n<p>C&rsquo;est l\u00e0 que les sp\u00e9cialistes de Serviva commencent. Ils pr\u00e9parent, en collaboration avec les inventeurs, tous les documents n\u00e9cessaires \u00e0 la prise de d\u00e9cision interne \u00e0 l&rsquo;entreprise et pr\u00e9parent tous les documents de mani\u00e8re \u00e0 ce que le conseil en brevets puisse d\u00e9poser rapidement et \u00e0 peu de frais la demande de brevet.<\/p>\n<p>Sur demande, les interim managers prennent en charge l&rsquo;ensemble des services d&rsquo;un d\u00e9partement interne de propri\u00e9t\u00e9 intellectuelle, comme le traitement de toutes les t\u00e2ches administratives.<\/p>\n<\/div><\/section><\/div>\n<style type=\"text\/css\" data-created_by=\"avia_inline_auto\" id=\"style-css-av-6gxhk6-653c51fe39d332f00dbd9644ccb70db1\">\n.flex_column.av-6gxhk6-653c51fe39d332f00dbd9644ccb70db1{\nborder-radius:0px 0px 0px 0px;\npadding:0px 0px 0px 0px;\n}\n<\/style>\n<div  class='flex_column av-6gxhk6-653c51fe39d332f00dbd9644ccb70db1 av_one_third  avia-builder-el-9  el_after_av_two_third  avia-builder-el-last  flex_column_div av-zero-column-padding  '     ><style type=\"text\/css\" data-created_by=\"avia_inline_auto\" id=\"style-css-av-jnn38344-a4983949ac6d6a406f10557c973be176\">\n.avia-image-container.av-jnn38344-a4983949ac6d6a406f10557c973be176 img.avia_image{\nbox-shadow:none;\n}\n.avia-image-container.av-jnn38344-a4983949ac6d6a406f10557c973be176 .av-image-caption-overlay-center{\ncolor:#ffffff;\n}\n<\/style>\n<div  class='avia-image-container av-jnn38344-a4983949ac6d6a406f10557c973be176 av-styling-circle av-hover-grow avia_animated_image av-animated-when-visible-95 pop-up avia-align-center  avia-builder-el-10  avia-builder-el-no-sibling '   itemprop=\"image\" itemscope=\"itemscope\" itemtype=\"https:\/\/schema.org\/ImageObject\" ><div class=\"avia-image-container-inner\"><div class=\"avia-image-overlay-wrap\"><img decoding=\"async\" fetchpriority=\"high\" class=\"wp-image-5699 avia-img-lazy-loading-not-5699 avia_image \" src=\"https:\/\/serviva.com\/wp-content\/uploads\/2018\/10\/interims-management-icon-1.jpg\" alt=\"\" title=\"Interims-Management Icon 1\" height=\"1000\" width=\"1000\" itemprop=\"thumbnailUrl\" srcset=\"https:\/\/serviva.com\/wp-content\/uploads\/2018\/10\/interims-management-icon-1.jpg 1000w, https:\/\/serviva.com\/wp-content\/uploads\/2018\/10\/interims-management-icon-1-80x80.jpg 80w, https:\/\/serviva.com\/wp-content\/uploads\/2018\/10\/interims-management-icon-1-300x300.jpg 300w, https:\/\/serviva.com\/wp-content\/uploads\/2018\/10\/interims-management-icon-1-768x768.jpg 768w, https:\/\/serviva.com\/wp-content\/uploads\/2018\/10\/interims-management-icon-1-36x36.jpg 36w, https:\/\/serviva.com\/wp-content\/uploads\/2018\/10\/interims-management-icon-1-180x180.jpg 180w, https:\/\/serviva.com\/wp-content\/uploads\/2018\/10\/interims-management-icon-1-705x705.jpg 705w, https:\/\/serviva.com\/wp-content\/uploads\/2018\/10\/interims-management-icon-1-120x120.jpg 120w, https:\/\/serviva.com\/wp-content\/uploads\/2018\/10\/interims-management-icon-1-450x450.jpg 450w\" sizes=\"(max-width: 1000px) 100vw, 1000px\"><\/div><\/div><\/div><\/div><\/div><\/div><\/div><!-- close content main div --><\/div><div class='av-extra-border-element border-extra-arrow-down'><div class='av-extra-border-outer'><div class='av-extra-border-inner'><\/div><\/div><\/div><\/div>\n<style type=\"text\/css\" data-created_by=\"avia_inline_auto\" id=\"style-css-av-jnlwxlf0-b69537c04a4a7717c93a478c05fdffb5\">\n.avia-section.av-jnlwxlf0-b69537c04a4a7717c93a478c05fdffb5{\nbackground-color:#f9f9f9;\nbackground-image:unset;\n}\n.avia-section.av-jnlwxlf0-b69537c04a4a7717c93a478c05fdffb5 .av-extra-border-element .av-extra-border-inner{\nbackground-color:#f9f9f9;\n}\n<\/style>\n<div id='av_section_3'  class='avia-section av-jnlwxlf0-b69537c04a4a7717c93a478c05fdffb5 main_color avia-section-default avia-no-border-styling  avia-builder-el-11  el_after_av_section  el_before_av_section  avia-bg-style-scroll av-arrow-down-section container_wrap fullsize'  ><div class='container av-section-cont-open' ><div class='template-page content  av-content-full alpha units'><div class='post-entry post-entry-type-page post-entry-15378'><div class='entry-content-wrapper clearfix'>\n\n<style type=\"text\/css\" data-created_by=\"avia_inline_auto\" id=\"style-css-av-lqc4wky5-e7b96d0fbba89971e26abb8eabf3d15c\">\n#top .av-special-heading.av-lqc4wky5-e7b96d0fbba89971e26abb8eabf3d15c{\npadding-bottom:10px;\nfont-size:28px;\n}\nbody .av-special-heading.av-lqc4wky5-e7b96d0fbba89971e26abb8eabf3d15c .av-special-heading-tag .heading-char{\nfont-size:25px;\n}\n#top #wrap_all .av-special-heading.av-lqc4wky5-e7b96d0fbba89971e26abb8eabf3d15c .av-special-heading-tag{\nfont-size:28px;\n}\n.av-special-heading.av-lqc4wky5-e7b96d0fbba89971e26abb8eabf3d15c .av-subheading{\nfont-size:15px;\n}\n\n@media only screen and (min-width: 480px) and (max-width: 767px){ \n#top #wrap_all .av-special-heading.av-lqc4wky5-e7b96d0fbba89971e26abb8eabf3d15c .av-special-heading-tag{\nfont-size:0.8em;\n}\n}\n\n@media only screen and (max-width: 479px){ \n#top #wrap_all .av-special-heading.av-lqc4wky5-e7b96d0fbba89971e26abb8eabf3d15c .av-special-heading-tag{\nfont-size:0.8em;\n}\n}\n<\/style>\n<div  class='av-special-heading av-lqc4wky5-e7b96d0fbba89971e26abb8eabf3d15c av-special-heading-h2 custom-color-heading blockquote modern-quote modern-centered  avia-builder-el-12  el_before_av_hr  avia-builder-el-first  av-inherit-size'><h2 class='av-special-heading-tag'  itemprop=\"headline\"  >Voici comment travaillent nos managers de transition<\/h2><div class=\"special-heading-border\"><div class=\"special-heading-inner-border\"><\/div><\/div><\/div>\n\n<style type=\"text\/css\" data-created_by=\"avia_inline_auto\" id=\"style-css-av-jnlwuw1u-ef2f5b0c25333b2673df2a410575615e\">\n#top .hr.av-jnlwuw1u-ef2f5b0c25333b2673df2a410575615e{\nmargin-top:30px;\nmargin-bottom:30px;\n}\n.hr.av-jnlwuw1u-ef2f5b0c25333b2673df2a410575615e .hr-inner{\nwidth:50px;\nborder-color:#de952a;\n}\n<\/style>\n<div  class='hr av-jnlwuw1u-ef2f5b0c25333b2673df2a410575615e hr-custom  avia-builder-el-13  el_after_av_heading  el_before_av_one_third  hr-center hr-icon-no'><span class='hr-inner inner-border-av-border-thin'><span class=\"hr-inner-style\"><\/span><\/span><\/div>\n\n<style type=\"text\/css\" data-created_by=\"avia_inline_auto\" id=\"style-css-av-249wva-865a404befbfa260c79181b6d5e1e3ce\">\n.flex_column.av-249wva-865a404befbfa260c79181b6d5e1e3ce{\nborder-radius:0px 0px 0px 0px;\npadding:0px 0px 0px 0px;\n}\n<\/style>\n<div  class='flex_column av-249wva-865a404befbfa260c79181b6d5e1e3ce av_one_third  avia-builder-el-14  el_after_av_hr  el_before_av_two_third  first flex_column_div av-zero-column-padding  '     ><style type=\"text\/css\" data-created_by=\"avia_inline_auto\" id=\"style-css-av-jnn38xlj-18ab3033fbf808826e2c27049782fcd2\">\n.avia-image-container.av-jnn38xlj-18ab3033fbf808826e2c27049782fcd2 img.avia_image{\nbox-shadow:none;\n}\n.avia-image-container.av-jnn38xlj-18ab3033fbf808826e2c27049782fcd2 .av-image-caption-overlay-center{\ncolor:#ffffff;\n}\n<\/style>\n<div  class='avia-image-container av-jnn38xlj-18ab3033fbf808826e2c27049782fcd2 av-styling-circle av-hover-grow avia_animated_image av-animated-when-visible-95 pop-up avia-align-center  avia-builder-el-15  avia-builder-el-no-sibling '   itemprop=\"image\" itemscope=\"itemscope\" itemtype=\"https:\/\/schema.org\/ImageObject\" ><div class=\"avia-image-container-inner\"><div class=\"avia-image-overlay-wrap\"><img decoding=\"async\" fetchpriority=\"high\" class=\"wp-image-5697 avia-img-lazy-loading-not-5697 avia_image \" src=\"https:\/\/serviva.com\/wp-content\/uploads\/2018\/10\/interims-management-icon-2.jpg\" alt=\"\" title=\"Interims-Management Icon 2\" height=\"1000\" width=\"1000\" itemprop=\"thumbnailUrl\" srcset=\"https:\/\/serviva.com\/wp-content\/uploads\/2018\/10\/interims-management-icon-2.jpg 1000w, https:\/\/serviva.com\/wp-content\/uploads\/2018\/10\/interims-management-icon-2-80x80.jpg 80w, https:\/\/serviva.com\/wp-content\/uploads\/2018\/10\/interims-management-icon-2-300x300.jpg 300w, https:\/\/serviva.com\/wp-content\/uploads\/2018\/10\/interims-management-icon-2-768x768.jpg 768w, https:\/\/serviva.com\/wp-content\/uploads\/2018\/10\/interims-management-icon-2-36x36.jpg 36w, https:\/\/serviva.com\/wp-content\/uploads\/2018\/10\/interims-management-icon-2-180x180.jpg 180w, https:\/\/serviva.com\/wp-content\/uploads\/2018\/10\/interims-management-icon-2-705x705.jpg 705w, https:\/\/serviva.com\/wp-content\/uploads\/2018\/10\/interims-management-icon-2-120x120.jpg 120w, https:\/\/serviva.com\/wp-content\/uploads\/2018\/10\/interims-management-icon-2-450x450.jpg 450w\" sizes=\"(max-width: 1000px) 100vw, 1000px\"><\/div><\/div><\/div><\/div>\n<style type=\"text\/css\" data-created_by=\"avia_inline_auto\" id=\"style-css-av-4pejba-8b85e8c521f0768c91ce90722bad1906\">\n.flex_column.av-4pejba-8b85e8c521f0768c91ce90722bad1906{\nborder-radius:0px 0px 0px 0px;\npadding:0px 0px 0px 0px;\n}\n<\/style>\n<div  class='flex_column av-4pejba-8b85e8c521f0768c91ce90722bad1906 av_two_third  avia-builder-el-16  el_after_av_one_third  avia-builder-el-last  flex_column_div av-zero-column-padding  '     ><section  class='av_textblock_section av-jnlwxz5d-f1a57a50293280d3731c9cb161ed7ffb '   itemscope=\"itemscope\" itemtype=\"https:\/\/schema.org\/CreativeWork\" ><div class='avia_textblock'  itemprop=\"text\" ><p>Le manager int\u00e9rimaire de Serviva peut combler une lacune \u00e0 court terme et de mani\u00e8re tr\u00e8s flexible, de sorte qu&rsquo;aucun d\u00e9lai ne soit manqu\u00e9 et qu&rsquo;une documentation compl\u00e8te de toutes les transactions pertinentes soit assur\u00e9e.<\/p>\n<p>Ce faisant, les clients d\u00e9cident si nos employ\u00e9s sont pr\u00e9sents \u00e0 plein temps ou seulement une fois par semaine dans l&rsquo;entreprise.<\/p>\n<p>Les ing\u00e9nieurs en brevets de Serviva ont de nombreuses ann\u00e9es d&rsquo;exp\u00e9rience professionnelle et d&rsquo;excellentes comp\u00e9tences en mati\u00e8re de recherche. Une discr\u00e9tion absolue peut \u00eatre tout aussi n\u00e9cessaire qu&rsquo;une manipulation s\u00fbre des bases de donn\u00e9es et des syst\u00e8mes logiciels courants pour la recherche et l&rsquo;administration de brevets et d&rsquo;autres droits de propri\u00e9t\u00e9 intellectuelle.<\/p>\n<p>En travaillant dans diverses entreprises, g\u00e9n\u00e9ralement de taille moyenne, les managers de transition sont familiaris\u00e9s avec la plupart des processus de travail de la gestion de la propri\u00e9t\u00e9 intellectuelle.<\/p>\n<p>La gestion de la propri\u00e9t\u00e9 intellectuelle par Serviva Project Managers combine un acc\u00e8s s\u00e9curis\u00e9 \u00e0 des professionnels hautement qualifi\u00e9s avec les avantages d&rsquo;une grande flexibilit\u00e9, puisque la dur\u00e9e et l&rsquo;\u00e9tendue du d\u00e9ploiement peuvent \u00eatre adapt\u00e9es de mani\u00e8re rentable \u00e0 la charge de travail variable.<\/p>\n<p>Vous vous demandez si nous pouvons vous aider dans votre cas particulier ? Contactez-nous et nous discuterons du probl\u00e8me par t\u00e9l\u00e9phone ou lors d&rsquo;un entretien personnel.<\/p>\n<\/div><\/section><\/div><\/div><\/div><\/div><!-- close content main div --><\/div><div class='av-extra-border-element border-extra-arrow-down'><div class='av-extra-border-outer'><div class='av-extra-border-inner'><\/div><\/div><\/div><\/div>\n<style type=\"text\/css\" data-created_by=\"avia_inline_auto\" id=\"style-css-av-b104g6-1fe9ed81a0df6ad10835ba811fee6ab6\">\n.avia-section.av-b104g6-1fe9ed81a0df6ad10835ba811fee6ab6{\nbackground-repeat:no-repeat;\nbackground-image:url(https:\/\/serviva.com\/wp-content\/uploads\/2019\/02\/kontakt-hintergrund-1500x1238.jpg);\nbackground-position:50% 0%;\nbackground-attachment:fixed;\n}\n.avia-section.av-b104g6-1fe9ed81a0df6ad10835ba811fee6ab6 .av-section-color-overlay{\nopacity:0.6;\nbackground-color:#005da4;\n}\n<\/style>\n<div id='av_section_4'  class='avia-section av-b104g6-1fe9ed81a0df6ad10835ba811fee6ab6 main_color avia-section-default avia-no-border-styling  avia-builder-el-18  el_after_av_section  avia-builder-el-last  avia-full-stretch avia-bg-style-fixed av-section-color-overlay-active container_wrap fullsize'  data-section-bg-repeat='stretch'><div class=\"av-section-color-overlay-wrap\"><div class=\"av-section-color-overlay\"><\/div><div class='container av-section-cont-open' ><div class='template-page content  av-content-full alpha units'><div class='post-entry post-entry-type-page post-entry-15378'><div class='entry-content-wrapper clearfix'>\n\n<style type=\"text\/css\" data-created_by=\"avia_inline_auto\" id=\"style-css-av-lqc4x5ne-ecf742b4ea0e1af823bf43cf12fd21e8\">\n#top .av-special-heading.av-lqc4x5ne-ecf742b4ea0e1af823bf43cf12fd21e8{\npadding-bottom:10px;\ncolor:#ffffff;\nfont-size:28px;\n}\nbody .av-special-heading.av-lqc4x5ne-ecf742b4ea0e1af823bf43cf12fd21e8 .av-special-heading-tag .heading-char{\nfont-size:25px;\n}\n#top #wrap_all .av-special-heading.av-lqc4x5ne-ecf742b4ea0e1af823bf43cf12fd21e8 .av-special-heading-tag{\nfont-size:28px;\n}\n.av-special-heading.av-lqc4x5ne-ecf742b4ea0e1af823bf43cf12fd21e8 .special-heading-inner-border{\nborder-color:#ffffff;\n}\n.av-special-heading.av-lqc4x5ne-ecf742b4ea0e1af823bf43cf12fd21e8 .av-subheading{\nfont-size:15px;\n}\n\n@media only screen and (min-width: 480px) and (max-width: 767px){ \n#top #wrap_all .av-special-heading.av-lqc4x5ne-ecf742b4ea0e1af823bf43cf12fd21e8 .av-special-heading-tag{\nfont-size:0.8em;\n}\n}\n\n@media only screen and (max-width: 479px){ \n#top #wrap_all .av-special-heading.av-lqc4x5ne-ecf742b4ea0e1af823bf43cf12fd21e8 .av-special-heading-tag{\nfont-size:0.8em;\n}\n}\n<\/style>\n<div  class='av-special-heading av-lqc4x5ne-ecf742b4ea0e1af823bf43cf12fd21e8 av-special-heading-h3 custom-color-heading blockquote modern-quote modern-centered  avia-builder-el-19  el_before_av_textblock  avia-builder-el-first  av-inherit-size'><h3 class='av-special-heading-tag'  itemprop=\"headline\"  >Veuillez nous contacter<\/h3><div class=\"special-heading-border\"><div class=\"special-heading-inner-border\"><\/div><\/div><\/div>\n\n<style type=\"text\/css\" data-created_by=\"avia_inline_auto\" id=\"style-css-av-jraspvq9-a350c2799b85d9bf32a40158f7d67746\">\n#top .av_textblock_section.av-jraspvq9-a350c2799b85d9bf32a40158f7d67746 .avia_textblock{\ncolor:#ffffff;\n}\n<\/style>\n<section  class='av_textblock_section av-jraspvq9-a350c2799b85d9bf32a40158f7d67746 '   itemscope=\"itemscope\" itemtype=\"https:\/\/schema.org\/CreativeWork\" ><div class='avia_textblock av_inherit_color'  itemprop=\"text\" ><p style=\"text-align: center;\">Personne de contact : Dr. Raphael Jung<br \/>\nT\u00e9l\u00e9phone : +49 30 \/ 8877 1300<\/p>\n<\/div><\/section>\n\n<style type=\"text\/css\" data-created_by=\"avia_inline_auto\" id=\"style-css-av-jnlwuw1u-122bbf44d8850ab2baa153577485ba8d\">\n#top .hr.av-jnlwuw1u-122bbf44d8850ab2baa153577485ba8d{\nmargin-top:30px;\nmargin-bottom:30px;\n}\n.hr.av-jnlwuw1u-122bbf44d8850ab2baa153577485ba8d .hr-inner{\nwidth:150px;\nborder-color:#de952a;\n}\n<\/style>\n<div  class='hr av-jnlwuw1u-122bbf44d8850ab2baa153577485ba8d hr-custom  avia-builder-el-21  el_after_av_textblock  el_before_av_one_fourth  hr-center hr-icon-no'><span class='hr-inner inner-border-av-border-thin'><span class=\"hr-inner-style\"><\/span><\/span><\/div>\n\n<style type=\"text\/css\" data-created_by=\"avia_inline_auto\" id=\"style-css-av-6147qe-29a8695f18e5b8a5a0fcfe6cb7db6479\">\n.flex_column.av-6147qe-29a8695f18e5b8a5a0fcfe6cb7db6479{\nborder-radius:0px 0px 0px 0px;\npadding:0px 0px 0px 0px;\n}\n<\/style>\n<div  class='flex_column av-6147qe-29a8695f18e5b8a5a0fcfe6cb7db6479 av_one_fourth  avia-builder-el-22  el_after_av_hr  el_before_av_one_half  first flex_column_div av-zero-column-padding  '     ><\/div>\n<style type=\"text\/css\" data-created_by=\"avia_inline_auto\" id=\"style-css-av-4u6fl2-60270856d602e011f71e18760ff38e08\">\n.flex_column.av-4u6fl2-60270856d602e011f71e18760ff38e08{\nborder-radius:0px 0px 0px 0px;\npadding:0px 0px 0px 0px;\n}\n<\/style>\n<div  class='flex_column av-4u6fl2-60270856d602e011f71e18760ff38e08 av_one_half  avia-builder-el-23  el_after_av_one_fourth  el_before_av_one_fourth  flex_column_div av-zero-column-padding  '     ><\/div>\n<style type=\"text\/css\" data-created_by=\"avia_inline_auto\" id=\"style-css-av-34tpp2-acc3f46440009e5b102e2390f7275030\">\n.flex_column.av-34tpp2-acc3f46440009e5b102e2390f7275030{\nborder-radius:0px 0px 0px 0px;\npadding:0px 0px 0px 0px;\n}\n<\/style>\n<div  class='flex_column av-34tpp2-acc3f46440009e5b102e2390f7275030 av_one_fourth  avia-builder-el-25  el_after_av_one_half  avia-builder-el-last  flex_column_div av-zero-column-padding  '     ><\/div><\/p>\n","protected":false},"excerpt":{"rendered":"","protected":false},"author":5,"featured_media":0,"parent":15369,"menu_order":0,"comment_status":"closed","ping_status":"closed","template":"","meta":{"footnotes":""},"class_list":["post-15378","page","type-page","status-publish","hentry"],"_links":{"self":[{"href":"https:\/\/serviva.com\/fr\/wp-json\/wp\/v2\/pages\/15378","targetHints":{"allow":["GET"]}}],"collection":[{"href":"https:\/\/serviva.com\/fr\/wp-json\/wp\/v2\/pages"}],"about":[{"href":"https:\/\/serviva.com\/fr\/wp-json\/wp\/v2\/types\/page"}],"author":[{"embeddable":true,"href":"https:\/\/serviva.com\/fr\/wp-json\/wp\/v2\/users\/5"}],"replies":[{"embeddable":true,"href":"https:\/\/serviva.com\/fr\/wp-json\/wp\/v2\/comments?post=15378"}],"version-history":[{"count":3,"href":"https:\/\/serviva.com\/fr\/wp-json\/wp\/v2\/pages\/15378\/revisions"}],"predecessor-version":[{"id":15387,"href":"https:\/\/serviva.com\/fr\/wp-json\/wp\/v2\/pages\/15378\/revisions\/15387"}],"up":[{"embeddable":true,"href":"https:\/\/serviva.com\/fr\/wp-json\/wp\/v2\/pages\/15369"}],"wp:attachment":[{"href":"https:\/\/serviva.com\/fr\/wp-json\/wp\/v2\/media?parent=15378"}],"curies":[{"name":"wp","href":"https:\/\/api.w.org\/{rel}","templated":true}]}}