{"id":15438,"date":"2023-12-19T11:03:49","date_gmt":"2023-12-19T10:03:49","guid":{"rendered":"https:\/\/serviva.com\/?page_id=15438"},"modified":"2024-02-09T15:26:00","modified_gmt":"2024-02-09T14:26:00","slug":"instituts-de-recherche","status":"publish","type":"page","link":"https:\/\/serviva.com\/fr\/clients\/instituts-de-recherche\/","title":{"rendered":"Instituts de recherche"},"content":{"rendered":"\n<style type=\"text\/css\" data-created_by=\"avia_inline_auto\" id=\"style-css-av-jnlwqzhr-1f24c5b1a292d22ac1fc3511d5be02ac\">\n.avia-section.av-jnlwqzhr-1f24c5b1a292d22ac1fc3511d5be02ac{\nbackground-repeat:no-repeat;\nbackground-image:url(https:\/\/serviva.com\/wp-content\/uploads\/2019\/02\/forschung-universit\u00e4ten-header.jpg);\nbackground-position:50% 0%;\nbackground-attachment:scroll;\n}\n.avia-section.av-jnlwqzhr-1f24c5b1a292d22ac1fc3511d5be02ac .av-section-color-overlay{\nopacity:0.6;\nbackground-color:#005da4;\n}\n<\/style>\n<div id='av_section_1'  class='avia-section av-jnlwqzhr-1f24c5b1a292d22ac1fc3511d5be02ac main_color avia-section-no-padding avia-no-shadow  avia-builder-el-0  el_before_av_section  avia-builder-el-first  avia-full-stretch avia-bg-style-scroll av-section-color-overlay-active av-minimum-height av-minimum-height-custom av-height-custom  container_wrap fullsize'  data-section-bg-repeat='stretch'><div class=\"av-section-color-overlay-wrap\"><div class=\"av-section-color-overlay\"><\/div><div class='container av-section-cont-open' ><main  role=\"main\" itemprop=\"mainContentOfPage\"  class='template-page content  av-content-full alpha units'><div class='post-entry post-entry-type-page post-entry-15438'><div class='entry-content-wrapper clearfix'>\n\n<style type=\"text\/css\" data-created_by=\"avia_inline_auto\" id=\"style-css-av-jnncd6zh-ce8d5d3b15b747cb07bc6689a9129afa\">\n#top .flex_column.av-jnncd6zh-ce8d5d3b15b747cb07bc6689a9129afa{\nmargin-top:20px;\nmargin-bottom:20px;\n}\n.flex_column.av-jnncd6zh-ce8d5d3b15b747cb07bc6689a9129afa{\nborder-radius:0px 0px 0px 0px;\npadding:0px 0px 0px 0px;\n}\n.responsive #top #wrap_all .flex_column.av-jnncd6zh-ce8d5d3b15b747cb07bc6689a9129afa{\nmargin-top:20px;\nmargin-bottom:20px;\n}\n<\/style>\n<div  class='flex_column av-jnncd6zh-ce8d5d3b15b747cb07bc6689a9129afa av_one_full  avia-builder-el-1  el_before_av_one_full  avia-builder-el-first  first flex_column_div av-zero-column-padding  '     ><style type=\"text\/css\" data-created_by=\"avia_inline_auto\" id=\"style-css-av-jnn447zi-0b4f3647aa4224fc0319b02e56260663\">\n#top .av_textblock_section.av-jnn447zi-0b4f3647aa4224fc0319b02e56260663 .avia_textblock{\nfont-size:12px;\ncolor:#ffffff;\n}\n<\/style>\n<section  class='av_textblock_section av-jnn447zi-0b4f3647aa4224fc0319b02e56260663 '   itemscope=\"itemscope\" itemtype=\"https:\/\/schema.org\/CreativeWork\" ><div class='avia_textblock av_inherit_color'  itemprop=\"text\" ><div class=\"breadcrumb breadcrumbs avia-breadcrumbs\"><div class=\"breadcrumb-trail\" ><span class=\"trail-before\"><span class=\"breadcrumb-title\">Vous \u00eates ici :<\/span><\/span> <span  itemscope=\"itemscope\" itemtype=\"https:\/\/schema.org\/BreadcrumbList\" ><span  itemscope=\"itemscope\" itemtype=\"https:\/\/schema.org\/ListItem\" itemprop=\"itemListElement\" ><a itemprop=\"url\" href=\"https:\/\/serviva.com\/fr\/\" title=\"SERVIVA\" rel=\"home\" class=\"trail-begin\"><span itemprop=\"name\">Accueil<\/span><\/a><span itemprop=\"position\" class=\"hidden\">1<\/span><\/span><\/span><\/div><\/div>\n<\/div><\/section><\/div>\n<style type=\"text\/css\" data-created_by=\"avia_inline_auto\" id=\"style-css-av-jnncgdgr-093696378fc334c72e4c81de5c7d13f3\">\n#top .flex_column.av-jnncgdgr-093696378fc334c72e4c81de5c7d13f3{\nmargin-top:60px;\nmargin-bottom:40px;\n}\n.flex_column.av-jnncgdgr-093696378fc334c72e4c81de5c7d13f3{\nborder-radius:0px 0px 0px 0px;\npadding:0px 0px 0px 0px;\n}\n.responsive #top #wrap_all .flex_column.av-jnncgdgr-093696378fc334c72e4c81de5c7d13f3{\nmargin-top:60px;\nmargin-bottom:40px;\n}\n<\/style>\n<div  class='flex_column av-jnncgdgr-093696378fc334c72e4c81de5c7d13f3 av_one_full  avia-builder-el-3  el_after_av_one_full  avia-builder-el-last  first flex_column_div av-zero-column-padding  column-top-margin'     ><p>\n<style type=\"text\/css\" data-created_by=\"avia_inline_auto\" id=\"style-css-av-lseq0yao-3b2eeccf044493b9414d41af91048c48\">\n#top .av-special-heading.av-lseq0yao-3b2eeccf044493b9414d41af91048c48{\nmargin:20px 0 0 0;\npadding-bottom:10px;\ncolor:#ffffff;\nfont-size:40px;\n}\nbody .av-special-heading.av-lseq0yao-3b2eeccf044493b9414d41af91048c48 .av-special-heading-tag .heading-char{\nfont-size:25px;\n}\n#top #wrap_all .av-special-heading.av-lseq0yao-3b2eeccf044493b9414d41af91048c48 .av-special-heading-tag{\nfont-size:40px;\n}\n.av-special-heading.av-lseq0yao-3b2eeccf044493b9414d41af91048c48 .special-heading-inner-border{\nborder-color:#ffffff;\n}\n.av-special-heading.av-lseq0yao-3b2eeccf044493b9414d41af91048c48 .av-subheading{\nfont-size:16px;\n}\n\n@media only screen and (min-width: 480px) and (max-width: 767px){ \n#top #wrap_all .av-special-heading.av-lseq0yao-3b2eeccf044493b9414d41af91048c48 .av-special-heading-tag{\nfont-size:0.8em;\n}\n}\n\n@media only screen and (max-width: 479px){ \n#top #wrap_all .av-special-heading.av-lseq0yao-3b2eeccf044493b9414d41af91048c48 .av-special-heading-tag{\nfont-size:0.8em;\n}\n}\n<\/style>\n<div  class='av-special-heading av-lseq0yao-3b2eeccf044493b9414d41af91048c48 av-special-heading-h1 custom-color-heading blockquote modern-quote modern-centered  avia-builder-el-4  el_before_av_hr  avia-builder-el-first  av-inherit-size'><h1 class='av-special-heading-tag'  itemprop=\"headline\"  >Instituts de recherche<\/h1><div class='av_custom_color av-subheading av-subheading_below'><p>Recherches professionnelles et \u00e9valuations ind\u00e9pendantes<\/p>\n<\/div><div class=\"special-heading-border\"><div class=\"special-heading-inner-border\"><\/div><\/div><\/div><br \/>\n\n<style type=\"text\/css\" data-created_by=\"avia_inline_auto\" id=\"style-css-av-jnpsjb6k-f302bcca5f543c0970b43aefdfddacec\">\n#top .hr.av-jnpsjb6k-f302bcca5f543c0970b43aefdfddacec{\nmargin-top:30px;\n}\n.hr.av-jnpsjb6k-f302bcca5f543c0970b43aefdfddacec .hr-inner{\nwidth:150px;\nborder-color:#de952a;\n}\n<\/style>\n<div  class='hr av-jnpsjb6k-f302bcca5f543c0970b43aefdfddacec hr-custom  avia-builder-el-5  el_after_av_heading  avia-builder-el-last  hr-center hr-icon-no'><span class='hr-inner inner-border-av-border-thin'><span class=\"hr-inner-style\"><\/span><\/span><\/div><\/p><\/div>\n\n<\/div><\/div><\/main><!-- close content main element --><\/div><\/div><\/div>\n<style type=\"text\/css\" data-created_by=\"avia_inline_auto\" id=\"style-css-av-jnlwxlf0-2c3d741ab993f2fbe68dde4cc4fbc234\">\n.avia-section.av-jnlwxlf0-2c3d741ab993f2fbe68dde4cc4fbc234 .av-extra-border-element .av-extra-border-inner{\nbackground-color:#ffffff;\n}\n<\/style>\n<div id='av_section_2'  class='avia-section av-jnlwxlf0-2c3d741ab993f2fbe68dde4cc4fbc234 main_color avia-section-default avia-no-border-styling  avia-builder-el-6  el_after_av_section  el_before_av_section  avia-bg-style-scroll av-arrow-down-section container_wrap fullsize'  ><div class='container av-section-cont-open' ><div class='template-page content  av-content-full alpha units'><div class='post-entry post-entry-type-page post-entry-15438'><div class='entry-content-wrapper clearfix'>\n\n<style type=\"text\/css\" data-created_by=\"avia_inline_auto\" id=\"style-css-av-7l23qe-2cf6526f334418e3911b3c6cd81d536f\">\n.flex_column.av-7l23qe-2cf6526f334418e3911b3c6cd81d536f{\nborder-radius:0px 0px 0px 0px;\npadding:0px 0px 0px 0px;\n}\n<\/style>\n<div  class='flex_column av-7l23qe-2cf6526f334418e3911b3c6cd81d536f av_two_third  avia-builder-el-7  el_before_av_one_third  avia-builder-el-first  first flex_column_div av-zero-column-padding  '     ><section  class='av_textblock_section av-jnlwxz5d-f1a57a50293280d3731c9cb161ed7ffb '   itemscope=\"itemscope\" itemtype=\"https:\/\/schema.org\/CreativeWork\" ><div class='avia_textblock'  itemprop=\"text\" ><p>La recherche sur l&rsquo;\u00e9tat de la technique et les \u00e9valuations ind\u00e9pendantes de la capacit\u00e9 de commercialisation de nouveaux d\u00e9veloppements sont de plus en plus importants pour les universit\u00e9s et les instituts de recherche.<\/p>\n<p>Serviva dispose d&rsquo;une grande \u00e9quipe d&rsquo;ing\u00e9nieurs et de scientifiques ayant de nombreuses ann\u00e9es d&rsquo;exp\u00e9rience professionnelle, qui peuvent effectuer une recherche de nouveaut\u00e9 dans un grand nombre de domaines techniques.<\/p>\n<p>Les sp\u00e9cialistes internes de la commercialisation des brevets fournissent une <a href=\"https:\/\/serviva.com\/fr\/services\/evaluation-de-lip\/evaluation\/\">\u00e9valuation<\/a> ind\u00e9pendante de la commercialisation des inventions, en tenant compte des exigences du <a href=\"https:\/\/www.innovation-beratung-foerderung.de\/INNO\/Navigation\/DE\/WIPANO\/wipano.html?\" rel=\"nofollow noopener\" target=\"_blank\">programme WIPANO<\/a> du Minist\u00e8re F\u00e9d\u00e9ral de l&rsquo;\u00c9conomie et de la Protection du Climat.<\/p>\n<\/div><\/section><\/div>\n<style type=\"text\/css\" data-created_by=\"avia_inline_auto\" id=\"style-css-av-6gxhk6-653c51fe39d332f00dbd9644ccb70db1\">\n.flex_column.av-6gxhk6-653c51fe39d332f00dbd9644ccb70db1{\nborder-radius:0px 0px 0px 0px;\npadding:0px 0px 0px 0px;\n}\n<\/style>\n<div  class='flex_column av-6gxhk6-653c51fe39d332f00dbd9644ccb70db1 av_one_third  avia-builder-el-9  el_after_av_two_third  avia-builder-el-last  flex_column_div av-zero-column-padding  '     ><style type=\"text\/css\" data-created_by=\"avia_inline_auto\" id=\"style-css-av-jnn38344-92a9ebea7e9e5e49f2af7ad14fc36f72\">\n.avia-image-container.av-jnn38344-92a9ebea7e9e5e49f2af7ad14fc36f72 img.avia_image{\nbox-shadow:none;\n}\n.avia-image-container.av-jnn38344-92a9ebea7e9e5e49f2af7ad14fc36f72 .av-image-caption-overlay-center{\ncolor:#ffffff;\n}\n<\/style>\n<div  class='avia-image-container av-jnn38344-92a9ebea7e9e5e49f2af7ad14fc36f72 av-styling-circle av-hover-grow avia_animated_image av-animated-when-visible-95 pop-up avia-align-center  avia-builder-el-10  avia-builder-el-no-sibling '   itemprop=\"image\" itemscope=\"itemscope\" itemtype=\"https:\/\/schema.org\/ImageObject\" ><div class=\"avia-image-container-inner\"><div class=\"avia-image-overlay-wrap\"><img decoding=\"async\" fetchpriority=\"high\" class=\"wp-image-5677 avia-img-lazy-loading-not-5677 avia_image \" src=\"https:\/\/serviva.com\/wp-content\/uploads\/2018\/10\/evaluation-icon-2.jpg\" alt=\"\" title=\"Evaluation Icon 2\" height=\"1000\" width=\"1000\" itemprop=\"thumbnailUrl\" srcset=\"https:\/\/serviva.com\/wp-content\/uploads\/2018\/10\/evaluation-icon-2.jpg 1000w, https:\/\/serviva.com\/wp-content\/uploads\/2018\/10\/evaluation-icon-2-80x80.jpg 80w, https:\/\/serviva.com\/wp-content\/uploads\/2018\/10\/evaluation-icon-2-300x300.jpg 300w, https:\/\/serviva.com\/wp-content\/uploads\/2018\/10\/evaluation-icon-2-768x768.jpg 768w, https:\/\/serviva.com\/wp-content\/uploads\/2018\/10\/evaluation-icon-2-36x36.jpg 36w, https:\/\/serviva.com\/wp-content\/uploads\/2018\/10\/evaluation-icon-2-180x180.jpg 180w, https:\/\/serviva.com\/wp-content\/uploads\/2018\/10\/evaluation-icon-2-705x705.jpg 705w, https:\/\/serviva.com\/wp-content\/uploads\/2018\/10\/evaluation-icon-2-120x120.jpg 120w, https:\/\/serviva.com\/wp-content\/uploads\/2018\/10\/evaluation-icon-2-450x450.jpg 450w\" sizes=\"(max-width: 1000px) 100vw, 1000px\"><\/div><\/div><\/div><\/div>\n\n<\/div><\/div><\/div><!-- close content main div --><\/div><div class='av-extra-border-element border-extra-arrow-down'><div class='av-extra-border-outer'><div class='av-extra-border-inner'><\/div><\/div><\/div><\/div>\n<style type=\"text\/css\" data-created_by=\"avia_inline_auto\" id=\"style-css-av-jnlwxlf0-b69537c04a4a7717c93a478c05fdffb5\">\n.avia-section.av-jnlwxlf0-b69537c04a4a7717c93a478c05fdffb5{\nbackground-color:#f9f9f9;\nbackground-image:unset;\n}\n.avia-section.av-jnlwxlf0-b69537c04a4a7717c93a478c05fdffb5 .av-extra-border-element .av-extra-border-inner{\nbackground-color:#f9f9f9;\n}\n<\/style>\n<div id='av_section_3'  class='avia-section av-jnlwxlf0-b69537c04a4a7717c93a478c05fdffb5 main_color avia-section-default avia-no-border-styling  avia-builder-el-11  el_after_av_section  avia-builder-el-last  avia-bg-style-scroll av-arrow-down-section container_wrap fullsize'  ><div class='container av-section-cont-open' ><div class='template-page content  av-content-full alpha units'><div class='post-entry post-entry-type-page post-entry-15438'><div class='entry-content-wrapper clearfix'>\n\n<style type=\"text\/css\" data-created_by=\"avia_inline_auto\" id=\"style-css-av-249wva-865a404befbfa260c79181b6d5e1e3ce\">\n.flex_column.av-249wva-865a404befbfa260c79181b6d5e1e3ce{\nborder-radius:0px 0px 0px 0px;\npadding:0px 0px 0px 0px;\n}\n<\/style>\n<div  class='flex_column av-249wva-865a404befbfa260c79181b6d5e1e3ce av_one_third  avia-builder-el-12  el_before_av_two_third  avia-builder-el-first  first flex_column_div av-zero-column-padding  '     ><style type=\"text\/css\" data-created_by=\"avia_inline_auto\" id=\"style-css-av-jnn38xlj-b167ede5b0625722e09358e031ede1b3\">\n.avia-image-container.av-jnn38xlj-b167ede5b0625722e09358e031ede1b3 img.avia_image{\nbox-shadow:none;\n}\n.avia-image-container.av-jnn38xlj-b167ede5b0625722e09358e031ede1b3 .av-image-caption-overlay-center{\ncolor:#ffffff;\n}\n<\/style>\n<div  class='avia-image-container av-jnn38xlj-b167ede5b0625722e09358e031ede1b3 av-styling-circle av-hover-grow avia_animated_image av-animated-when-visible-95 pop-up avia-align-center  avia-builder-el-13  avia-builder-el-no-sibling '   itemprop=\"image\" itemscope=\"itemscope\" itemtype=\"https:\/\/schema.org\/ImageObject\" ><div class=\"avia-image-container-inner\"><div class=\"avia-image-overlay-wrap\"><img decoding=\"async\" fetchpriority=\"high\" class=\"wp-image-5711 avia-img-lazy-loading-not-5711 avia_image \" src=\"https:\/\/serviva.com\/wp-content\/uploads\/2018\/10\/coaching-icon-2.jpg\" alt=\"\" title=\"Coaching Icon 2\" height=\"1000\" width=\"1000\" itemprop=\"thumbnailUrl\" srcset=\"https:\/\/serviva.com\/wp-content\/uploads\/2018\/10\/coaching-icon-2.jpg 1000w, https:\/\/serviva.com\/wp-content\/uploads\/2018\/10\/coaching-icon-2-80x80.jpg 80w, https:\/\/serviva.com\/wp-content\/uploads\/2018\/10\/coaching-icon-2-300x300.jpg 300w, https:\/\/serviva.com\/wp-content\/uploads\/2018\/10\/coaching-icon-2-768x768.jpg 768w, https:\/\/serviva.com\/wp-content\/uploads\/2018\/10\/coaching-icon-2-36x36.jpg 36w, https:\/\/serviva.com\/wp-content\/uploads\/2018\/10\/coaching-icon-2-180x180.jpg 180w, https:\/\/serviva.com\/wp-content\/uploads\/2018\/10\/coaching-icon-2-705x705.jpg 705w, https:\/\/serviva.com\/wp-content\/uploads\/2018\/10\/coaching-icon-2-120x120.jpg 120w, https:\/\/serviva.com\/wp-content\/uploads\/2018\/10\/coaching-icon-2-450x450.jpg 450w\" sizes=\"(max-width: 1000px) 100vw, 1000px\"><\/div><\/div><\/div><\/div>\n<style type=\"text\/css\" data-created_by=\"avia_inline_auto\" id=\"style-css-av-4pejba-8b85e8c521f0768c91ce90722bad1906\">\n.flex_column.av-4pejba-8b85e8c521f0768c91ce90722bad1906{\nborder-radius:0px 0px 0px 0px;\npadding:0px 0px 0px 0px;\n}\n<\/style>\n<div  class='flex_column av-4pejba-8b85e8c521f0768c91ce90722bad1906 av_two_third  avia-builder-el-14  el_after_av_one_third  avia-builder-el-last  flex_column_div av-zero-column-padding  '     ><section  class='av_textblock_section av-jnlwxz5d-f1a57a50293280d3731c9cb161ed7ffb '   itemscope=\"itemscope\" itemtype=\"https:\/\/schema.org\/CreativeWork\" ><div class='avia_textblock'  itemprop=\"text\" ><p>Pour le portefeuille de brevets croissant des instituts de recherche et des universit\u00e9s, Serviva propose des outils logiciels tels que <a href=\"https:\/\/serviva.com\/fr\/patricia\/\">Patricia\u00ae<\/a>, qui permettent une gestion optimale des propres droits de propri\u00e9t\u00e9 intellectuelle ainsi qu&rsquo;une coop\u00e9ration efficace avec les inventeurs et les conseils en brevets qui les supervisent.<\/p>\n<p>En outre, Serviva soutient les spin-offs des universit\u00e9s et des instituts de recherche (<a href=\"https:\/\/serviva.com\/fr\/clients\/petites-entreprises\/\">petites entreprises<\/a>) avec des services de conseil et une large gamme de services.<\/p>\n<\/div><\/section><\/div>\n","protected":false},"excerpt":{"rendered":"","protected":false},"author":5,"featured_media":0,"parent":15469,"menu_order":0,"comment_status":"closed","ping_status":"closed","template":"","meta":{"footnotes":""},"class_list":["post-15438","page","type-page","status-publish","hentry"],"_links":{"self":[{"href":"https:\/\/serviva.com\/fr\/wp-json\/wp\/v2\/pages\/15438","targetHints":{"allow":["GET"]}}],"collection":[{"href":"https:\/\/serviva.com\/fr\/wp-json\/wp\/v2\/pages"}],"about":[{"href":"https:\/\/serviva.com\/fr\/wp-json\/wp\/v2\/types\/page"}],"author":[{"embeddable":true,"href":"https:\/\/serviva.com\/fr\/wp-json\/wp\/v2\/users\/5"}],"replies":[{"embeddable":true,"href":"https:\/\/serviva.com\/fr\/wp-json\/wp\/v2\/comments?post=15438"}],"version-history":[{"count":6,"href":"https:\/\/serviva.com\/fr\/wp-json\/wp\/v2\/pages\/15438\/revisions"}],"predecessor-version":[{"id":15975,"href":"https:\/\/serviva.com\/fr\/wp-json\/wp\/v2\/pages\/15438\/revisions\/15975"}],"up":[{"embeddable":true,"href":"https:\/\/serviva.com\/fr\/wp-json\/wp\/v2\/pages\/15469"}],"wp:attachment":[{"href":"https:\/\/serviva.com\/fr\/wp-json\/wp\/v2\/media?parent=15438"}],"curies":[{"name":"wp","href":"https:\/\/api.w.org\/{rel}","templated":true}]}}