{"id":15443,"date":"2023-12-19T11:07:16","date_gmt":"2023-12-19T10:07:16","guid":{"rendered":"https:\/\/serviva.com\/?page_id=15443"},"modified":"2024-02-09T16:23:02","modified_gmt":"2024-02-09T15:23:02","slug":"liquidateurs","status":"publish","type":"page","link":"https:\/\/serviva.com\/fr\/clients\/liquidateurs\/","title":{"rendered":"Liquidateurs"},"content":{"rendered":"\n<style type=\"text\/css\" data-created_by=\"avia_inline_auto\" id=\"style-css-av-jnlwqzhr-95cbe740b3f218d245e4f0c474f06fec\">\n.avia-section.av-jnlwqzhr-95cbe740b3f218d245e4f0c474f06fec{\nbackground-repeat:no-repeat;\nbackground-image:url(https:\/\/serviva.com\/wp-content\/uploads\/2018\/10\/insolvenzverwalter-header-1500x430.jpg);\nbackground-position:50% 50%;\nbackground-attachment:scroll;\n}\n.avia-section.av-jnlwqzhr-95cbe740b3f218d245e4f0c474f06fec .av-section-color-overlay{\nopacity:0.6;\nbackground-color:#005da4;\n}\n<\/style>\n<div id='av_section_1'  class='avia-section av-jnlwqzhr-95cbe740b3f218d245e4f0c474f06fec main_color avia-section-no-padding avia-no-shadow  avia-builder-el-0  el_before_av_section  avia-builder-el-first  avia-full-stretch avia-bg-style-scroll av-section-color-overlay-active container_wrap fullsize'  data-section-bg-repeat='stretch'><div class=\"av-section-color-overlay-wrap\"><div class=\"av-section-color-overlay\"><\/div><div class='container av-section-cont-open' ><main  role=\"main\" itemprop=\"mainContentOfPage\"  class='template-page content  av-content-full alpha units'><div class='post-entry post-entry-type-page post-entry-15443'><div class='entry-content-wrapper clearfix'>\n\n<style type=\"text\/css\" data-created_by=\"avia_inline_auto\" id=\"style-css-av-jnncd6zh-ce8d5d3b15b747cb07bc6689a9129afa\">\n#top .flex_column.av-jnncd6zh-ce8d5d3b15b747cb07bc6689a9129afa{\nmargin-top:20px;\nmargin-bottom:20px;\n}\n.flex_column.av-jnncd6zh-ce8d5d3b15b747cb07bc6689a9129afa{\nborder-radius:0px 0px 0px 0px;\npadding:0px 0px 0px 0px;\n}\n.responsive #top #wrap_all .flex_column.av-jnncd6zh-ce8d5d3b15b747cb07bc6689a9129afa{\nmargin-top:20px;\nmargin-bottom:20px;\n}\n<\/style>\n<div  class='flex_column av-jnncd6zh-ce8d5d3b15b747cb07bc6689a9129afa av_one_full  avia-builder-el-1  el_before_av_one_full  avia-builder-el-first  first flex_column_div av-zero-column-padding  '     ><style type=\"text\/css\" data-created_by=\"avia_inline_auto\" id=\"style-css-av-jnn447zi-0b4f3647aa4224fc0319b02e56260663\">\n#top .av_textblock_section.av-jnn447zi-0b4f3647aa4224fc0319b02e56260663 .avia_textblock{\nfont-size:12px;\ncolor:#ffffff;\n}\n<\/style>\n<section  class='av_textblock_section av-jnn447zi-0b4f3647aa4224fc0319b02e56260663 '   itemscope=\"itemscope\" itemtype=\"https:\/\/schema.org\/CreativeWork\" ><div class='avia_textblock av_inherit_color'  itemprop=\"text\" ><div class=\"breadcrumb breadcrumbs avia-breadcrumbs\"><div class=\"breadcrumb-trail\" ><span class=\"trail-before\"><span class=\"breadcrumb-title\">Vous \u00eates ici :<\/span><\/span> <span  itemscope=\"itemscope\" itemtype=\"https:\/\/schema.org\/BreadcrumbList\" ><span  itemscope=\"itemscope\" itemtype=\"https:\/\/schema.org\/ListItem\" itemprop=\"itemListElement\" ><a itemprop=\"url\" href=\"https:\/\/serviva.com\/fr\/\" title=\"SERVIVA\" rel=\"home\" class=\"trail-begin\"><span itemprop=\"name\">Accueil<\/span><\/a><span itemprop=\"position\" class=\"hidden\">1<\/span><\/span><\/span><\/div><\/div>\n<\/div><\/section><\/div>\n<style type=\"text\/css\" data-created_by=\"avia_inline_auto\" id=\"style-css-av-jnncgdgr-093696378fc334c72e4c81de5c7d13f3\">\n#top .flex_column.av-jnncgdgr-093696378fc334c72e4c81de5c7d13f3{\nmargin-top:60px;\nmargin-bottom:40px;\n}\n.flex_column.av-jnncgdgr-093696378fc334c72e4c81de5c7d13f3{\nborder-radius:0px 0px 0px 0px;\npadding:0px 0px 0px 0px;\n}\n.responsive #top #wrap_all .flex_column.av-jnncgdgr-093696378fc334c72e4c81de5c7d13f3{\nmargin-top:60px;\nmargin-bottom:40px;\n}\n<\/style>\n<div  class='flex_column av-jnncgdgr-093696378fc334c72e4c81de5c7d13f3 av_one_full  avia-builder-el-3  el_after_av_one_full  avia-builder-el-last  first flex_column_div av-zero-column-padding  column-top-margin'     ><p>\n<style type=\"text\/css\" data-created_by=\"avia_inline_auto\" id=\"style-css-av-lseroypl-d0575a86d941f5d4dda39e79a33a1353\">\n#top .av-special-heading.av-lseroypl-d0575a86d941f5d4dda39e79a33a1353{\nmargin:20px 0 0 0;\npadding-bottom:10px;\ncolor:#ffffff;\nfont-size:40px;\n}\nbody .av-special-heading.av-lseroypl-d0575a86d941f5d4dda39e79a33a1353 .av-special-heading-tag .heading-char{\nfont-size:25px;\n}\n#top #wrap_all .av-special-heading.av-lseroypl-d0575a86d941f5d4dda39e79a33a1353 .av-special-heading-tag{\nfont-size:40px;\n}\n.av-special-heading.av-lseroypl-d0575a86d941f5d4dda39e79a33a1353 .special-heading-inner-border{\nborder-color:#ffffff;\n}\n.av-special-heading.av-lseroypl-d0575a86d941f5d4dda39e79a33a1353 .av-subheading{\nfont-size:16px;\n}\n\n@media only screen and (min-width: 480px) and (max-width: 767px){ \n#top #wrap_all .av-special-heading.av-lseroypl-d0575a86d941f5d4dda39e79a33a1353 .av-special-heading-tag{\nfont-size:0.8em;\n}\n}\n\n@media only screen and (max-width: 479px){ \n#top #wrap_all .av-special-heading.av-lseroypl-d0575a86d941f5d4dda39e79a33a1353 .av-special-heading-tag{\nfont-size:0.8em;\n}\n}\n<\/style>\n<div  class='av-special-heading av-lseroypl-d0575a86d941f5d4dda39e79a33a1353 av-special-heading-h1 custom-color-heading blockquote modern-quote modern-centered  avia-builder-el-4  el_before_av_hr  avia-builder-el-first  av-inherit-size'><h1 class='av-special-heading-tag'  itemprop=\"headline\"  >Services pour les administrateurs judiciaires<\/h1><div class='av_custom_color av-subheading av-subheading_below'><p>\u00c9valuation ind\u00e9pendante de la valeur de brevets et de marques d&rsquo;entreprises insolvables<\/p>\n<\/div><div class=\"special-heading-border\"><div class=\"special-heading-inner-border\"><\/div><\/div><\/div><br \/>\n\n<style type=\"text\/css\" data-created_by=\"avia_inline_auto\" id=\"style-css-av-jr95s9pe-6db23b96b8199ad9eb880982dc54df09\">\n#top .hr.av-jr95s9pe-6db23b96b8199ad9eb880982dc54df09{\nmargin-top:30px;\nmargin-bottom:5px;\n}\n.hr.av-jr95s9pe-6db23b96b8199ad9eb880982dc54df09 .hr-inner{\nwidth:150px;\nborder-color:#de952a;\n}\n<\/style>\n<div  class='hr av-jr95s9pe-6db23b96b8199ad9eb880982dc54df09 hr-custom  avia-builder-el-5  el_after_av_heading  avia-builder-el-last  hr-center hr-icon-no'><span class='hr-inner inner-border-av-border-thin'><span class=\"hr-inner-style\"><\/span><\/span><\/div><\/p><\/div>\n\n<\/div><\/div><\/main><!-- close content main element --><\/div><\/div><\/div>\n<style type=\"text\/css\" data-created_by=\"avia_inline_auto\" id=\"style-css-av-jnlwxlf0-2c3d741ab993f2fbe68dde4cc4fbc234\">\n.avia-section.av-jnlwxlf0-2c3d741ab993f2fbe68dde4cc4fbc234 .av-extra-border-element .av-extra-border-inner{\nbackground-color:#ffffff;\n}\n<\/style>\n<div id='av_section_2'  class='avia-section av-jnlwxlf0-2c3d741ab993f2fbe68dde4cc4fbc234 main_color avia-section-default avia-no-border-styling  avia-builder-el-6  el_after_av_section  el_before_av_section  avia-bg-style-scroll av-arrow-down-section container_wrap fullsize'  ><div class='container av-section-cont-open' ><div class='template-page content  av-content-full alpha units'><div class='post-entry post-entry-type-page post-entry-15443'><div class='entry-content-wrapper clearfix'>\n\n<style type=\"text\/css\" data-created_by=\"avia_inline_auto\" id=\"style-css-av-7l23qe-2cf6526f334418e3911b3c6cd81d536f\">\n.flex_column.av-7l23qe-2cf6526f334418e3911b3c6cd81d536f{\nborder-radius:0px 0px 0px 0px;\npadding:0px 0px 0px 0px;\n}\n<\/style>\n<div  class='flex_column av-7l23qe-2cf6526f334418e3911b3c6cd81d536f av_two_third  avia-builder-el-7  el_before_av_one_third  avia-builder-el-first  first flex_column_div av-zero-column-padding  '     ><section  class='av_textblock_section av-jnlwxz5d-f1a57a50293280d3731c9cb161ed7ffb '   itemscope=\"itemscope\" itemtype=\"https:\/\/schema.org\/CreativeWork\" ><div class='avia_textblock'  itemprop=\"text\" ><p>Serviva fournit une \u00e9valuation rapide et ind\u00e9pendante de la valeur des brevets et des marques d&rsquo;entreprises insolvables et prend ensuite en charge la valorisation des droits de propri\u00e9t\u00e9.<\/p>\n<p>L&rsquo;insolvabilit\u00e9 d&rsquo;une entreprise technologique impose des exigences \u00e9lev\u00e9es corcernant les droits de propri\u00e9t\u00e9 industrielle \u00e0 l&rsquo;administrateur judiciaire d\u00e9sign\u00e9. Les brevets et les marques repr\u00e9sentent souvent une part importante de la valeur de l&rsquo;entreprise. De mauvaises d\u00e9cisions peuvent d\u00e9truire ces actifs ou entra\u00eener des co\u00fbts \u00e9lev\u00e9s et inutiles.<\/p>\n<\/div><\/section><\/div>\n<style type=\"text\/css\" data-created_by=\"avia_inline_auto\" id=\"style-css-av-6gxhk6-653c51fe39d332f00dbd9644ccb70db1\">\n.flex_column.av-6gxhk6-653c51fe39d332f00dbd9644ccb70db1{\nborder-radius:0px 0px 0px 0px;\npadding:0px 0px 0px 0px;\n}\n<\/style>\n<div  class='flex_column av-6gxhk6-653c51fe39d332f00dbd9644ccb70db1 av_one_third  avia-builder-el-9  el_after_av_two_third  avia-builder-el-last  flex_column_div av-zero-column-padding  '     ><style type=\"text\/css\" data-created_by=\"avia_inline_auto\" id=\"style-css-av-jnn38344-a020e5ff8cc8a2d66b4149093fe8ebcc\">\n.avia-image-container.av-jnn38344-a020e5ff8cc8a2d66b4149093fe8ebcc img.avia_image{\nbox-shadow:none;\n}\n.avia-image-container.av-jnn38344-a020e5ff8cc8a2d66b4149093fe8ebcc .av-image-caption-overlay-center{\ncolor:#ffffff;\n}\n<\/style>\n<div  class='avia-image-container av-jnn38344-a020e5ff8cc8a2d66b4149093fe8ebcc av-styling-circle av-hover-grow avia_animated_image av-animated-when-visible-95 pop-up avia-align-center  avia-builder-el-10  avia-builder-el-no-sibling '   itemprop=\"image\" itemscope=\"itemscope\" itemtype=\"https:\/\/schema.org\/ImageObject\" ><div class=\"avia-image-container-inner\"><div class=\"avia-image-overlay-wrap\"><img decoding=\"async\" fetchpriority=\"high\" class=\"wp-image-5654 avia-img-lazy-loading-not-5654 avia_image \" src=\"https:\/\/serviva.com\/wp-content\/uploads\/2018\/10\/ip-verwertung-icon-4-300x300.jpg\" alt=\"\" title=\"IP-Verwertung Icon 4\" height=\"300\" width=\"300\" itemprop=\"thumbnailUrl\" srcset=\"https:\/\/serviva.com\/wp-content\/uploads\/2018\/10\/ip-verwertung-icon-4-300x300.jpg 300w, https:\/\/serviva.com\/wp-content\/uploads\/2018\/10\/ip-verwertung-icon-4-80x80.jpg 80w, https:\/\/serviva.com\/wp-content\/uploads\/2018\/10\/ip-verwertung-icon-4-768x768.jpg 768w, https:\/\/serviva.com\/wp-content\/uploads\/2018\/10\/ip-verwertung-icon-4-36x36.jpg 36w, https:\/\/serviva.com\/wp-content\/uploads\/2018\/10\/ip-verwertung-icon-4-180x180.jpg 180w, https:\/\/serviva.com\/wp-content\/uploads\/2018\/10\/ip-verwertung-icon-4-705x705.jpg 705w, https:\/\/serviva.com\/wp-content\/uploads\/2018\/10\/ip-verwertung-icon-4-120x120.jpg 120w, https:\/\/serviva.com\/wp-content\/uploads\/2018\/10\/ip-verwertung-icon-4-450x450.jpg 450w, https:\/\/serviva.com\/wp-content\/uploads\/2018\/10\/ip-verwertung-icon-4.jpg 1000w\" sizes=\"(max-width: 300px) 100vw, 300px\"><\/div><\/div><\/div><\/div>\n\n<\/div><\/div><\/div><!-- close content main div --><\/div><div class='av-extra-border-element border-extra-arrow-down'><div class='av-extra-border-outer'><div class='av-extra-border-inner'><\/div><\/div><\/div><\/div>\n<style type=\"text\/css\" data-created_by=\"avia_inline_auto\" id=\"style-css-av-jnlwxlf0-b69537c04a4a7717c93a478c05fdffb5\">\n.avia-section.av-jnlwxlf0-b69537c04a4a7717c93a478c05fdffb5{\nbackground-color:#f9f9f9;\nbackground-image:unset;\n}\n.avia-section.av-jnlwxlf0-b69537c04a4a7717c93a478c05fdffb5 .av-extra-border-element .av-extra-border-inner{\nbackground-color:#f9f9f9;\n}\n<\/style>\n<div id='av_section_3'  class='avia-section av-jnlwxlf0-b69537c04a4a7717c93a478c05fdffb5 main_color avia-section-default avia-no-border-styling  avia-builder-el-11  el_after_av_section  avia-builder-el-last  avia-bg-style-scroll av-arrow-down-section container_wrap fullsize'  ><div class='container av-section-cont-open' ><div class='template-page content  av-content-full alpha units'><div class='post-entry post-entry-type-page post-entry-15443'><div class='entry-content-wrapper clearfix'>\n\n<style type=\"text\/css\" data-created_by=\"avia_inline_auto\" id=\"style-css-av-av_heading-9a97dcf5f2939021eea0795f3447891a\">\n#top .av-special-heading.av-av_heading-9a97dcf5f2939021eea0795f3447891a{\npadding-bottom:10px;\nfont-size:28px;\n}\nbody .av-special-heading.av-av_heading-9a97dcf5f2939021eea0795f3447891a .av-special-heading-tag .heading-char{\nfont-size:25px;\n}\n#top #wrap_all .av-special-heading.av-av_heading-9a97dcf5f2939021eea0795f3447891a .av-special-heading-tag{\nfont-size:28px;\n}\n.av-special-heading.av-av_heading-9a97dcf5f2939021eea0795f3447891a .av-subheading{\nfont-size:15px;\n}\n\n@media only screen and (min-width: 480px) and (max-width: 767px){ \n#top #wrap_all .av-special-heading.av-av_heading-9a97dcf5f2939021eea0795f3447891a .av-special-heading-tag{\nfont-size:0.8em;\n}\n}\n\n@media only screen and (max-width: 479px){ \n#top #wrap_all .av-special-heading.av-av_heading-9a97dcf5f2939021eea0795f3447891a .av-special-heading-tag{\nfont-size:0.8em;\n}\n}\n<\/style>\n<div  class='av-special-heading av-av_heading-9a97dcf5f2939021eea0795f3447891a av-special-heading-h2 custom-color-heading blockquote modern-quote modern-centered  avia-builder-el-12  el_before_av_hr  avia-builder-el-first  av-inherit-size'><h2 class='av-special-heading-tag'  itemprop=\"headline\"  >Identifier en toute s\u00e9curit\u00e9 les droits de propri\u00e9t\u00e9 de valeur en cas de faillite<\/h2><div class=\"special-heading-border\"><div class=\"special-heading-inner-border\"><\/div><\/div><\/div>\n\n<style type=\"text\/css\" data-created_by=\"avia_inline_auto\" id=\"style-css-av-jnlwuw1u-ef2f5b0c25333b2673df2a410575615e\">\n#top .hr.av-jnlwuw1u-ef2f5b0c25333b2673df2a410575615e{\nmargin-top:30px;\nmargin-bottom:30px;\n}\n.hr.av-jnlwuw1u-ef2f5b0c25333b2673df2a410575615e .hr-inner{\nwidth:50px;\nborder-color:#de952a;\n}\n<\/style>\n<div  class='hr av-jnlwuw1u-ef2f5b0c25333b2673df2a410575615e hr-custom  avia-builder-el-13  el_after_av_heading  el_before_av_one_third  hr-center hr-icon-no'><span class='hr-inner inner-border-av-border-thin'><span class=\"hr-inner-style\"><\/span><\/span><\/div>\n\n<style type=\"text\/css\" data-created_by=\"avia_inline_auto\" id=\"style-css-av-5xqgwd-533984644a013a9199324334b760cf8d\">\n.flex_column.av-5xqgwd-533984644a013a9199324334b760cf8d{\nborder-radius:0px 0px 0px 0px;\npadding:0px 0px 0px 0px;\n}\n<\/style>\n<div  class='flex_column av-5xqgwd-533984644a013a9199324334b760cf8d av_one_third  avia-builder-el-14  el_after_av_hr  el_before_av_one_third  first flex_column_div av-zero-column-padding  '     ><article  class='iconbox iconbox_top av-jnohrg20-283360bdb6e78b2f70d04e916351d99b av-no-box  avia-builder-el-15  avia-builder-el-no-sibling '  itemscope=\"itemscope\" itemtype=\"https:\/\/schema.org\/CreativeWork\" ><div class=\"iconbox_content\"><header class=\"entry-content-header\"><div class=\"iconbox_icon heading-color\" aria-hidden='true' data-av_icon='\uf10f' data-av_iconfont='flaticon'><\/div><h3 class='iconbox_content_title '  itemprop=\"headline\" ><a href='https:\/\/serviva.com\/fr\/cgv\/' title='\u00c9valuation de brevets et de marques'  >\u00c9valuation de brevets et de marques<\/a><\/h3><\/header><div class='iconbox_content_container '  itemprop=\"text\" ><div class=\"tlid-input input\">\n<div class=\"source-wrap\">\n<div class=\"input-full-height-wrapper tlid-input-full-height-wrapper\">\n<div class=\"source-input\">\n<div class=\"source-footer-wrap source-or-target-footer\">\n<div class=\"character-count tlid-character-count\">\n<div class=\"cc-ctr normal\">Serviva a mis au point une proc\u00e9dure qui permet d&rsquo;identifier rapidement et de mani\u00e8re transparente les droits de propri\u00e9t\u00e9 de valeur (<a href=\"https:\/\/serviva.com\/fr\/services\/evaluation-de-lip\/evaluation-de-la-ip-en-cas-de-faillite\/\">\u00e9valuation des brevets et des marques dans le cadre d&rsquo;une faillite<\/a>). En tr\u00e8s peu de temps, il est possible de d\u00e9terminer si les droits de propri\u00e9t\u00e9 en question peuvent \u00eatre \u00e9valu\u00e9s et recycl\u00e9s.<\/div>\n<\/div>\n<\/div>\n<\/div>\n<\/div>\n<\/div>\n<\/div>\n<\/div><\/div><footer class=\"entry-footer\"><\/footer><\/article><\/div>\n<style type=\"text\/css\" data-created_by=\"avia_inline_auto\" id=\"style-css-av-ehrb1-54bc7663ad2c234b5b047e0b5d69d7a5\">\n.flex_column.av-ehrb1-54bc7663ad2c234b5b047e0b5d69d7a5{\nborder-radius:0px 0px 0px 0px;\npadding:0px 0px 0px 0px;\n}\n<\/style>\n<div  class='flex_column av-ehrb1-54bc7663ad2c234b5b047e0b5d69d7a5 av_one_third  avia-builder-el-16  el_after_av_one_third  el_before_av_one_third  flex_column_div av-zero-column-padding  '     ><article  class='iconbox iconbox_top av-jnohrg20-2f721764425c6f21a503405f8a75e89d av-no-box  avia-builder-el-17  avia-builder-el-no-sibling '  itemscope=\"itemscope\" itemtype=\"https:\/\/schema.org\/CreativeWork\" ><div class=\"iconbox_content\"><header class=\"entry-content-header\"><div class=\"iconbox_icon heading-color\" aria-hidden='true' data-av_icon='\uf117' data-av_iconfont='myicons'><\/div><h3 class='iconbox_content_title '  itemprop=\"headline\" ><a href='https:\/\/serviva.com\/fr\/cgv\/' title='Gestion des brevets'  >Gestion des brevets<\/a><\/h3><\/header><div class='iconbox_content_container '  itemprop=\"text\" ><div class=\"tlid-input input\">\n<div class=\"source-wrap\">\n<div class=\"input-full-height-wrapper tlid-input-full-height-wrapper\">\n<div class=\"source-input\">\n<div class=\"source-footer-wrap source-or-target-footer\">\n<div class=\"character-count tlid-character-count\"><\/div>\n<\/div>\n<\/div>\n<\/div>\n<\/div>\n<\/div>\n<div class=\"tlid-results-container results-container\">\n<div class=\"tlid-result result-dict-wrapper\">\n<div class=\"result tlid-copy-target\">\n<div class=\"result-header\">\n<div class=\"starbutton jfk-button-flat jfk-button unstarred\" tabindex=\"0\" role=\"button\" aria-label=\"\u00dcbersetzung markieren\" data-tooltip=\"\u00dcbersetzung markieren\" data-tooltip-align=\"t,c\">\n<div class=\"jfk-button-img\">Serviva propose une <a href=\"https:\/\/serviva.com\/fr\/services\/gestion-de-lip\/gestion-interimaire\/\">gestion int\u00e9rimaire<\/a> des brevets en cas de faillite. Dans ce processus, les mod\u00e8les de d\u00e9cision pour la continuation des brevets sont pr\u00e9par\u00e9s et la correspondance n\u00e9cessaire est entretenue avec les agents de brevets.<\/div>\n<\/div>\n<\/div>\n<\/div>\n<\/div>\n<\/div>\n<\/div><\/div><footer class=\"entry-footer\"><\/footer><\/article><\/div>\n<style type=\"text\/css\" data-created_by=\"avia_inline_auto\" id=\"style-css-av-33q23x-c2eb647d33e721a90ca7f27adb3ea73d\">\n.flex_column.av-33q23x-c2eb647d33e721a90ca7f27adb3ea73d{\nborder-radius:0px 0px 0px 0px;\npadding:0px 0px 0px 0px;\n}\n<\/style>\n<div  class='flex_column av-33q23x-c2eb647d33e721a90ca7f27adb3ea73d av_one_third  avia-builder-el-18  el_after_av_one_third  avia-builder-el-last  flex_column_div av-zero-column-padding  '     ><article  class='iconbox iconbox_top av-jnohrg20-149ef0df470758acee6ce8aa35a95c9c av-no-box  avia-builder-el-19  avia-builder-el-no-sibling '  itemscope=\"itemscope\" itemtype=\"https:\/\/schema.org\/CreativeWork\" ><div class=\"iconbox_content\"><header class=\"entry-content-header\"><div class=\"iconbox_icon heading-color\" aria-hidden='true' data-av_icon='\uf10a' data-av_iconfont='myicons'><\/div><h3 class='iconbox_content_title '  itemprop=\"headline\" ><a href='https:\/\/serviva.com\/fr\/cgv\/' title='Commercialisation des droits de propri\u00e9t\u00e9 intellectuelle'  >Commercialisation des droits de propri\u00e9t\u00e9 intellectuelle<\/a><\/h3><\/header><div class='iconbox_content_container '  itemprop=\"text\" ><div class=\"tlid-input input\">\n<div class=\"source-wrap\">\n<div class=\"input-full-height-wrapper tlid-input-full-height-wrapper\">\n<div class=\"source-input\">\n<div class=\"source-footer-wrap source-or-target-footer\">\n<div class=\"character-count tlid-character-count\"><\/div>\n<\/div>\n<\/div>\n<\/div>\n<\/div>\n<\/div>\n<div class=\"tlid-results-container results-container\">\n<div class=\"tlid-result result-dict-wrapper\">\n<div class=\"result tlid-copy-target\">\n<div class=\"result-header\">\n<div class=\"starbutton jfk-button-flat jfk-button unstarred\" tabindex=\"0\" role=\"button\" aria-label=\"\u00dcbersetzung markieren\" data-tooltip=\"\u00dcbersetzung markieren\" data-tooltip-align=\"t,c\">\n<div class=\"jfk-button-img\">Bien entendu, Serviva s&rsquo;occupe \u00e9galement de la commercialisation de droits de propri\u00e9t\u00e9 intellectuelle en cas de faillite. Cela vaut aussi bien pour des droits de propri\u00e9t\u00e9 individuels que pour des portefeuilles (de brevets) plus importants. Un mod\u00e8le de r\u00e9mun\u00e9ration bas\u00e9 sur le succ\u00e8s r\u00e9duit au minimum le risque financier pour l&rsquo;administrateur de l&rsquo;insolvabilit\u00e9 et pour les cr\u00e9anciers.<\/div>\n<\/div>\n<\/div>\n<\/div>\n<\/div>\n<\/div>\n<\/div><\/div><footer class=\"entry-footer\"><\/footer><\/article><\/div>\n","protected":false},"excerpt":{"rendered":"","protected":false},"author":5,"featured_media":0,"parent":15469,"menu_order":0,"comment_status":"closed","ping_status":"closed","template":"","meta":{"footnotes":""},"class_list":["post-15443","page","type-page","status-publish","hentry"],"_links":{"self":[{"href":"https:\/\/serviva.com\/fr\/wp-json\/wp\/v2\/pages\/15443","targetHints":{"allow":["GET"]}}],"collection":[{"href":"https:\/\/serviva.com\/fr\/wp-json\/wp\/v2\/pages"}],"about":[{"href":"https:\/\/serviva.com\/fr\/wp-json\/wp\/v2\/types\/page"}],"author":[{"embeddable":true,"href":"https:\/\/serviva.com\/fr\/wp-json\/wp\/v2\/users\/5"}],"replies":[{"embeddable":true,"href":"https:\/\/serviva.com\/fr\/wp-json\/wp\/v2\/comments?post=15443"}],"version-history":[{"count":5,"href":"https:\/\/serviva.com\/fr\/wp-json\/wp\/v2\/pages\/15443\/revisions"}],"predecessor-version":[{"id":15986,"href":"https:\/\/serviva.com\/fr\/wp-json\/wp\/v2\/pages\/15443\/revisions\/15986"}],"up":[{"embeddable":true,"href":"https:\/\/serviva.com\/fr\/wp-json\/wp\/v2\/pages\/15469"}],"wp:attachment":[{"href":"https:\/\/serviva.com\/fr\/wp-json\/wp\/v2\/media?parent=15443"}],"curies":[{"name":"wp","href":"https:\/\/api.w.org\/{rel}","templated":true}]}}