{"id":15448,"date":"2023-12-19T11:17:49","date_gmt":"2023-12-19T10:17:49","guid":{"rendered":"https:\/\/serviva.com\/?page_id=15448"},"modified":"2024-03-28T14:25:18","modified_gmt":"2024-03-28T13:25:18","slug":"conseils-en-brevets","status":"publish","type":"page","link":"https:\/\/serviva.com\/fr\/clients\/conseils-en-brevets\/","title":{"rendered":"Agents de brevets"},"content":{"rendered":"\n<style type=\"text\/css\" data-created_by=\"avia_inline_auto\" id=\"style-css-av-jnlwqzhr-b56e3ad5400d592e8d42f5ac367b6e6b\">\n.avia-section.av-jnlwqzhr-b56e3ad5400d592e8d42f5ac367b6e6b{\nbackground-repeat:no-repeat;\nbackground-image:url(https:\/\/serviva.com\/wp-content\/uploads\/2023\/02\/Final-Bild-Patentanwalt.jpg);\nbackground-position:50% 50%;\nbackground-attachment:scroll;\n}\n.avia-section.av-jnlwqzhr-b56e3ad5400d592e8d42f5ac367b6e6b .av-section-color-overlay{\nopacity:0.6;\nbackground-color:#005da4;\n}\n<\/style>\n<div id='av_section_1'  class='avia-section av-jnlwqzhr-b56e3ad5400d592e8d42f5ac367b6e6b main_color avia-section-no-padding avia-no-shadow  avia-builder-el-0  el_before_av_section  avia-builder-el-first  avia-full-stretch avia-bg-style-scroll av-section-color-overlay-active container_wrap fullsize'  data-section-bg-repeat='stretch'><div class=\"av-section-color-overlay-wrap\"><div class=\"av-section-color-overlay\"><\/div><div class='container av-section-cont-open' ><main  role=\"main\" itemprop=\"mainContentOfPage\"  class='template-page content  av-content-full alpha units'><div class='post-entry post-entry-type-page post-entry-15448'><div class='entry-content-wrapper clearfix'>\n\n<style type=\"text\/css\" data-created_by=\"avia_inline_auto\" id=\"style-css-av-jnncd6zh-ce8d5d3b15b747cb07bc6689a9129afa\">\n#top .flex_column.av-jnncd6zh-ce8d5d3b15b747cb07bc6689a9129afa{\nmargin-top:20px;\nmargin-bottom:20px;\n}\n.flex_column.av-jnncd6zh-ce8d5d3b15b747cb07bc6689a9129afa{\nborder-radius:0px 0px 0px 0px;\npadding:0px 0px 0px 0px;\n}\n.responsive #top #wrap_all .flex_column.av-jnncd6zh-ce8d5d3b15b747cb07bc6689a9129afa{\nmargin-top:20px;\nmargin-bottom:20px;\n}\n<\/style>\n<div  class='flex_column av-jnncd6zh-ce8d5d3b15b747cb07bc6689a9129afa av_one_full  avia-builder-el-1  el_before_av_one_full  avia-builder-el-first  first flex_column_div av-zero-column-padding  '     ><style type=\"text\/css\" data-created_by=\"avia_inline_auto\" id=\"style-css-av-jnn447zi-0b4f3647aa4224fc0319b02e56260663\">\n#top .av_textblock_section.av-jnn447zi-0b4f3647aa4224fc0319b02e56260663 .avia_textblock{\nfont-size:12px;\ncolor:#ffffff;\n}\n<\/style>\n<section  class='av_textblock_section av-jnn447zi-0b4f3647aa4224fc0319b02e56260663 '   itemscope=\"itemscope\" itemtype=\"https:\/\/schema.org\/CreativeWork\" ><div class='avia_textblock av_inherit_color'  itemprop=\"text\" ><div class=\"breadcrumb breadcrumbs avia-breadcrumbs\"><div class=\"breadcrumb-trail\" ><span class=\"trail-before\"><span class=\"breadcrumb-title\">Vous \u00eates ici :<\/span><\/span> <span  itemscope=\"itemscope\" itemtype=\"https:\/\/schema.org\/BreadcrumbList\" ><span  itemscope=\"itemscope\" itemtype=\"https:\/\/schema.org\/ListItem\" itemprop=\"itemListElement\" ><a itemprop=\"url\" href=\"https:\/\/serviva.com\/fr\/\" title=\"SERVIVA\" rel=\"home\" class=\"trail-begin\"><span itemprop=\"name\">Accueil<\/span><\/a><span itemprop=\"position\" class=\"hidden\">1<\/span><\/span><\/span><\/div><\/div>\n<\/div><\/section><\/div>\n<style type=\"text\/css\" data-created_by=\"avia_inline_auto\" id=\"style-css-av-jnncgdgr-093696378fc334c72e4c81de5c7d13f3\">\n#top .flex_column.av-jnncgdgr-093696378fc334c72e4c81de5c7d13f3{\nmargin-top:60px;\nmargin-bottom:40px;\n}\n.flex_column.av-jnncgdgr-093696378fc334c72e4c81de5c7d13f3{\nborder-radius:0px 0px 0px 0px;\npadding:0px 0px 0px 0px;\n}\n.responsive #top #wrap_all .flex_column.av-jnncgdgr-093696378fc334c72e4c81de5c7d13f3{\nmargin-top:60px;\nmargin-bottom:40px;\n}\n<\/style>\n<div  class='flex_column av-jnncgdgr-093696378fc334c72e4c81de5c7d13f3 av_one_full  avia-builder-el-3  el_after_av_one_full  avia-builder-el-last  first flex_column_div av-zero-column-padding  column-top-margin'     ><p>\n<style type=\"text\/css\" data-created_by=\"avia_inline_auto\" id=\"style-css-av-lserjntc-f76b36eccefa4fdaa9357f5268de2c61\">\n#top .av-special-heading.av-lserjntc-f76b36eccefa4fdaa9357f5268de2c61{\nmargin:20px 0 0 0;\npadding-bottom:10px;\ncolor:#ffffff;\nfont-size:40px;\n}\nbody .av-special-heading.av-lserjntc-f76b36eccefa4fdaa9357f5268de2c61 .av-special-heading-tag .heading-char{\nfont-size:25px;\n}\n#top #wrap_all .av-special-heading.av-lserjntc-f76b36eccefa4fdaa9357f5268de2c61 .av-special-heading-tag{\nfont-size:40px;\n}\n.av-special-heading.av-lserjntc-f76b36eccefa4fdaa9357f5268de2c61 .special-heading-inner-border{\nborder-color:#ffffff;\n}\n.av-special-heading.av-lserjntc-f76b36eccefa4fdaa9357f5268de2c61 .av-subheading{\nfont-size:16px;\n}\n\n@media only screen and (min-width: 480px) and (max-width: 767px){ \n#top #wrap_all .av-special-heading.av-lserjntc-f76b36eccefa4fdaa9357f5268de2c61 .av-special-heading-tag{\nfont-size:0.8em;\n}\n}\n\n@media only screen and (max-width: 479px){ \n#top #wrap_all .av-special-heading.av-lserjntc-f76b36eccefa4fdaa9357f5268de2c61 .av-special-heading-tag{\nfont-size:0.8em;\n}\n}\n<\/style>\n<div  class='av-special-heading av-lserjntc-f76b36eccefa4fdaa9357f5268de2c61 av-special-heading-h1 custom-color-heading blockquote modern-quote modern-centered  avia-builder-el-4  el_before_av_hr  avia-builder-el-first  av-inherit-size'><h1 class='av-special-heading-tag'  itemprop=\"headline\"  >Services pour les agents de brevets<\/h1><div class='av_custom_color av-subheading av-subheading_below'><p>Recherche et surveillance de brevets<\/p>\n<\/div><div class=\"special-heading-border\"><div class=\"special-heading-inner-border\"><\/div><\/div><\/div><br \/>\n\n<style type=\"text\/css\" data-created_by=\"avia_inline_auto\" id=\"style-css-av-jr95s9pe-6db23b96b8199ad9eb880982dc54df09\">\n#top .hr.av-jr95s9pe-6db23b96b8199ad9eb880982dc54df09{\nmargin-top:30px;\nmargin-bottom:5px;\n}\n.hr.av-jr95s9pe-6db23b96b8199ad9eb880982dc54df09 .hr-inner{\nwidth:150px;\nborder-color:#de952a;\n}\n<\/style>\n<div  class='hr av-jr95s9pe-6db23b96b8199ad9eb880982dc54df09 hr-custom  avia-builder-el-5  el_after_av_heading  avia-builder-el-last  hr-center hr-icon-no'><span class='hr-inner inner-border-av-border-thin'><span class=\"hr-inner-style\"><\/span><\/span><\/div><\/p><\/div>\n\n<\/div><\/div><\/main><!-- close content main element --><\/div><\/div><\/div>\n<style type=\"text\/css\" data-created_by=\"avia_inline_auto\" id=\"style-css-av-jnlwxlf0-2c3d741ab993f2fbe68dde4cc4fbc234\">\n.avia-section.av-jnlwxlf0-2c3d741ab993f2fbe68dde4cc4fbc234 .av-extra-border-element .av-extra-border-inner{\nbackground-color:#ffffff;\n}\n<\/style>\n<div id='av_section_2'  class='avia-section av-jnlwxlf0-2c3d741ab993f2fbe68dde4cc4fbc234 main_color avia-section-default avia-no-border-styling  avia-builder-el-6  el_after_av_section  el_before_av_section  avia-bg-style-scroll av-arrow-down-section container_wrap fullsize'  ><div class='container av-section-cont-open' ><div class='template-page content  av-content-full alpha units'><div class='post-entry post-entry-type-page post-entry-15448'><div class='entry-content-wrapper clearfix'>\n\n<style type=\"text\/css\" data-created_by=\"avia_inline_auto\" id=\"style-css-av-7l23qe-2cf6526f334418e3911b3c6cd81d536f\">\n.flex_column.av-7l23qe-2cf6526f334418e3911b3c6cd81d536f{\nborder-radius:0px 0px 0px 0px;\npadding:0px 0px 0px 0px;\n}\n<\/style>\n<div  class='flex_column av-7l23qe-2cf6526f334418e3911b3c6cd81d536f av_two_third  avia-builder-el-7  el_before_av_one_third  avia-builder-el-first  first flex_column_div av-zero-column-padding  '     ><section  class='av_textblock_section av-jnlwxz5d-f1a57a50293280d3731c9cb161ed7ffb '   itemscope=\"itemscope\" itemtype=\"https:\/\/schema.org\/CreativeWork\" ><div class='avia_textblock'  itemprop=\"text\" ><p>Serviva assiste des cabinets d&rsquo;agents de brevets renomm\u00e9s, notamment dans la recherche et la surveillance professionnelles de brevets ainsi que dans la gestion de leurs dossiers.<\/p>\n<p>Chez Serviva, une grande \u00e9quipe de scientifiques et d&rsquo;ing\u00e9nieurs propose des recherches professionnelles dans divers domaines techniques. La gamme de services comprend les <a href=\"https:\/\/serviva.com\/fr\/services\/recherche-sur-les-brevets\/\">recherches de brevetabilit\u00e9<\/a>, les <a href=\"https:\/\/serviva.com\/fr\/services\/recherche-sur-les-brevets\/\">recherches de validit\u00e9 juridique<\/a> et les <a href=\"https:\/\/serviva.com\/fr\/services\/recherche-sur-les-brevets\/\">recherches de libert\u00e9 d\u2019exploitation (FTO)<\/a>.<\/p>\n<p>La qualit\u00e9 des recherches de brevets est assur\u00e9e par l&rsquo;utilisation d&rsquo;outils logiciels modernes, une gestion de qualit\u00e9 interne et des bases de donn\u00e9es professionnelles avec des traductions int\u00e9grales des textes.<\/p>\n<p>Dans les <a href=\"https:\/\/serviva.com\/fr\/services\/recherche-de-marques\/\">recherches de marques<\/a>, outre l&rsquo;identit\u00e9 et l&rsquo;identit\u00e9 partielle, la similitude phon\u00e9tique avec des marques existantes est \u00e9galement examin\u00e9e sur demande. Serviva a d\u00e9velopp\u00e9 des outils logiciels sp\u00e9cifiques \u00e0 cet effet. Nos recherches se caract\u00e9risent par une \u00e9troite collaboration avec le client, une documentation de recherche minutieuse et une pr\u00e9sentation des r\u00e9sultats en fonction des besoins.<\/p>\n<\/div><\/section><\/div>\n<style type=\"text\/css\" data-created_by=\"avia_inline_auto\" id=\"style-css-av-6gxhk6-653c51fe39d332f00dbd9644ccb70db1\">\n.flex_column.av-6gxhk6-653c51fe39d332f00dbd9644ccb70db1{\nborder-radius:0px 0px 0px 0px;\npadding:0px 0px 0px 0px;\n}\n<\/style>\n<div  class='flex_column av-6gxhk6-653c51fe39d332f00dbd9644ccb70db1 av_one_third  avia-builder-el-9  el_after_av_two_third  avia-builder-el-last  flex_column_div av-zero-column-padding  '     ><style type=\"text\/css\" data-created_by=\"avia_inline_auto\" id=\"style-css-av-jnn38344-7a0e300771fa7b502b6b20b485e0cca9\">\n.avia-image-container.av-jnn38344-7a0e300771fa7b502b6b20b485e0cca9 img.avia_image{\nbox-shadow:none;\n}\n.avia-image-container.av-jnn38344-7a0e300771fa7b502b6b20b485e0cca9 .av-image-caption-overlay-center{\ncolor:#ffffff;\n}\n<\/style>\n<div  class='avia-image-container av-jnn38344-7a0e300771fa7b502b6b20b485e0cca9 av-styling-circle av-hover-grow avia_animated_image av-animated-when-visible-95 pop-up avia-align-center  avia-builder-el-10  avia-builder-el-no-sibling '   itemprop=\"image\" itemscope=\"itemscope\" itemtype=\"https:\/\/schema.org\/ImageObject\" ><div class=\"avia-image-container-inner\"><div class=\"avia-image-overlay-wrap\"><img decoding=\"async\" fetchpriority=\"high\" class=\"wp-image-4813 avia-img-lazy-loading-not-4813 avia_image \" src=\"https:\/\/serviva.com\/wp-content\/uploads\/2018\/10\/markenrecherche-icon-1.jpg\" alt=\"\" title=\"Color line, intellectual property illustration, icon\" height=\"1000\" width=\"1000\" itemprop=\"thumbnailUrl\" srcset=\"https:\/\/serviva.com\/wp-content\/uploads\/2018\/10\/markenrecherche-icon-1.jpg 1000w, https:\/\/serviva.com\/wp-content\/uploads\/2018\/10\/markenrecherche-icon-1-80x80.jpg 80w, https:\/\/serviva.com\/wp-content\/uploads\/2018\/10\/markenrecherche-icon-1-300x300.jpg 300w, https:\/\/serviva.com\/wp-content\/uploads\/2018\/10\/markenrecherche-icon-1-768x768.jpg 768w, https:\/\/serviva.com\/wp-content\/uploads\/2018\/10\/markenrecherche-icon-1-36x36.jpg 36w, https:\/\/serviva.com\/wp-content\/uploads\/2018\/10\/markenrecherche-icon-1-180x180.jpg 180w, https:\/\/serviva.com\/wp-content\/uploads\/2018\/10\/markenrecherche-icon-1-705x705.jpg 705w, https:\/\/serviva.com\/wp-content\/uploads\/2018\/10\/markenrecherche-icon-1-120x120.jpg 120w, https:\/\/serviva.com\/wp-content\/uploads\/2018\/10\/markenrecherche-icon-1-450x450.jpg 450w\" sizes=\"(max-width: 1000px) 100vw, 1000px\"><\/div><\/div><\/div><\/div><\/div><\/div><\/div><!-- close content main div --><\/div><div class='av-extra-border-element border-extra-arrow-down'><div class='av-extra-border-outer'><div class='av-extra-border-inner'><\/div><\/div><\/div><\/div>\n<style type=\"text\/css\" data-created_by=\"avia_inline_auto\" id=\"style-css-av-jnlwxlf0-b69537c04a4a7717c93a478c05fdffb5\">\n.avia-section.av-jnlwxlf0-b69537c04a4a7717c93a478c05fdffb5{\nbackground-color:#f9f9f9;\nbackground-image:unset;\n}\n.avia-section.av-jnlwxlf0-b69537c04a4a7717c93a478c05fdffb5 .av-extra-border-element .av-extra-border-inner{\nbackground-color:#f9f9f9;\n}\n<\/style>\n<div id='av_section_3'  class='avia-section av-jnlwxlf0-b69537c04a4a7717c93a478c05fdffb5 main_color avia-section-default avia-no-border-styling  avia-builder-el-11  el_after_av_section  avia-builder-el-last  avia-bg-style-scroll av-arrow-down-section container_wrap fullsize'  ><div class='container av-section-cont-open' ><div class='template-page content  av-content-full alpha units'><div class='post-entry post-entry-type-page post-entry-15448'><div class='entry-content-wrapper clearfix'>\n\n<style type=\"text\/css\" data-created_by=\"avia_inline_auto\" id=\"style-css-av-lser3idn-3ff2d5f7ccc9792f8bc52241ba1ce4bd\">\n#top .av-special-heading.av-lser3idn-3ff2d5f7ccc9792f8bc52241ba1ce4bd{\npadding-bottom:10px;\nfont-size:28px;\n}\nbody .av-special-heading.av-lser3idn-3ff2d5f7ccc9792f8bc52241ba1ce4bd .av-special-heading-tag .heading-char{\nfont-size:25px;\n}\n#top #wrap_all .av-special-heading.av-lser3idn-3ff2d5f7ccc9792f8bc52241ba1ce4bd .av-special-heading-tag{\nfont-size:28px;\n}\n.av-special-heading.av-lser3idn-3ff2d5f7ccc9792f8bc52241ba1ce4bd .av-subheading{\nfont-size:15px;\n}\n\n@media only screen and (min-width: 480px) and (max-width: 767px){ \n#top #wrap_all .av-special-heading.av-lser3idn-3ff2d5f7ccc9792f8bc52241ba1ce4bd .av-special-heading-tag{\nfont-size:0.8em;\n}\n}\n\n@media only screen and (max-width: 479px){ \n#top #wrap_all .av-special-heading.av-lser3idn-3ff2d5f7ccc9792f8bc52241ba1ce4bd .av-special-heading-tag{\nfont-size:0.8em;\n}\n}\n<\/style>\n<div  class='av-special-heading av-lser3idn-3ff2d5f7ccc9792f8bc52241ba1ce4bd av-special-heading-h2 custom-color-heading blockquote modern-quote modern-centered  avia-builder-el-12  el_before_av_hr  avia-builder-el-first  av-inherit-size'><h2 class='av-special-heading-tag'  itemprop=\"headline\"  >Surveillance de brevets et administration des droits de propri\u00e9t\u00e9 industrielle<\/h2><div class=\"special-heading-border\"><div class=\"special-heading-inner-border\"><\/div><\/div><\/div>\n\n<style type=\"text\/css\" data-created_by=\"avia_inline_auto\" id=\"style-css-av-jnlwuw1u-ef2f5b0c25333b2673df2a410575615e\">\n#top .hr.av-jnlwuw1u-ef2f5b0c25333b2673df2a410575615e{\nmargin-top:30px;\nmargin-bottom:30px;\n}\n.hr.av-jnlwuw1u-ef2f5b0c25333b2673df2a410575615e .hr-inner{\nwidth:50px;\nborder-color:#de952a;\n}\n<\/style>\n<div  class='hr av-jnlwuw1u-ef2f5b0c25333b2673df2a410575615e hr-custom  avia-builder-el-13  el_after_av_heading  el_before_av_one_third  hr-center hr-icon-no'><span class='hr-inner inner-border-av-border-thin'><span class=\"hr-inner-style\"><\/span><\/span><\/div>\n\n<style type=\"text\/css\" data-created_by=\"avia_inline_auto\" id=\"style-css-av-249wva-865a404befbfa260c79181b6d5e1e3ce\">\n.flex_column.av-249wva-865a404befbfa260c79181b6d5e1e3ce{\nborder-radius:0px 0px 0px 0px;\npadding:0px 0px 0px 0px;\n}\n<\/style>\n<div  class='flex_column av-249wva-865a404befbfa260c79181b6d5e1e3ce av_one_third  avia-builder-el-14  el_after_av_hr  el_before_av_two_third  first flex_column_div av-zero-column-padding  '     ><style type=\"text\/css\" data-created_by=\"avia_inline_auto\" id=\"style-css-av-jnn38xlj-1d769132cea3ac32437036d38055a143\">\n.avia-image-container.av-jnn38xlj-1d769132cea3ac32437036d38055a143 img.avia_image{\nbox-shadow:none;\n}\n.avia-image-container.av-jnn38xlj-1d769132cea3ac32437036d38055a143 .av-image-caption-overlay-center{\ncolor:#ffffff;\n}\n<\/style>\n<div  class='avia-image-container av-jnn38xlj-1d769132cea3ac32437036d38055a143 av-styling-circle av-hover-grow avia_animated_image av-animated-when-visible-95 pop-up avia-align-center  avia-builder-el-15  avia-builder-el-no-sibling '   itemprop=\"image\" itemscope=\"itemscope\" itemtype=\"https:\/\/schema.org\/ImageObject\" ><div class=\"avia-image-container-inner\"><div class=\"avia-image-overlay-wrap\"><img decoding=\"async\" fetchpriority=\"high\" class=\"wp-image-5679 avia-img-lazy-loading-not-5679 avia_image \" src=\"https:\/\/serviva.com\/wp-content\/uploads\/2018\/10\/evaluation-icon-1.jpg\" alt=\"\" title=\"Evaluation Icon 1\" height=\"1000\" width=\"1000\" itemprop=\"thumbnailUrl\" srcset=\"https:\/\/serviva.com\/wp-content\/uploads\/2018\/10\/evaluation-icon-1.jpg 1000w, https:\/\/serviva.com\/wp-content\/uploads\/2018\/10\/evaluation-icon-1-80x80.jpg 80w, https:\/\/serviva.com\/wp-content\/uploads\/2018\/10\/evaluation-icon-1-300x300.jpg 300w, https:\/\/serviva.com\/wp-content\/uploads\/2018\/10\/evaluation-icon-1-768x768.jpg 768w, https:\/\/serviva.com\/wp-content\/uploads\/2018\/10\/evaluation-icon-1-36x36.jpg 36w, https:\/\/serviva.com\/wp-content\/uploads\/2018\/10\/evaluation-icon-1-180x180.jpg 180w, https:\/\/serviva.com\/wp-content\/uploads\/2018\/10\/evaluation-icon-1-705x705.jpg 705w, https:\/\/serviva.com\/wp-content\/uploads\/2018\/10\/evaluation-icon-1-120x120.jpg 120w, https:\/\/serviva.com\/wp-content\/uploads\/2018\/10\/evaluation-icon-1-450x450.jpg 450w\" sizes=\"(max-width: 1000px) 100vw, 1000px\"><\/div><\/div><\/div><\/div>\n<style type=\"text\/css\" data-created_by=\"avia_inline_auto\" id=\"style-css-av-4pejba-8b85e8c521f0768c91ce90722bad1906\">\n.flex_column.av-4pejba-8b85e8c521f0768c91ce90722bad1906{\nborder-radius:0px 0px 0px 0px;\npadding:0px 0px 0px 0px;\n}\n<\/style>\n<div  class='flex_column av-4pejba-8b85e8c521f0768c91ce90722bad1906 av_two_third  avia-builder-el-16  el_after_av_one_third  avia-builder-el-last  flex_column_div av-zero-column-padding  '     ><section  class='av_textblock_section av-jnlwxz5d-f1a57a50293280d3731c9cb161ed7ffb '   itemscope=\"itemscope\" itemtype=\"https:\/\/schema.org\/CreativeWork\" ><div class='avia_textblock'  itemprop=\"text\" ><p>En outre, Serviva propose des solutions de <a href=\"https:\/\/serviva.com\/fr\/services\/surveillance-des-brevets\/\">surveillance de brevets<\/a> flexibles et peu co\u00fbteuses qui permettent \u00e0 l&rsquo;agent de brevets de transmettre facilement les r\u00e9sultats de la surveillance \u00e0 ses propres clients par courrier \u00e9lectronique.<\/p>\n<p>Sur demande, nous fournissons \u00e9galement des rapports \u00ab\u00a0white label\u00a0\u00bb ou des rapports dans l&rsquo;identit\u00e9 d&rsquo;entreprise du client.<\/p>\n<p>Serviva soutient la gestion des droits de propri\u00e9t\u00e9 industrielle et des marques \u00e0 l&rsquo;aide de solutions logicielles adapt\u00e9es (par exemple avec le syst\u00e8me de gestion de propri\u00e9t\u00e9 intellectuelle <a href=\"https:\/\/serviva.com\/fr\/patricia\/\">Patricia\u00ae<\/a>), am\u00e9liorant ainsi la coop\u00e9ration avec vos clients.<\/p>\n<p>En outre, Serviva compl\u00e8te le champ d&rsquo;activit\u00e9 habituel d&rsquo;un agent de brevets avec ses offres d&rsquo;<a href=\"https:\/\/serviva.com\/fr\/services\/evaluation-de-lip\/\">\u00e9valuation mon\u00e9taire des brevets<\/a> et de <a href=\"https:\/\/serviva.com\/fr\/services\/utilisation-ip\/utilisation-de-la-propriete-intellectuelle-en-cas-de-faillite\/\">commercialisation des brevets<\/a>.<\/p>\n<\/div><\/section><\/div>\n<\/p>\n","protected":false},"excerpt":{"rendered":"","protected":false},"author":5,"featured_media":0,"parent":15469,"menu_order":0,"comment_status":"closed","ping_status":"closed","template":"","meta":{"footnotes":""},"class_list":["post-15448","page","type-page","status-publish","hentry"],"_links":{"self":[{"href":"https:\/\/serviva.com\/fr\/wp-json\/wp\/v2\/pages\/15448","targetHints":{"allow":["GET"]}}],"collection":[{"href":"https:\/\/serviva.com\/fr\/wp-json\/wp\/v2\/pages"}],"about":[{"href":"https:\/\/serviva.com\/fr\/wp-json\/wp\/v2\/types\/page"}],"author":[{"embeddable":true,"href":"https:\/\/serviva.com\/fr\/wp-json\/wp\/v2\/users\/5"}],"replies":[{"embeddable":true,"href":"https:\/\/serviva.com\/fr\/wp-json\/wp\/v2\/comments?post=15448"}],"version-history":[{"count":9,"href":"https:\/\/serviva.com\/fr\/wp-json\/wp\/v2\/pages\/15448\/revisions"}],"predecessor-version":[{"id":16971,"href":"https:\/\/serviva.com\/fr\/wp-json\/wp\/v2\/pages\/15448\/revisions\/16971"}],"up":[{"embeddable":true,"href":"https:\/\/serviva.com\/fr\/wp-json\/wp\/v2\/pages\/15469"}],"wp:attachment":[{"href":"https:\/\/serviva.com\/fr\/wp-json\/wp\/v2\/media?parent=15448"}],"curies":[{"name":"wp","href":"https:\/\/api.w.org\/{rel}","templated":true}]}}