{"id":15624,"date":"2023-12-20T08:28:54","date_gmt":"2023-12-20T07:28:54","guid":{"rendered":"https:\/\/serviva.com\/?page_id=15624"},"modified":"2023-12-20T09:05:20","modified_gmt":"2023-12-20T08:05:20","slug":"actualites","status":"publish","type":"page","link":"https:\/\/serviva.com\/fr\/actualites\/","title":{"rendered":"News"},"content":{"rendered":"<div  class='av-alb-blogposts template-blog  av-blog-meta-html-info-disabled '  itemscope=\"itemscope\" itemtype=\"https:\/\/schema.org\/Blog\" ><article class=\"post-entry post-entry-type-standard post-entry-27093 post-loop-1 post-parity-odd single-big  post-27093 post type-post status-publish format-standard hentry\"  itemscope=\"itemscope\" itemtype=\"https:\/\/schema.org\/BlogPosting\" ><div class=\"blog-meta\"><\/div><div class='entry-content-wrapper clearfix standard-content'><header class=\"entry-content-header\"><div class=\"av-heading-wrapper\"><h2 class='post-title entry-title '  itemprop=\"headline\" ><a href=\"https:\/\/serviva.com\/fr\/nouveau-livre-blanc-intelligence-artificielle-ia-dans-les-systemes-de-gestion-de-la-propriete-intellectuelle\/\" rel=\"bookmark\" title=\"Lien permanent : Nouveau livre blanc \u00ab Intelligence Artificielle (IA) dans les syst\u00e8mes de gestion de la propri\u00e9t\u00e9 intellectuelle \u00bb\">Nouveau livre blanc \u00ab Intelligence Artificielle (IA) dans les syst\u00e8mes de gestion de la propri\u00e9t\u00e9 intellectuelle \u00bb<span class=\"post-format-icon minor-meta\"><\/span><\/a><\/h2><span class=\"blog-categories minor-meta\"><\/span><\/div><\/header><span class=\"av-vertical-delimiter\"><\/span><div class=\"entry-content\"  itemprop=\"text\" ><p data-start=\"59\" data-end=\"611\">L\u2019<strong data-start=\"61\" data-end=\"95\">Intelligence Artificielle (IA)<\/strong> a connu un d\u00e9veloppement rapide ces derni\u00e8res ann\u00e9es. Ce qui a commenc\u00e9 comme une technologie exp\u00e9rimentale est d\u00e9sormais une composante int\u00e9grante des processus commerciaux modernes \u2013 y compris dans le domaine de la <strong data-start=\"313\" data-end=\"346\">propri\u00e9t\u00e9 intellectuelle (PI)<\/strong>. Alors que l\u2019automatisation et l\u2019apprentissage automatique font partie depuis longtemps des processus commerciaux quotidiens, l\u2019int\u00e9gration de l\u2019IA commence maintenant \u00e0 transformer en profondeur les <strong data-start=\"547\" data-end=\"608\">syst\u00e8mes de gestion de la propri\u00e9t\u00e9 intellectuelle (SGPI)<\/strong>.<\/p>\n<p data-start=\"613\" data-end=\"641\">Pour plus d\u2019informations: <a href=\"https:\/\/serviva.com\/en\/artificial-intelligence-ai-in-ip-management-systems\/\">https:\/\/serviva.com\/en\/artificial-intelligence-ai-in-ip-management-systems\/<\/a><\/p>\n<\/div><span class=\"post-meta-infos\"><time class=\"date-container minor-meta updated\"  itemprop=\"datePublished\" datetime=\"\" ><\/time><span class=\"text-sep\">\/<\/span><span class=\"blog-author minor-meta\">par <span class=\"entry-author-link\"  itemprop=\"author\" ><span class=\"author\"><span class=\"fn\"><a href=\"https:\/\/serviva.com\/fr\/author\/ceuguei\/\" title=\"Articles par \" rel=\"author\"><\/a><\/span><\/span><\/span><\/span><\/span><footer class=\"entry-footer\"><\/footer><div class='post_delimiter'><\/div><\/div><div class=\"post_author_timeline\"><\/div><span class='hidden'>\n\t\t\t\t<span class='av-structured-data'  itemprop=\"image\" itemscope=\"itemscope\" itemtype=\"https:\/\/schema.org\/ImageObject\" >\n\t\t\t\t\t\t<span itemprop='url'>https:\/\/serviva.com\/wp-content\/uploads\/2020\/04\/Serviva_Logo.png<\/span>\n\t\t\t\t\t\t<span itemprop='height'>0<\/span>\n\t\t\t\t\t\t<span itemprop='width'>0<\/span>\n\t\t\t\t<\/span>\n\t\t\t\t<span class='av-structured-data'  itemprop=\"publisher\" itemtype=\"https:\/\/schema.org\/Organization\" itemscope=\"itemscope\" >\n\t\t\t\t\t\t<span itemprop='name'><\/span>\n\t\t\t\t\t\t<span itemprop='logo' itemscope itemtype='https:\/\/schema.org\/ImageObject'>\n\t\t\t\t\t\t\t<span itemprop='url'>https:\/\/serviva.com\/wp-content\/uploads\/2020\/04\/Serviva_Logo.png<\/span>\n\t\t\t\t\t\t<\/span>\n\t\t\t\t<\/span><span class='av-structured-data'  itemprop=\"author\" itemscope=\"itemscope\" itemtype=\"https:\/\/schema.org\/Person\" ><span itemprop='name'><\/span><\/span><span class='av-structured-data'  itemprop=\"datePublished\" datetime=\"\" >2025-11-13 14:19:14<\/span><span class='av-structured-data'  itemprop=\"dateModified\" itemtype=\"https:\/\/schema.org\/dateModified\" >2025-11-13 14:19:34<\/span><span class='av-structured-data'  itemprop=\"mainEntityOfPage\" itemtype=\"https:\/\/schema.org\/mainEntityOfPage\" ><span itemprop='name'>Nouveau livre blanc \u00ab Intelligence Artificielle (IA) dans les syst\u00e8mes de gestion de la propri\u00e9t\u00e9 intellectuelle \u00bb<\/span><\/span><\/span><\/article><article class=\"post-entry post-entry-type-standard post-entry-20169 post-loop-2 post-parity-even single-big  post-20169 post type-post status-publish format-standard hentry\"  itemscope=\"itemscope\" itemtype=\"https:\/\/schema.org\/BlogPosting\" ><div class=\"blog-meta\"><\/div><div class='entry-content-wrapper clearfix standard-content'><header class=\"entry-content-header\"><div class=\"av-heading-wrapper\"><h2 class='post-title entry-title '  itemprop=\"headline\" ><a href=\"https:\/\/serviva.com\/fr\/nouveau-livre-blanc-software-as-a-service-dans-le-domaine-des-brevets-et-des-marques\/\" rel=\"bookmark\" title=\"Lien permanent : Nouveau livre blanc \u00ab Software-as-a-Service dans le domaine des brevets et des marques \u00bb\">Nouveau livre blanc \u00ab Software-as-a-Service dans le domaine des brevets et des marques \u00bb<span class=\"post-format-icon minor-meta\"><\/span><\/a><\/h2><span class=\"blog-categories minor-meta\"><\/span><\/div><\/header><span class=\"av-vertical-delimiter\"><\/span><div class=\"entry-content\"  itemprop=\"text\" ><p>Les logiciels en tant que service (SaaS) sont un mod\u00e8le de plus en plus populaire pour la mise \u00e0 disposition de logiciels. Il s&rsquo;agit d&rsquo;applications bas\u00e9es sur le cloud auxquelles les utilisateurs peuvent acc\u00e9der via Internet au lieu de les installer localement. Ce concept s&rsquo;est \u00e9tabli dans presque tous les secteurs au cours des derni\u00e8res ann\u00e9es et offre une alternative flexible et \u00e9volutive aux solutions traditionnelles sur site. Cette tendance a d\u00e9sormais \u00e9galement atteint le monde de la propri\u00e9t\u00e9 intellectuelle !<\/p>\n<p>Notre nouveau livre blanc en anglais met en lumi\u00e8re les avantages et les inconv\u00e9nients du SaaS: <a href=\"https:\/\/serviva.com\/en\/software-as-a-service-in-the-patent-and-trade-mark-sector\/\">https:\/\/serviva.com\/en\/software-as-a-service-in-the-patent-and-trade-mark-sector\/<\/a><\/p>\n<\/div><span class=\"post-meta-infos\"><time class=\"date-container minor-meta updated\"  itemprop=\"datePublished\" datetime=\"\" ><\/time><span class=\"text-sep\">\/<\/span><span class=\"blog-author minor-meta\">par <span class=\"entry-author-link\"  itemprop=\"author\" ><span class=\"author\"><span class=\"fn\"><a href=\"https:\/\/serviva.com\/fr\/author\/ceuguei\/\" title=\"Articles par \" rel=\"author\"><\/a><\/span><\/span><\/span><\/span><\/span><footer class=\"entry-footer\"><\/footer><div class='post_delimiter'><\/div><\/div><div class=\"post_author_timeline\"><\/div><span class='hidden'>\n\t\t\t\t<span class='av-structured-data'  itemprop=\"image\" itemscope=\"itemscope\" itemtype=\"https:\/\/schema.org\/ImageObject\" >\n\t\t\t\t\t\t<span itemprop='url'>https:\/\/serviva.com\/wp-content\/uploads\/2020\/04\/Serviva_Logo.png<\/span>\n\t\t\t\t\t\t<span itemprop='height'>0<\/span>\n\t\t\t\t\t\t<span itemprop='width'>0<\/span>\n\t\t\t\t<\/span>\n\t\t\t\t<span class='av-structured-data'  itemprop=\"publisher\" itemtype=\"https:\/\/schema.org\/Organization\" itemscope=\"itemscope\" >\n\t\t\t\t\t\t<span itemprop='name'><\/span>\n\t\t\t\t\t\t<span itemprop='logo' itemscope itemtype='https:\/\/schema.org\/ImageObject'>\n\t\t\t\t\t\t\t<span itemprop='url'>https:\/\/serviva.com\/wp-content\/uploads\/2020\/04\/Serviva_Logo.png<\/span>\n\t\t\t\t\t\t<\/span>\n\t\t\t\t<\/span><span class='av-structured-data'  itemprop=\"author\" itemscope=\"itemscope\" itemtype=\"https:\/\/schema.org\/Person\" ><span itemprop='name'><\/span><\/span><span class='av-structured-data'  itemprop=\"datePublished\" datetime=\"\" >2024-12-09 15:28:54<\/span><span class='av-structured-data'  itemprop=\"dateModified\" itemtype=\"https:\/\/schema.org\/dateModified\" >2024-12-09 15:30:24<\/span><span class='av-structured-data'  itemprop=\"mainEntityOfPage\" itemtype=\"https:\/\/schema.org\/mainEntityOfPage\" ><span itemprop='name'>Nouveau livre blanc \u00ab Software-as-a-Service dans le domaine des brevets et des marques \u00bb<\/span><\/span><\/span><\/article><article class=\"post-entry post-entry-type-standard post-entry-20125 post-loop-3 post-parity-odd post-entry-last single-big  post-20125 post type-post status-publish format-standard hentry category-news-fr\"  itemscope=\"itemscope\" itemtype=\"https:\/\/schema.org\/BlogPosting\" ><div class=\"blog-meta\"><\/div><div class='entry-content-wrapper clearfix standard-content'><header class=\"entry-content-header\"><div class=\"av-heading-wrapper\"><h2 class='post-title entry-title '  itemprop=\"headline\" ><a href=\"https:\/\/serviva.com\/fr\/14e-conference-du-pafa-a-augsbourg\/\" rel=\"bookmark\" title=\"Lien permanent : 14e conf\u00e9rence du PAFA \u00e0 Augsbourg\">14e conf\u00e9rence du PAFA \u00e0 Augsbourg<span class=\"post-format-icon minor-meta\"><\/span><\/a><\/h2><span class=\"blog-categories minor-meta\"><a href=\"https:\/\/serviva.com\/fr\/category\/news\/news-fr\/\" rel=\"tag\">News-fr<\/a><\/span><\/div><\/header><span class=\"av-vertical-delimiter\"><\/span><div class=\"entry-content\"  itemprop=\"text\" ><p>En novembre, Serviva GmbH a eu l&rsquo;occasion de participer \u00e0 la 14e conf\u00e9rence du PAFA \u00e0 Augsbourg &#8211; un \u00e9v\u00e9nement parfaitement organis\u00e9 qui nous a donn\u00e9 de nombreuses impulsions et possibilit\u00e9s d&rsquo;\u00e9change. Nous tenons \u00e0 remercier Monika Huppertz et son \u00e9quipe d&rsquo;IP for IP pour leur engagement et leur excellente organisation.<\/p>\n<p>Notre directeur g\u00e9n\u00e9ral, Dr. Lars Zanzig, a pr\u00e9sent\u00e9 un expos\u00e9 sur le th\u00e8me \u00ab Comment garder le fil dans la jungle des brevets?\u00bb<\/p>\n<p>Dr. Zanzig a expliqu\u00e9 comment maintenir une vue d&rsquo;ensemble de plus de 100 millions de documents de brevets et comment les prestataires de services externes y parviennent gr\u00e2ce \u00e0 leur expertise hautement sp\u00e9cialis\u00e9e.<\/p>\n<p>Nous attendons d\u00e9j\u00e0 avec impatience le prochain \u00e9v\u00e9nement.<\/p>\n<p><img loading=\"lazy\" decoding=\"async\" class=\"alignnone size-full wp-image-20058\" src=\"https:\/\/serviva.com\/wp-content\/uploads\/2024\/12\/PAFA-Tagung.jpg\" alt=\"\" width=\"1512\" height=\"2016\" title=\"\" srcset=\"https:\/\/serviva.com\/wp-content\/uploads\/2024\/12\/PAFA-Tagung.jpg 1512w, https:\/\/serviva.com\/wp-content\/uploads\/2024\/12\/PAFA-Tagung-225x300.jpg 225w, https:\/\/serviva.com\/wp-content\/uploads\/2024\/12\/PAFA-Tagung-773x1030.jpg 773w, https:\/\/serviva.com\/wp-content\/uploads\/2024\/12\/PAFA-Tagung-768x1024.jpg 768w, https:\/\/serviva.com\/wp-content\/uploads\/2024\/12\/PAFA-Tagung-1152x1536.jpg 1152w, https:\/\/serviva.com\/wp-content\/uploads\/2024\/12\/PAFA-Tagung-1125x1500.jpg 1125w, https:\/\/serviva.com\/wp-content\/uploads\/2024\/12\/PAFA-Tagung-529x705.jpg 529w\" sizes=\"auto, (max-width: 1512px) 100vw, 1512px\"><\/p>\n<\/div><span class=\"post-meta-infos\"><time class=\"date-container minor-meta updated\"  itemprop=\"datePublished\" datetime=\"\" ><\/time><span class=\"text-sep\">\/<\/span><span class=\"blog-author minor-meta\">par <span class=\"entry-author-link\"  itemprop=\"author\" ><span class=\"author\"><span class=\"fn\"><a href=\"https:\/\/serviva.com\/fr\/author\/ceuguei\/\" title=\"Articles par \" rel=\"author\"><\/a><\/span><\/span><\/span><\/span><\/span><footer class=\"entry-footer\"><\/footer><div class='post_delimiter'><\/div><\/div><div class=\"post_author_timeline\"><\/div><span class='hidden'>\n\t\t\t\t<span class='av-structured-data'  itemprop=\"image\" itemscope=\"itemscope\" itemtype=\"https:\/\/schema.org\/ImageObject\" >\n\t\t\t\t\t\t<span itemprop='url'>https:\/\/serviva.com\/wp-content\/uploads\/2020\/04\/Serviva_Logo.png<\/span>\n\t\t\t\t\t\t<span itemprop='height'>0<\/span>\n\t\t\t\t\t\t<span itemprop='width'>0<\/span>\n\t\t\t\t<\/span>\n\t\t\t\t<span class='av-structured-data'  itemprop=\"publisher\" itemtype=\"https:\/\/schema.org\/Organization\" itemscope=\"itemscope\" >\n\t\t\t\t\t\t<span itemprop='name'><\/span>\n\t\t\t\t\t\t<span itemprop='logo' itemscope itemtype='https:\/\/schema.org\/ImageObject'>\n\t\t\t\t\t\t\t<span itemprop='url'>https:\/\/serviva.com\/wp-content\/uploads\/2020\/04\/Serviva_Logo.png<\/span>\n\t\t\t\t\t\t<\/span>\n\t\t\t\t<\/span><span class='av-structured-data'  itemprop=\"author\" itemscope=\"itemscope\" itemtype=\"https:\/\/schema.org\/Person\" ><span itemprop='name'><\/span><\/span><span class='av-structured-data'  itemprop=\"datePublished\" datetime=\"\" >2024-12-09 10:26:51<\/span><span class='av-structured-data'  itemprop=\"dateModified\" itemtype=\"https:\/\/schema.org\/dateModified\" >2024-12-09 10:30:43<\/span><span class='av-structured-data'  itemprop=\"mainEntityOfPage\" itemtype=\"https:\/\/schema.org\/mainEntityOfPage\" ><span itemprop='name'>14e conf\u00e9rence du PAFA \u00e0 Augsbourg<\/span><\/span><\/span><\/article><div class='single-big'><nav class='pagination'><span class='pagination-meta'>Page 1 sur 4<\/span><span class='current'>1<\/span><a href='https:\/\/serviva.com\/fr\/wp-json\/wp\/v2\/pages\/15624\/page\/2\/' class='inactive next_page' >2<\/a><a href='https:\/\/serviva.com\/fr\/wp-json\/wp\/v2\/pages\/15624\/page\/3\/' class='inactive' >3<\/a><a href='https:\/\/serviva.com\/fr\/wp-json\/wp\/v2\/pages\/15624\/page\/4\/' class='inactive' >4<\/a><\/nav>\n<\/div><\/div>\n","protected":false},"excerpt":{"rendered":"","protected":false},"author":5,"featured_media":0,"parent":0,"menu_order":0,"comment_status":"closed","ping_status":"closed","template":"","meta":{"footnotes":""},"class_list":["post-15624","page","type-page","status-publish","hentry"],"_links":{"self":[{"href":"https:\/\/serviva.com\/fr\/wp-json\/wp\/v2\/pages\/15624","targetHints":{"allow":["GET"]}}],"collection":[{"href":"https:\/\/serviva.com\/fr\/wp-json\/wp\/v2\/pages"}],"about":[{"href":"https:\/\/serviva.com\/fr\/wp-json\/wp\/v2\/types\/page"}],"author":[{"embeddable":true,"href":"https:\/\/serviva.com\/fr\/wp-json\/wp\/v2\/users\/5"}],"replies":[{"embeddable":true,"href":"https:\/\/serviva.com\/fr\/wp-json\/wp\/v2\/comments?post=15624"}],"version-history":[{"count":4,"href":"https:\/\/serviva.com\/fr\/wp-json\/wp\/v2\/pages\/15624\/revisions"}],"predecessor-version":[{"id":18222,"href":"https:\/\/serviva.com\/fr\/wp-json\/wp\/v2\/pages\/15624\/revisions\/18222"}],"wp:attachment":[{"href":"https:\/\/serviva.com\/fr\/wp-json\/wp\/v2\/media?parent=15624"}],"curies":[{"name":"wp","href":"https:\/\/api.w.org\/{rel}","templated":true}]}}