{"id":15726,"date":"2023-12-20T11:45:24","date_gmt":"2023-12-20T10:45:24","guid":{"rendered":"https:\/\/serviva.com\/?page_id=15726"},"modified":"2025-06-05T10:35:00","modified_gmt":"2025-06-05T08:35:00","slug":"formulaire-patselect-4-0-test","status":"publish","type":"page","link":"https:\/\/serviva.com\/fr\/formulaire-patselect-4-0-test\/","title":{"rendered":"Formulaire PATselect 4.0 &#8211; Test"},"content":{"rendered":"\n<style type=\"text\/css\" data-created_by=\"avia_inline_auto\" id=\"style-css-av-4o015e-bc29a07f65b1a47c676cf1589dd48d87\">\n.avia-section.av-4o015e-bc29a07f65b1a47c676cf1589dd48d87{\nbackground-repeat:no-repeat;\nbackground-image:url(https:\/\/serviva.com\/wp-content\/uploads\/2019\/01\/patentueberwachung-header-300x212.jpg);\nbackground-position:0% 0%;\nbackground-attachment:fixed;\n}\n.avia-section.av-4o015e-bc29a07f65b1a47c676cf1589dd48d87 .av-section-color-overlay{\nopacity:0.6;\nbackground-color:#005da4;\n}\n<\/style>\n<div id='av_section_1'  class='avia-section av-4o015e-bc29a07f65b1a47c676cf1589dd48d87 main_color avia-section-small avia-no-shadow  avia-builder-el-0  el_before_av_textblock  avia-builder-el-first  avia-full-stretch avia-bg-style-fixed av-section-color-overlay-active av-minimum-height av-minimum-height-20 av-height-percent  container_wrap fullsize'  data-section-bg-repeat='stretch' data-av_minimum_height_pc='20' data-av_min_height_opt='percent'><div class=\"av-section-color-overlay-wrap\"><div class=\"av-section-color-overlay\"><\/div><div class='container av-section-cont-open' ><main  role=\"main\" itemprop=\"mainContentOfPage\"  class='template-page content  av-content-full alpha units'><div class='post-entry post-entry-type-page post-entry-15726'><div class='entry-content-wrapper clearfix'>\n\n<style type=\"text\/css\" data-created_by=\"avia_inline_auto\" id=\"style-css-av-lqdnba9y-512f4ba6288b6d35dd073619f8e5b8b7\">\n#top .av-special-heading.av-lqdnba9y-512f4ba6288b6d35dd073619f8e5b8b7{\nmargin:20px 20px 20px 20px;\npadding-bottom:10px;\ncolor:#ffffff;\nfont-size:40px;\n}\nbody .av-special-heading.av-lqdnba9y-512f4ba6288b6d35dd073619f8e5b8b7 .av-special-heading-tag .heading-char{\nfont-size:25px;\n}\n#top #wrap_all .av-special-heading.av-lqdnba9y-512f4ba6288b6d35dd073619f8e5b8b7 .av-special-heading-tag{\nfont-size:40px;\n}\n.av-special-heading.av-lqdnba9y-512f4ba6288b6d35dd073619f8e5b8b7 .special-heading-inner-border{\nborder-color:#ffffff;\n}\n.av-special-heading.av-lqdnba9y-512f4ba6288b6d35dd073619f8e5b8b7 .av-subheading{\nfont-size:16px;\n}\n\n@media only screen and (min-width: 480px) and (max-width: 767px){ \n#top #wrap_all .av-special-heading.av-lqdnba9y-512f4ba6288b6d35dd073619f8e5b8b7 .av-special-heading-tag{\nfont-size:0.8em;\n}\n}\n\n@media only screen and (max-width: 479px){ \n#top #wrap_all .av-special-heading.av-lqdnba9y-512f4ba6288b6d35dd073619f8e5b8b7 .av-special-heading-tag{\nfont-size:0.8em;\n}\n}\n<\/style>\n<div  class='av-special-heading av-lqdnba9y-512f4ba6288b6d35dd073619f8e5b8b7 av-special-heading-h1 custom-color-heading blockquote modern-quote modern-centered  avia-builder-el-1  el_before_av_hr  avia-builder-el-first  av-inherit-size av-linked-heading'><h1 class='av-special-heading-tag'  itemprop=\"headline\"  >PATselect 4.0<\/h1><div class='av_custom_color av-subheading av-subheading_below'><p>La recherche de brevets red\u00e9finie !<\/p>\n<\/div><div class=\"special-heading-border\"><div class=\"special-heading-inner-border\"><\/div><\/div><\/div>\n<div  class='hr av-4bs03m-e6ac927390b9bb4fed236515f32dd54d hr-default  avia-builder-el-2  el_after_av_heading  avia-builder-el-last '><span class='hr-inner '><span class=\"hr-inner-style\"><\/span><\/span><\/div>\n<\/div><\/div><\/main><!-- close content main element --><\/div><\/div><\/div><div id='after_section_1'  class='main_color av_default_container_wrap container_wrap fullsize'  ><div class='container av-section-cont-open' ><div class='template-page content  av-content-full alpha units'><div class='post-entry post-entry-type-page post-entry-15726'><div class='entry-content-wrapper clearfix'><section  class='av_textblock_section av-k92pu44f-976ac6bf00c9deaf6e1a79f655812704 '   itemscope=\"itemscope\" itemtype=\"https:\/\/schema.org\/CreativeWork\" ><div class='avia_textblock'  itemprop=\"text\" ><h2>PATselect 4.0 &#8211; Enregistrement<\/h2>\n<p>Oui, je souhaite recevoir un acc\u00e8s d&rsquo;essai gratuit et sans engagement de 7 jours. L&rsquo;essai se termine automatiquement apr\u00e8s 7 jours. Aucune r\u00e9siliation n&rsquo;est n\u00e9cessaire.<\/p>\n<\/div><\/section><\/p>\n<section  class='av_textblock_section av-22t1tu-0dad2ad4ba7f536973834c0acf268c9c '   itemscope=\"itemscope\" itemtype=\"https:\/\/schema.org\/CreativeWork\" ><div class='avia_textblock'  itemprop=\"text\" >\n<div class=\"wpcf7 no-js\" id=\"wpcf7-f15730-o1\" lang=\"de-DE\" dir=\"ltr\" data-wpcf7-id=\"15730\">\n<div class=\"screen-reader-response\"><p role=\"status\" aria-live=\"polite\" aria-atomic=\"true\"><\/p> <ul><\/ul><\/div>\n<form action=\"\/fr\/wp-json\/wp\/v2\/pages\/15726#wpcf7-f15730-o1\" method=\"post\" class=\"wpcf7-form init\" aria-label=\"Kontaktformular\" novalidate=\"novalidate\" data-status=\"init\">\n<fieldset class=\"hidden-fields-container\"><input type=\"hidden\" name=\"_wpcf7\" value=\"15730\" \/><input type=\"hidden\" name=\"_wpcf7_version\" value=\"6.1.5\" \/><input type=\"hidden\" name=\"_wpcf7_locale\" value=\"de_DE\" \/><input type=\"hidden\" name=\"_wpcf7_unit_tag\" value=\"wpcf7-f15730-o1\" \/><input type=\"hidden\" name=\"_wpcf7_container_post\" value=\"0\" \/><input type=\"hidden\" name=\"_wpcf7_posted_data_hash\" value=\"\" \/><input type=\"hidden\" name=\"_wpcf7_recaptcha_response\" value=\"\" \/>\n<\/fieldset>\n<p><span class=\"wpcf7-form-control-wrap\" data-name=\"votre-nom\"><input size=\"40\" maxlength=\"400\" class=\"wpcf7-form-control wpcf7-text wpcf7-validates-as-required\" aria-required=\"true\" aria-invalid=\"false\" placeholder=\"Nom*\" value=\"\" type=\"text\" name=\"votre-nom\" \/><\/span>\n<\/p>\n<p><span class=\"wpcf7-form-control-wrap\" data-name=\"premier\"><input size=\"40\" maxlength=\"400\" class=\"wpcf7-form-control wpcf7-text wpcf7-validates-as-required\" aria-required=\"true\" aria-invalid=\"false\" placeholder=\"Pr\u00e9nom*\" value=\"\" type=\"text\" name=\"premier\" \/><\/span>\n<\/p>\n<p><span class=\"wpcf7-form-control-wrap\" data-name=\"votre-email\"><input size=\"40\" maxlength=\"400\" class=\"wpcf7-form-control wpcf7-email wpcf7-validates-as-required wpcf7-text wpcf7-validates-as-email\" aria-required=\"true\" aria-invalid=\"false\" placeholder=\"E-Mail*\" value=\"\" type=\"email\" name=\"votre-email\" \/><\/span>\n<\/p>\n<p><span class=\"wpcf7-form-control-wrap\" data-name=\"Votre-entreprise\"><input size=\"40\" maxlength=\"400\" class=\"wpcf7-form-control wpcf7-text wpcf7-validates-as-required\" aria-required=\"true\" aria-invalid=\"false\" value=\"Entreprise*\" type=\"text\" name=\"Votre-entreprise\" \/><\/span>\n<\/p>\n<p><span class=\"wpcf7-form-control-wrap\" data-name=\"department\"><input size=\"40\" maxlength=\"400\" class=\"wpcf7-form-control wpcf7-text\" aria-invalid=\"false\" placeholder=\"D\u00e9partement (facultatif)\" value=\"\" type=\"text\" name=\"department\" \/><\/span>\n<\/p>\n<p> D\u00e9but de la p\u00e9riode de test: <span class=\"wpcf7-form-control-wrap\" data-name=\"radio-74\"><span class=\"wpcf7-form-control wpcf7-radio\"><span class=\"wpcf7-list-item first\"><input type=\"radio\" name=\"radio-74\" value=\"imm\u00e9diatement\" checked=\"checked\" \/><span class=\"wpcf7-list-item-label\">imm\u00e9diatement<\/span><\/span><span class=\"wpcf7-list-item\"><input type=\"radio\" name=\"radio-74\" value=\"semaine calendaire suivante\" \/><span class=\"wpcf7-list-item-label\">semaine calendaire suivante<\/span><\/span><span class=\"wpcf7-list-item last\"><input type=\"radio\" name=\"radio-74\" value=\"apr\u00e8s la semaine calendaire suivante\" \/><span class=\"wpcf7-list-item-label\">apr\u00e8s la semaine calendaire suivante<\/span><\/span><\/span><\/span>\n<\/p>\n<p><span class=\"wpcf7-form-control-wrap\" data-name=\"phone-number\"><input size=\"40\" maxlength=\"400\" class=\"wpcf7-form-control wpcf7-text\" aria-invalid=\"false\" placeholder=\"T\u00e9l\u00e9phone (facultatif)\" value=\"\" type=\"text\" name=\"phone-number\" \/><\/span>\n<\/p>\n<p><span class=\"wpcf7-form-control-wrap\" data-name=\"checkbox-591\"><span class=\"wpcf7-form-control wpcf7-checkbox wpcf7-validates-as-required\"><span class=\"wpcf7-list-item first last\"><input type=\"checkbox\" name=\"checkbox-591[]\" value=\"J&#039;accepte que ce site web enregistre les informations que j&#039;ai fournies afin de r\u00e9pondre \u00e0 ma demande..*\" \/><span class=\"wpcf7-list-item-label\">J&#039;accepte que ce site web enregistre les informations que j&#039;ai fournies afin de r\u00e9pondre \u00e0 ma demande..*<\/span><\/span><\/span><\/span>\n<\/p>\n<p><label>* Champ obligatoire<\/label>\n<\/p>\n<p><input class=\"wpcf7-form-control wpcf7-submit has-spinner\" id=\"customized-field\" type=\"submit\" value=\"S&#039;inscrire\" \/>\n<\/p><div class=\"wpcf7-response-output\" aria-hidden=\"true\"><\/div>\n<\/form>\n<\/div>\n\n<\/div><\/section>\n<\/div><\/div><\/div><!-- close content main div --><\/div><\/div><div id='full_slider_1'  class='avia-fullwidth-slider main_color avia-shadow   avia-builder-el-5  el_after_av_textblock  avia-builder-el-last   slider-not-first container_wrap fullsize'  ><div  class='avia-slideshow av-kg7xvuhl-b789ad999be0fb2a6a10553cb8f27a49 avia-slideshow-large av_slideshow_full avia-slide-slider av-slideshow-ui av-control-default av-slideshow-autoplay av-loop-endless av-loop-manual-endless av-default-height-applied  image_no_stretch avia-slideshow-1' data-slideshow-options=\"{&quot;animation&quot;:&quot;slide&quot;,&quot;autoplay&quot;:true,&quot;loop_autoplay&quot;:&quot;endless&quot;,&quot;interval&quot;:2,&quot;loop_manual&quot;:&quot;manual-endless&quot;,&quot;autoplay_stopper&quot;:false,&quot;noNavigation&quot;:false,&quot;bg_slider&quot;:false,&quot;keep_padding&quot;:false,&quot;hoverpause&quot;:false,&quot;show_slide_delay&quot;:0}\"  itemprop=\"image\" itemscope=\"itemscope\" itemtype=\"https:\/\/schema.org\/ImageObject\" ><ul class='avia-slideshow-inner ' style='padding-bottom: 100.99667774086%;'><li  class='avia-slideshow-slide av-kg7xvuhl-b789ad999be0fb2a6a10553cb8f27a49__0  slide-1 slide-odd'><div data-rel='slideshow-1' class='avia-slide-wrap '   ><img decoding=\"async\" fetchpriority=\"high\" class=\"wp-image-8574 avia-img-lazy-loading-not-8574\" src=\"https:\/\/serviva.com\/wp-content\/uploads\/2020\/10\/4_Patselect-4.0-Eingabemaske-3.jpg\" width=\"602\" height=\"608\" title=\"4_Patselect 4.0 Eingabemaske 3\" alt=\"\" itemprop=\"thumbnailUrl\" srcset=\"https:\/\/serviva.com\/wp-content\/uploads\/2020\/10\/4_Patselect-4.0-Eingabemaske-3.jpg 602w, https:\/\/serviva.com\/wp-content\/uploads\/2020\/10\/4_Patselect-4.0-Eingabemaske-3-297x300.jpg 297w, https:\/\/serviva.com\/wp-content\/uploads\/2020\/10\/4_Patselect-4.0-Eingabemaske-3-80x80.jpg 80w, https:\/\/serviva.com\/wp-content\/uploads\/2020\/10\/4_Patselect-4.0-Eingabemaske-3-36x36.jpg 36w\" sizes=\"(max-width: 602px) 100vw, 602px\"><\/div><\/li><li  class='avia-slideshow-slide av-kg7xvuhl-b789ad999be0fb2a6a10553cb8f27a49__1  slide-2 slide-even'><div data-rel='slideshow-1' class='avia-slide-wrap '   ><img decoding=\"async\" fetchpriority=\"high\" class=\"wp-image-8572 avia-img-lazy-loading-not-8572\" src=\"https:\/\/serviva.com\/wp-content\/uploads\/2020\/10\/3_Patselect-4.0-Eingabemaske-2.jpg\" width=\"599\" height=\"712\" title=\"3_Patselect 4.0 Eingabemaske 2\" alt=\"\" itemprop=\"thumbnailUrl\" srcset=\"https:\/\/serviva.com\/wp-content\/uploads\/2020\/10\/3_Patselect-4.0-Eingabemaske-2.jpg 599w, https:\/\/serviva.com\/wp-content\/uploads\/2020\/10\/3_Patselect-4.0-Eingabemaske-2-252x300.jpg 252w, https:\/\/serviva.com\/wp-content\/uploads\/2020\/10\/3_Patselect-4.0-Eingabemaske-2-593x705.jpg 593w\" sizes=\"(max-width: 599px) 100vw, 599px\"><\/div><\/li><li  class='avia-slideshow-slide av-kg7xvuhl-b789ad999be0fb2a6a10553cb8f27a49__2  slide-3 slide-odd'><div data-rel='slideshow-1' class='avia-slide-wrap '   ><img decoding=\"async\" fetchpriority=\"high\" class=\"wp-image-8570 avia-img-lazy-loading-not-8570\" src=\"https:\/\/serviva.com\/wp-content\/uploads\/2020\/10\/2_Patselect-4.0-Eingabemaske-1-1.jpg\" width=\"610\" height=\"820\" title=\"2_Patselect 4.0 Eingabemaske 1\" alt=\"\" itemprop=\"thumbnailUrl\" srcset=\"https:\/\/serviva.com\/wp-content\/uploads\/2020\/10\/2_Patselect-4.0-Eingabemaske-1-1.jpg 610w, https:\/\/serviva.com\/wp-content\/uploads\/2020\/10\/2_Patselect-4.0-Eingabemaske-1-1-223x300.jpg 223w, https:\/\/serviva.com\/wp-content\/uploads\/2020\/10\/2_Patselect-4.0-Eingabemaske-1-1-524x705.jpg 524w\" sizes=\"(max-width: 610px) 100vw, 610px\"><\/div><\/li><li  class='avia-slideshow-slide av-kg7xvuhl-b789ad999be0fb2a6a10553cb8f27a49__3  slide-4 slide-even'><div data-rel='slideshow-1' class='avia-slide-wrap '   ><img decoding=\"async\" fetchpriority=\"high\" class=\"wp-image-8554 avia-img-lazy-loading-not-8554\" src=\"https:\/\/serviva.com\/wp-content\/uploads\/2020\/10\/1_Patselect-4.0-Hautpmenue.jpg\" width=\"606\" height=\"728\" title=\"1_Patselect 4.0 Hautpmenue\" alt=\"\" itemprop=\"thumbnailUrl\" srcset=\"https:\/\/serviva.com\/wp-content\/uploads\/2020\/10\/1_Patselect-4.0-Hautpmenue.jpg 606w, https:\/\/serviva.com\/wp-content\/uploads\/2020\/10\/1_Patselect-4.0-Hautpmenue-250x300.jpg 250w, https:\/\/serviva.com\/wp-content\/uploads\/2020\/10\/1_Patselect-4.0-Hautpmenue-587x705.jpg 587w\" sizes=\"(max-width: 606px) 100vw, 606px\"><\/div><\/li><li  class='avia-slideshow-slide av-kg7xvuhl-b789ad999be0fb2a6a10553cb8f27a49__4  slide-5 slide-odd'><div data-rel='slideshow-1' class='avia-slide-wrap '   ><img decoding=\"async\" fetchpriority=\"high\" class=\"wp-image-8576 avia-img-lazy-loading-not-8576\" src=\"https:\/\/serviva.com\/wp-content\/uploads\/2020\/10\/5_Patselect-4.0-Eingabemaske-4.jpg\" width=\"609\" height=\"1013\" title=\"5_Patselect 4.0 Eingabemaske 4\" alt=\"\" itemprop=\"thumbnailUrl\" srcset=\"https:\/\/serviva.com\/wp-content\/uploads\/2020\/10\/5_Patselect-4.0-Eingabemaske-4.jpg 609w, https:\/\/serviva.com\/wp-content\/uploads\/2020\/10\/5_Patselect-4.0-Eingabemaske-4-180x300.jpg 180w, https:\/\/serviva.com\/wp-content\/uploads\/2020\/10\/5_Patselect-4.0-Eingabemaske-4-424x705.jpg 424w\" sizes=\"(max-width: 609px) 100vw, 609px\"><\/div><\/li><li  class='avia-slideshow-slide av-kg7xvuhl-b789ad999be0fb2a6a10553cb8f27a49__5  slide-6 slide-even'><div data-rel='slideshow-1' class='avia-slide-wrap '   ><img decoding=\"async\" fetchpriority=\"high\" class=\"wp-image-8578 avia-img-lazy-loading-not-8578\" src=\"https:\/\/serviva.com\/wp-content\/uploads\/2020\/10\/7_Patselect-4.0-Display-2-2-1030x743.jpg\" width=\"1030\" height=\"743\" title=\"7_Patselect 4.0 Display 2\" alt=\"\" itemprop=\"thumbnailUrl\" srcset=\"https:\/\/serviva.com\/wp-content\/uploads\/2020\/10\/7_Patselect-4.0-Display-2-2-1030x743.jpg 1030w, https:\/\/serviva.com\/wp-content\/uploads\/2020\/10\/7_Patselect-4.0-Display-2-2-300x216.jpg 300w, https:\/\/serviva.com\/wp-content\/uploads\/2020\/10\/7_Patselect-4.0-Display-2-2-768x554.jpg 768w, https:\/\/serviva.com\/wp-content\/uploads\/2020\/10\/7_Patselect-4.0-Display-2-2-705x508.jpg 705w, https:\/\/serviva.com\/wp-content\/uploads\/2020\/10\/7_Patselect-4.0-Display-2-2.jpg 1227w\" sizes=\"(max-width: 1030px) 100vw, 1030px\"><\/div><\/li><li  class='avia-slideshow-slide av-kg7xvuhl-b789ad999be0fb2a6a10553cb8f27a49__6  slide-7 slide-odd'><div data-rel='slideshow-1' class='avia-slide-wrap '   ><img decoding=\"async\" fetchpriority=\"high\" class=\"wp-image-8580 avia-img-lazy-loading-not-8580\" src=\"https:\/\/serviva.com\/wp-content\/uploads\/2020\/10\/6_Patselect-4.0-Display-1-2-1030x732.jpg\" width=\"1030\" height=\"732\" title=\"6_Patselect 4.0 Display 1\" alt=\"\" itemprop=\"thumbnailUrl\" srcset=\"https:\/\/serviva.com\/wp-content\/uploads\/2020\/10\/6_Patselect-4.0-Display-1-2-1030x732.jpg 1030w, https:\/\/serviva.com\/wp-content\/uploads\/2020\/10\/6_Patselect-4.0-Display-1-2-300x213.jpg 300w, https:\/\/serviva.com\/wp-content\/uploads\/2020\/10\/6_Patselect-4.0-Display-1-2-768x546.jpg 768w, https:\/\/serviva.com\/wp-content\/uploads\/2020\/10\/6_Patselect-4.0-Display-1-2-260x185.jpg 260w, https:\/\/serviva.com\/wp-content\/uploads\/2020\/10\/6_Patselect-4.0-Display-1-2-705x501.jpg 705w, https:\/\/serviva.com\/wp-content\/uploads\/2020\/10\/6_Patselect-4.0-Display-1-2.jpg 1241w\" sizes=\"(max-width: 1030px) 100vw, 1030px\"><\/div><\/li><li  class='avia-slideshow-slide av-kg7xvuhl-b789ad999be0fb2a6a10553cb8f27a49__7  slide-8 slide-even'><div data-rel='slideshow-1' class='avia-slide-wrap '   ><img decoding=\"async\" fetchpriority=\"high\" class=\"wp-image-8582 avia-img-lazy-loading-not-8582\" src=\"https:\/\/serviva.com\/wp-content\/uploads\/2020\/10\/8_Patselect-4.0-Display-3-2-1030x745.jpg\" width=\"1030\" height=\"745\" title=\"8_Patselect 4.0 Display 3\" alt=\"\" itemprop=\"thumbnailUrl\" srcset=\"https:\/\/serviva.com\/wp-content\/uploads\/2020\/10\/8_Patselect-4.0-Display-3-2-1030x745.jpg 1030w, https:\/\/serviva.com\/wp-content\/uploads\/2020\/10\/8_Patselect-4.0-Display-3-2-300x217.jpg 300w, https:\/\/serviva.com\/wp-content\/uploads\/2020\/10\/8_Patselect-4.0-Display-3-2-768x556.jpg 768w, https:\/\/serviva.com\/wp-content\/uploads\/2020\/10\/8_Patselect-4.0-Display-3-2-705x510.jpg 705w, https:\/\/serviva.com\/wp-content\/uploads\/2020\/10\/8_Patselect-4.0-Display-3-2.jpg 1229w\" sizes=\"(max-width: 1030px) 100vw, 1030px\"><\/div><\/li><\/ul><div class='avia-slideshow-arrows avia-slideshow-controls' ><a href='#prev' class='prev-slide ' aria-hidden='true' data-av_icon='\ue87c' data-av_iconfont='entypo-fontello'  tabindex='-1'>Pr\u00e9c\u00e9dent<\/a><a href='#next' class='next-slide ' aria-hidden='true' data-av_icon='\ue87d' data-av_iconfont='entypo-fontello'  tabindex='-1'>Suivant<\/a><\/div><div class='avia-slideshow-dots avia-slideshow-controls'><a href='#1' class='goto-slide active' >1<\/a><a href='#2' class='goto-slide ' >2<\/a><a href='#3' class='goto-slide ' >3<\/a><a href='#4' class='goto-slide ' >4<\/a><a href='#5' class='goto-slide ' >5<\/a><a href='#6' class='goto-slide ' >6<\/a><a href='#7' class='goto-slide ' >7<\/a><a href='#8' class='goto-slide ' >8<\/a><\/div><\/div><\/div>\n","protected":false},"excerpt":{"rendered":"","protected":false},"author":5,"featured_media":0,"parent":0,"menu_order":0,"comment_status":"closed","ping_status":"closed","template":"","meta":{"footnotes":""},"class_list":["post-15726","page","type-page","status-publish","hentry"],"_links":{"self":[{"href":"https:\/\/serviva.com\/fr\/wp-json\/wp\/v2\/pages\/15726","targetHints":{"allow":["GET"]}}],"collection":[{"href":"https:\/\/serviva.com\/fr\/wp-json\/wp\/v2\/pages"}],"about":[{"href":"https:\/\/serviva.com\/fr\/wp-json\/wp\/v2\/types\/page"}],"author":[{"embeddable":true,"href":"https:\/\/serviva.com\/fr\/wp-json\/wp\/v2\/users\/5"}],"replies":[{"embeddable":true,"href":"https:\/\/serviva.com\/fr\/wp-json\/wp\/v2\/comments?post=15726"}],"version-history":[{"count":6,"href":"https:\/\/serviva.com\/fr\/wp-json\/wp\/v2\/pages\/15726\/revisions"}],"predecessor-version":[{"id":23209,"href":"https:\/\/serviva.com\/fr\/wp-json\/wp\/v2\/pages\/15726\/revisions\/23209"}],"wp:attachment":[{"href":"https:\/\/serviva.com\/fr\/wp-json\/wp\/v2\/media?parent=15726"}],"curies":[{"name":"wp","href":"https:\/\/api.w.org\/{rel}","templated":true}]}}