{"id":15736,"date":"2023-12-20T12:13:12","date_gmt":"2023-12-20T11:13:12","guid":{"rendered":"https:\/\/serviva.com\/?page_id=15736"},"modified":"2025-06-05T10:34:15","modified_gmt":"2025-06-05T08:34:15","slug":"patselect-4-0-formulaire-de-commande","status":"publish","type":"page","link":"https:\/\/serviva.com\/fr\/patselect-4-0-formulaire-de-commande\/","title":{"rendered":"PATselect 4.0 Formulaire de commande"},"content":{"rendered":"\n<style type=\"text\/css\" data-created_by=\"avia_inline_auto\" id=\"style-css-av-614auj-3551b03a69289744b72964038995fb68\">\n.avia-section.av-614auj-3551b03a69289744b72964038995fb68{\nbackground-repeat:no-repeat;\nbackground-image:url(https:\/\/serviva.com\/wp-content\/uploads\/2019\/01\/patentueberwachung-header-300x212.jpg);\nbackground-position:50% 0%;\nbackground-attachment:fixed;\n}\n<\/style>\n<div id='av_section_1'  class='avia-section av-614auj-3551b03a69289744b72964038995fb68 main_color avia-section-default avia-no-border-styling  avia-builder-el-0  el_before_av_textblock  avia-builder-el-first  avia-full-stretch avia-bg-style-fixed container_wrap fullsize'  data-section-bg-repeat='stretch'><div class='container av-section-cont-open' ><main  role=\"main\" itemprop=\"mainContentOfPage\"  class='template-page content  av-content-full alpha units'><div class='post-entry post-entry-type-page post-entry-15736'><div class='entry-content-wrapper clearfix'>\n\n<style type=\"text\/css\" data-created_by=\"avia_inline_auto\" id=\"style-css-av-3kgn5n-af508798117c1f166d0b91d1c7c83660\">\n.flex_column.av-3kgn5n-af508798117c1f166d0b91d1c7c83660{\nborder-radius:0px 0px 0px 0px;\npadding:0px 0px 0px 0px;\n}\n<\/style>\n<div  class='flex_column av-3kgn5n-af508798117c1f166d0b91d1c7c83660 av_one_full  avia-builder-el-1  avia-builder-el-no-sibling  first flex_column_div av-zero-column-padding  '     ><style type=\"text\/css\" data-created_by=\"avia_inline_auto\" id=\"style-css-av-lqdnv7pt-74bc5c69e40547f2150ff3e76d52d673\">\n#top .av-special-heading.av-lqdnv7pt-74bc5c69e40547f2150ff3e76d52d673{\nmargin:20px 20px 20px 20px;\npadding-bottom:10px;\ncolor:#ffffff;\nfont-size:40px;\n}\nbody .av-special-heading.av-lqdnv7pt-74bc5c69e40547f2150ff3e76d52d673 .av-special-heading-tag .heading-char{\nfont-size:25px;\n}\n#top #wrap_all .av-special-heading.av-lqdnv7pt-74bc5c69e40547f2150ff3e76d52d673 .av-special-heading-tag{\nfont-size:40px;\n}\n.av-special-heading.av-lqdnv7pt-74bc5c69e40547f2150ff3e76d52d673 .special-heading-inner-border{\nborder-color:#ffffff;\n}\n.av-special-heading.av-lqdnv7pt-74bc5c69e40547f2150ff3e76d52d673 .av-subheading{\nfont-size:16px;\n}\n\n@media only screen and (min-width: 480px) and (max-width: 767px){ \n#top #wrap_all .av-special-heading.av-lqdnv7pt-74bc5c69e40547f2150ff3e76d52d673 .av-special-heading-tag{\nfont-size:0.8em;\n}\n}\n\n@media only screen and (max-width: 479px){ \n#top #wrap_all .av-special-heading.av-lqdnv7pt-74bc5c69e40547f2150ff3e76d52d673 .av-special-heading-tag{\nfont-size:0.8em;\n}\n}\n<\/style>\n<div  class='av-special-heading av-lqdnv7pt-74bc5c69e40547f2150ff3e76d52d673 av-special-heading-h1 custom-color-heading blockquote modern-quote modern-centered  avia-builder-el-2  avia-builder-el-no-sibling  av-inherit-size av-linked-heading'><h1 class='av-special-heading-tag'  itemprop=\"headline\"  >PATselect 4.0<\/h1><div class='av_custom_color av-subheading av-subheading_below'><p>La recherche de brevets red\u00e9finie !<\/p>\n<\/div><div class=\"special-heading-border\"><div class=\"special-heading-inner-border\"><\/div><\/div><\/div><\/div><\/div><\/div><\/main><!-- close content main element --><\/div><\/div><div id='after_section_1'  class='main_color av_default_container_wrap container_wrap fullsize'  ><div class='container av-section-cont-open' ><div class='template-page content  av-content-full alpha units'><div class='post-entry post-entry-type-page post-entry-15736'><div class='entry-content-wrapper clearfix'><section  class='av_textblock_section av-lofhtcqx-aa837ea49961b40c4e6ee198c0aa7609 '   itemscope=\"itemscope\" itemtype=\"https:\/\/schema.org\/CreativeWork\" ><div class='avia_textblock'  itemprop=\"text\" ><h2>PATselect 4.0 &#8211; Formulaire de commande<\/h2>\n\n<div class=\"wpcf7 no-js\" id=\"wpcf7-f15737-o1\" lang=\"de-DE\" dir=\"ltr\" data-wpcf7-id=\"15737\">\n<div class=\"screen-reader-response\"><p role=\"status\" aria-live=\"polite\" aria-atomic=\"true\"><\/p> <ul><\/ul><\/div>\n<form action=\"\/fr\/wp-json\/wp\/v2\/pages\/15736#wpcf7-f15737-o1\" method=\"post\" class=\"wpcf7-form init\" aria-label=\"Kontaktformular\" novalidate=\"novalidate\" data-status=\"init\">\n<fieldset class=\"hidden-fields-container\"><input type=\"hidden\" name=\"_wpcf7\" value=\"15737\" \/><input type=\"hidden\" name=\"_wpcf7_version\" value=\"6.1.5\" \/><input type=\"hidden\" name=\"_wpcf7_locale\" value=\"de_DE\" \/><input type=\"hidden\" name=\"_wpcf7_unit_tag\" value=\"wpcf7-f15737-o1\" \/><input type=\"hidden\" name=\"_wpcf7_container_post\" value=\"0\" \/><input type=\"hidden\" name=\"_wpcf7_posted_data_hash\" value=\"\" \/><input type=\"hidden\" name=\"_wpcf7_recaptcha_response\" value=\"\" \/>\n<\/fieldset>\n<p>Mise \u00e0 disposition du nombre souhait\u00e9 d'acc\u00e8s utilisateur au syst\u00e8me Patselect via Internet. L'acc\u00e8s se fait via une connexion s\u00e9curis\u00e9e SSL et est s\u00e9curis\u00e9 par l'attribution d'un nom d'utilisateur et d'un mot de passe. Moyennant le paiement de la redevance correspondante, vous b\u00e9n\u00e9ficiez d'un acc\u00e8s illimit\u00e9 au syst\u00e8me Patselect.\n<\/p>\n<p><label> Nombre de licences Patselect 4.0 <\/label><br \/>\n<span class=\"wpcf7-form-control-wrap\" data-name=\"menu-166\"><select class=\"wpcf7-form-control wpcf7-select\" aria-invalid=\"false\" name=\"menu-166\"><option value=\"1 licence annuelle - 1.080\u20ac (correspond \u00e0 90\u20ac\/mois)\">1 licence annuelle - 1.080\u20ac (correspond \u00e0 90\u20ac\/mois)<\/option><option value=\"2 licences annuelles - 1,920\u20ac (correspond \u00e0 160\u20ac\/mois pour 2 licences)\">2 licences annuelles - 1,920\u20ac (correspond \u00e0 160\u20ac\/mois pour 2 licences)<\/option><option value=\"3 licences annuelles - 2,520\u20ac (correspond \u00e0 210\u20ac\/mois pour 3 licences)\">3 licences annuelles - 2,520\u20ac (correspond \u00e0 210\u20ac\/mois pour 3 licences)<\/option><\/select><\/span>\n<\/p>\n<p><label> Entreprise*<br \/>\n<span class=\"wpcf7-form-control-wrap\" data-name=\"votre-entreprise\"><input size=\"40\" maxlength=\"400\" class=\"wpcf7-form-control wpcf7-text wpcf7-validates-as-required\" aria-required=\"true\" aria-invalid=\"false\" value=\"\" type=\"text\" name=\"votre-entreprise\" \/><\/span> <\/label>\n<\/p>\n<p><label> Nom*<br \/>\n<span class=\"wpcf7-form-control-wrap\" data-name=\"votre-nom\"><input size=\"40\" maxlength=\"400\" class=\"wpcf7-form-control wpcf7-text wpcf7-validates-as-required\" aria-required=\"true\" aria-invalid=\"false\" value=\"\" type=\"text\" name=\"votre-nom\" \/><\/span> <\/label>\n<\/p>\n<p><label> Pr\u00e9nom*<br \/>\n<span class=\"wpcf7-form-control-wrap\" data-name=\"first-name\"><input size=\"40\" maxlength=\"400\" class=\"wpcf7-form-control wpcf7-text wpcf7-validates-as-required\" aria-required=\"true\" aria-invalid=\"false\" value=\"\" type=\"text\" name=\"first-name\" \/><\/span> <\/label>\n<\/p>\n<p><label> Email*<br \/>\n<span class=\"wpcf7-form-control-wrap\" data-name=\"votre-email\"><input size=\"40\" maxlength=\"400\" class=\"wpcf7-form-control wpcf7-email wpcf7-validates-as-required wpcf7-text wpcf7-validates-as-email\" aria-required=\"true\" aria-invalid=\"false\" value=\"\" type=\"email\" name=\"votre-email\" \/><\/span> <\/label>\n<\/p>\n<p><label> T\u00e9l\u00e9phone<br \/>\n<span class=\"wpcf7-form-control-wrap\" data-name=\"phone-number\"><input size=\"40\" maxlength=\"400\" class=\"wpcf7-form-control wpcf7-text\" aria-invalid=\"false\" value=\"\" type=\"text\" name=\"phone-number\" \/><\/span> <\/label>\n<\/p>\n<p><label> D\u00e9partement<br \/>\n<span class=\"wpcf7-form-control-wrap\" data-name=\"department\"><input size=\"40\" maxlength=\"400\" class=\"wpcf7-form-control wpcf7-text\" aria-invalid=\"false\" value=\"\" type=\"text\" name=\"department\" \/><\/span> <\/label>\n<\/p>\n<p><label> Destinataire de la facture (si diff\u00e9rent)<br \/>\n<span class=\"wpcf7-form-control-wrap\" data-name=\"billing-addition\"><input size=\"40\" maxlength=\"400\" class=\"wpcf7-form-control wpcf7-text\" aria-invalid=\"false\" value=\"\" type=\"text\" name=\"billing-addition\" \/><\/span> <\/label>\n<\/p>\n<p><label> Adresse de facturation rue*<br \/>\n<span class=\"wpcf7-form-control-wrap\" data-name=\"billing-street\"><input size=\"40\" maxlength=\"400\" class=\"wpcf7-form-control wpcf7-text wpcf7-validates-as-required\" aria-required=\"true\" aria-invalid=\"false\" value=\"\" type=\"text\" name=\"billing-street\" \/><\/span> <\/label>\n<\/p>\n<p><label> Adresse de la facture num\u00e9ro de rue*<br \/>\n<span class=\"wpcf7-form-control-wrap\" data-name=\"billing-number\"><input size=\"40\" maxlength=\"400\" class=\"wpcf7-form-control wpcf7-text wpcf7-validates-as-required\" aria-required=\"true\" aria-invalid=\"false\" value=\"\" type=\"text\" name=\"billing-number\" \/><\/span> <\/label>\n<\/p>\n<p><label> Adresse de facturation code postal*<br \/>\n<span class=\"wpcf7-form-control-wrap\" data-name=\"billing-PLZ\"><input class=\"wpcf7-form-control wpcf7-number wpcf7-validates-as-required wpcf7-validates-as-number\" aria-required=\"true\" aria-invalid=\"false\" value=\"\" type=\"number\" name=\"billing-PLZ\" \/><\/span> <\/label>\n<\/p>\n<p><label> Adresse de facturation ville*<br \/>\n<span class=\"wpcf7-form-control-wrap\" data-name=\"billing-UStID\"><input size=\"40\" maxlength=\"400\" class=\"wpcf7-form-control wpcf7-text\" aria-invalid=\"false\" value=\"\" type=\"text\" name=\"billing-UStID\" \/><\/span> <\/label>\n<\/p>\n<p><label> Pays<br \/>\n<span class=\"wpcf7-form-control-wrap\" data-name=\"menu-29\"><select class=\"wpcf7-form-control wpcf7-select\" aria-invalid=\"false\" name=\"menu-29\"><option value=\"Allemagne\">Allemagne<\/option><option value=\"Autriche\">Autriche<\/option><option value=\"Suisse\">Suisse<\/option><option value=\"France\">France<\/option><\/select><\/span> <\/label>\n<\/p>\n<p><label> Identit\u00e9 de la taxe sur la valeur ajout\u00e9e (destinataire de la facture) - obligation pour les clients situ\u00e9s en dehors de l'Allemagne<br \/>\n[texte facturation-UStID] <\/label>\n<\/p>\n<p><span class=\"wpcf7-form-control-wrap\" data-name=\"checkbox-590\"><span class=\"wpcf7-form-control wpcf7-checkbox wpcf7-validates-as-required\"><span class=\"wpcf7-list-item first last\"><input type=\"checkbox\" name=\"checkbox-590[]\" value=\"J&#039;accepte que ce site web stocke les informations que j&#039;ai soumises afin de pouvoir r\u00e9pondre \u00e0 ma demande.*\" \/><span class=\"wpcf7-list-item-label\">J&#039;accepte que ce site web stocke les informations que j&#039;ai soumises afin de pouvoir r\u00e9pondre \u00e0 ma demande.*<\/span><\/span><\/span><\/span>\n<\/p>\n<p><span class=\"wpcf7-form-control-wrap\" data-name=\"checkbox-591\"><span class=\"wpcf7-form-control wpcf7-checkbox\"><span class=\"wpcf7-list-item first last\"><input type=\"checkbox\" name=\"checkbox-591[]\" value=\"Je n&#039;ai pas le droit de d\u00e9duire la taxe en amont. Je suis conscient que les prix indiqu\u00e9s sont des prix nets, qui n&#039;incluent pas la TVA.\" \/><span class=\"wpcf7-list-item-label\">Je n&#039;ai pas le droit de d\u00e9duire la taxe en amont. Je suis conscient que les prix indiqu\u00e9s sont des prix nets, qui n&#039;incluent pas la TVA.<\/span><\/span><\/span><\/span>\n<\/p>\n<p><span class=\"wpcf7-form-control-wrap\" data-name=\"checkbox-592\"><span class=\"wpcf7-form-control wpcf7-checkbox\"><span class=\"wpcf7-list-item first last\"><input type=\"checkbox\" name=\"checkbox-592[]\" value=\"J&#039;ai lu les conditions d&#039;utilisation, je les accepte et je conclus ainsi le contrat avec ces conditions d&#039;utilisation. Je n&#039;ai pas besoin d&#039;un contrat d&#039;utilisation s\u00e9par\u00e9. Si je ne suis pas d&#039;accord, les conditions d&#039;utilisation me seront envoy\u00e9es par Serviva GmbH pour signature.\" \/><span class=\"wpcf7-list-item-label\">J&#039;ai lu les conditions d&#039;utilisation, je les accepte et je conclus ainsi le contrat avec ces conditions d&#039;utilisation. Je n&#039;ai pas besoin d&#039;un contrat d&#039;utilisation s\u00e9par\u00e9. Si je ne suis pas d&#039;accord, les conditions d&#039;utilisation me seront envoy\u00e9es par Serviva GmbH pour signature.<\/span><\/span><\/span><\/span>\n<\/p>\n<p><label>* Champ obligatoire<\/label>\n<\/p>\n<p><input class=\"wpcf7-form-control wpcf7-submit has-spinner\" id=\"customized-field\" type=\"submit\" value=\"Ordre\" \/>\n<\/p><div class=\"wpcf7-response-output\" aria-hidden=\"true\"><\/div>\n<\/form>\n<\/div>\n\n<\/div><\/section><\/p>\n\n<style type=\"text\/css\" data-created_by=\"avia_inline_auto\" id=\"style-css-av-ot0r-e94f51d68fff91d695d27bea39523b53\">\n.flex_column.av-ot0r-e94f51d68fff91d695d27bea39523b53{\nborder-radius:0px 0px 0px 0px;\npadding:0px 0px 0px 0px;\n}\n<\/style>\n<div  class='flex_column av-ot0r-e94f51d68fff91d695d27bea39523b53 av_one_full  avia-builder-el-4  el_after_av_textblock  avia-builder-el-last  first flex_column_div av-zero-column-padding  column-top-margin'     ><div  class='avia-button-wrap av-lofhu6a6-8ba8d2360c5f8be6b01152bea097309c-wrap avia-button-center  avia-builder-el-5  avia-builder-el-no-sibling '><a href='https:\/\/serviva.com\/wp-content\/uploads\/2021\/03\/Nutzungsbedingungen-Patselect-4-0-v8-Webseite.pdf'  class='avia-button av-lofhu6a6-8ba8d2360c5f8be6b01152bea097309c av-link-btn avia-icon_select-yes-left-icon avia-size-small avia-position-center avia-color-theme-color'  ><span class='avia_button_icon avia_button_icon_left' aria-hidden='true' data-av_icon='\ue849' data-av_iconfont='entypo-fontello'><\/span><span class='avia_iconbox_title' >PATselect Terms of Use<\/span><\/a><\/div><\/div>\n","protected":false},"excerpt":{"rendered":"","protected":false},"author":5,"featured_media":0,"parent":0,"menu_order":0,"comment_status":"closed","ping_status":"closed","template":"","meta":{"footnotes":""},"class_list":["post-15736","page","type-page","status-publish","hentry"],"_links":{"self":[{"href":"https:\/\/serviva.com\/fr\/wp-json\/wp\/v2\/pages\/15736","targetHints":{"allow":["GET"]}}],"collection":[{"href":"https:\/\/serviva.com\/fr\/wp-json\/wp\/v2\/pages"}],"about":[{"href":"https:\/\/serviva.com\/fr\/wp-json\/wp\/v2\/types\/page"}],"author":[{"embeddable":true,"href":"https:\/\/serviva.com\/fr\/wp-json\/wp\/v2\/users\/5"}],"replies":[{"embeddable":true,"href":"https:\/\/serviva.com\/fr\/wp-json\/wp\/v2\/comments?post=15736"}],"version-history":[{"count":5,"href":"https:\/\/serviva.com\/fr\/wp-json\/wp\/v2\/pages\/15736\/revisions"}],"predecessor-version":[{"id":23207,"href":"https:\/\/serviva.com\/fr\/wp-json\/wp\/v2\/pages\/15736\/revisions\/23207"}],"wp:attachment":[{"href":"https:\/\/serviva.com\/fr\/wp-json\/wp\/v2\/media?parent=15736"}],"curies":[{"name":"wp","href":"https:\/\/api.w.org\/{rel}","templated":true}]}}