{"id":15745,"date":"2023-12-20T12:23:08","date_gmt":"2023-12-20T11:23:08","guid":{"rendered":"https:\/\/serviva.com\/?page_id=15745"},"modified":"2025-06-05T10:36:42","modified_gmt":"2025-06-05T08:36:42","slug":"module-de-surveillance-patselect-4-0-formulaire-de-commande","status":"publish","type":"page","link":"https:\/\/serviva.com\/fr\/module-de-surveillance-patselect-4-0-formulaire-de-commande\/","title":{"rendered":"Module de surveillance PATselect 4.0 &#8211; Formulaire de commande"},"content":{"rendered":"<section  class='av_textblock_section av-lofqawwu-5184181b2a1330ac91d674b986e977a8 '   itemscope=\"itemscope\" itemtype=\"https:\/\/schema.org\/CreativeWork\" ><div class='avia_textblock'  itemprop=\"text\" ><p>Mise \u00e0 disposition \/ activation du module de suivi dans la base de donn\u00e9es brevets PATselect 4.0. Pour commander le module de surveillance, il faut au moins un acc\u00e8s au module de recherche PATselect 4.0. Contre paiement de la taxe correspondante, vous recevrez l&rsquo;activation.<\/p>\n<p>Les modules de surveillance PATselect 1 \u00e0 3 sont r\u00e9serv\u00e9s \u00e0 un usage interne \u00e0 l&rsquo;entreprise ou \u00e0 un usage non destin\u00e9 \u00e0 une distribution commerciale.<\/p>\n<p>Vous souhaitez utiliser le module de monitoring \u00e0 des fins commerciales en tant que prestataire de services ? Dans ce cas, nous nous ferons un plaisir de vous appeler. (Lien vers la vente)<\/p>\n<p>Contre paiement de la redevance correspondante, vous recevrez l&rsquo;activation du module de surveillance PATselect 4.0.<\/p>\n<h4>Formulaire de commande<\/h4>\n\n<div class=\"wpcf7 no-js\" id=\"wpcf7-f15748-o1\" lang=\"de-DE\" dir=\"ltr\" data-wpcf7-id=\"15748\">\n<div class=\"screen-reader-response\"><p role=\"status\" aria-live=\"polite\" aria-atomic=\"true\"><\/p> <ul><\/ul><\/div>\n<form action=\"\/fr\/wp-json\/wp\/v2\/pages\/15745#wpcf7-f15748-o1\" method=\"post\" class=\"wpcf7-form init\" aria-label=\"Kontaktformular\" novalidate=\"novalidate\" data-status=\"init\">\n<fieldset class=\"hidden-fields-container\"><input type=\"hidden\" name=\"_wpcf7\" value=\"15748\" \/><input type=\"hidden\" name=\"_wpcf7_version\" value=\"6.1.5\" \/><input type=\"hidden\" name=\"_wpcf7_locale\" value=\"de_DE\" \/><input type=\"hidden\" name=\"_wpcf7_unit_tag\" value=\"wpcf7-f15748-o1\" \/><input type=\"hidden\" name=\"_wpcf7_container_post\" value=\"0\" \/><input type=\"hidden\" name=\"_wpcf7_posted_data_hash\" value=\"\" \/><input type=\"hidden\" name=\"_wpcf7_recaptcha_response\" value=\"\" \/>\n<\/fieldset>\n<p><label> Num\u00e9ro de licences Patselect 4.0<\/label><br \/>\n<span class=\"wpcf7-form-control-wrap\" data-name=\"menu-166\"><select class=\"wpcf7-form-control wpcf7-select\" aria-invalid=\"false\" name=\"menu-166\"><option value=\"Surveillance 1 - 360 \u20ac\/an (\u00e9quivalent \u00e0 30,-\u20ac\/mois)\">Surveillance 1 - 360 \u20ac\/an (\u00e9quivalent \u00e0 30,-\u20ac\/mois)<\/option><option value=\"Surveillance 2 - 780 \u20ac\/an (\u00e9quivalent \u00e0 65,-\u20ac\/mois)\">Surveillance 2 - 780 \u20ac\/an (\u00e9quivalent \u00e0 65,-\u20ac\/mois)<\/option><option value=\"Monitoring 3 - 1.320\u20ac\/an (\u00e9quivalent \u00e0 110,-\u20ac\/mois)\">Monitoring 3 - 1.320\u20ac\/an (\u00e9quivalent \u00e0 110,-\u20ac\/mois)<\/option><option value=\"Monitoring Pro - 1.100\u20ac\/an (1 h par mois \/ 12 h par an)\">Monitoring Pro - 1.100\u20ac\/an (1 h par mois \/ 12 h par an)<\/option><option value=\"Monitoring Pro - 99\u20ac\/mois (1 h)\">Monitoring Pro - 99\u20ac\/mois (1 h)<\/option><\/select><\/span>\n<\/p>\n<p><label> Entreprise*<br \/>\n<span class=\"wpcf7-form-control-wrap\" data-name=\"your-company\"><input size=\"40\" maxlength=\"400\" class=\"wpcf7-form-control wpcf7-text wpcf7-validates-as-required\" aria-required=\"true\" aria-invalid=\"false\" value=\"\" type=\"text\" name=\"your-company\" \/><\/span> <\/label>\n<\/p>\n<p><label> Nom*<br \/>\n<span class=\"wpcf7-form-control-wrap\" data-name=\"your-name\"><input size=\"40\" maxlength=\"400\" class=\"wpcf7-form-control wpcf7-text wpcf7-validates-as-required\" aria-required=\"true\" aria-invalid=\"false\" value=\"\" type=\"text\" name=\"your-name\" \/><\/span> <\/label>\n<\/p>\n<p><label> Pr\u00e9nom*<br \/>\n<span class=\"wpcf7-form-control-wrap\" data-name=\"first-name\"><input size=\"40\" maxlength=\"400\" class=\"wpcf7-form-control wpcf7-text wpcf7-validates-as-required\" aria-required=\"true\" aria-invalid=\"false\" value=\"\" type=\"text\" name=\"first-name\" \/><\/span> <\/label>\n<\/p>\n<p><label> E-mail*<br \/>\n<span class=\"wpcf7-form-control-wrap\" data-name=\"your-email\"><input size=\"40\" maxlength=\"400\" class=\"wpcf7-form-control wpcf7-email wpcf7-validates-as-required wpcf7-text wpcf7-validates-as-email\" aria-required=\"true\" aria-invalid=\"false\" value=\"\" type=\"email\" name=\"your-email\" \/><\/span> <\/label>\n<\/p>\n<p><label> T\u00e9l\u00e9phone<br \/>\n<span class=\"wpcf7-form-control-wrap\" data-name=\"phone-number\"><input size=\"40\" maxlength=\"400\" class=\"wpcf7-form-control wpcf7-text\" aria-invalid=\"false\" value=\"\" type=\"text\" name=\"phone-number\" \/><\/span> <\/label>\n<\/p>\n<p><label> D\u00e9partement<br \/>\n<span class=\"wpcf7-form-control-wrap\" data-name=\"department\"><input size=\"40\" maxlength=\"400\" class=\"wpcf7-form-control wpcf7-text\" aria-invalid=\"false\" value=\"\" type=\"text\" name=\"department\" \/><\/span> <\/label>\n<\/p>\n<p><label> Destinataire de la facture (si diff\u00e9rent)<br \/>\n<span class=\"wpcf7-form-control-wrap\" data-name=\"billing-addition\"><input size=\"40\" maxlength=\"400\" class=\"wpcf7-form-control wpcf7-text\" aria-invalid=\"false\" value=\"\" type=\"text\" name=\"billing-addition\" \/><\/span> <\/label>\n<\/p>\n<p><label> Adresse de facturation rue*<br \/>\n<span class=\"wpcf7-form-control-wrap\" data-name=\"billing-street\"><input size=\"40\" maxlength=\"400\" class=\"wpcf7-form-control wpcf7-text wpcf7-validates-as-required\" aria-required=\"true\" aria-invalid=\"false\" value=\"\" type=\"text\" name=\"billing-street\" \/><\/span> <\/label>\n<\/p>\n<p><label> Adresse de la facture num\u00e9ro de rue*<br \/>\n<span class=\"wpcf7-form-control-wrap\" data-name=\"billing-number\"><input size=\"40\" maxlength=\"400\" class=\"wpcf7-form-control wpcf7-text wpcf7-validates-as-required\" aria-required=\"true\" aria-invalid=\"false\" value=\"\" type=\"text\" name=\"billing-number\" \/><\/span> <\/label>\n<\/p>\n<p><label> Adresse de facturation code postal*<br \/>\n<span class=\"wpcf7-form-control-wrap\" data-name=\"billing-PLZ\"><input class=\"wpcf7-form-control wpcf7-number wpcf7-validates-as-required wpcf7-validates-as-number\" aria-required=\"true\" aria-invalid=\"false\" value=\"\" type=\"number\" name=\"billing-PLZ\" \/><\/span> <\/label>\n<\/p>\n<p><label> Adresse de facturation ville*<br \/>\n<span class=\"wpcf7-form-control-wrap\" data-name=\"billing-location\"><input size=\"40\" maxlength=\"400\" class=\"wpcf7-form-control wpcf7-text wpcf7-validates-as-required\" aria-required=\"true\" aria-invalid=\"false\" value=\"\" type=\"text\" name=\"billing-location\" \/><\/span> <\/label>\n<\/p>\n<p><label> Pays<br \/>\n<span class=\"wpcf7-form-control-wrap\" data-name=\"menu-29\"><select class=\"wpcf7-form-control wpcf7-select\" aria-invalid=\"false\" name=\"menu-29\"><option value=\"Allemagne\">Allemagne<\/option><option value=\"Autriche\">Autriche<\/option><option value=\"Suisse\">Suisse<\/option><option value=\"France\">France<\/option><\/select><\/span> <\/label>\n<\/p>\n<p><label> Identit\u00e9 de la taxe sur la valeur ajout\u00e9e (destinataire de la facture) - obligation pour les clients situ\u00e9s en dehors de l'Allemagne<br \/>\n<span class=\"wpcf7-form-control-wrap\" data-name=\"billing-UStID\"><input size=\"40\" maxlength=\"400\" class=\"wpcf7-form-control wpcf7-text\" aria-invalid=\"false\" value=\"\" type=\"text\" name=\"billing-UStID\" \/><\/span> <\/label>\n<\/p>\n<p><span class=\"wpcf7-form-control-wrap\" data-name=\"acceptance-232\"><span class=\"wpcf7-form-control wpcf7-acceptance\"><span class=\"wpcf7-list-item\"><label><input type=\"checkbox\" name=\"acceptance-232\" value=\"1\" aria-invalid=\"false\" \/><span class=\"wpcf7-list-item-label\">Je n'ai pas le droit de d\u00e9duire la taxe en amont. Je suis conscient que les prix indiqu\u00e9s sont des prix nets, qui n'incluent pas la TVA.*<\/span><\/label><\/span><\/span><\/span>\n<\/p>\n<p><span class=\"wpcf7-form-control-wrap\" data-name=\"acceptance-233\"><span class=\"wpcf7-form-control wpcf7-acceptance\"><span class=\"wpcf7-list-item\"><label><input type=\"checkbox\" name=\"acceptance-233\" value=\"1\" aria-invalid=\"false\" \/><span class=\"wpcf7-list-item-label\">J'accepte que ce site web stocke les informations que j'ai soumises afin de pouvoir r\u00e9pondre \u00e0 ma demande.*<\/span><\/label><\/span><\/span><\/span>\n<\/p>\n<p><span class=\"wpcf7-form-control-wrap\" data-name=\"acceptance-235\"><span class=\"wpcf7-form-control wpcf7-acceptance\"><span class=\"wpcf7-list-item\"><label><input type=\"checkbox\" name=\"acceptance-235\" value=\"1\" aria-invalid=\"false\" \/><span class=\"wpcf7-list-item-label\">Oui, j'utilise Patselect Monitoring en entreprise*<\/span><\/label><\/span><\/span><\/span>\n<\/p>\n<p><span class=\"wpcf7-form-control-wrap\" data-name=\"acceptance-236\"><span class=\"wpcf7-form-control wpcf7-acceptance\"><span class=\"wpcf7-list-item\"><label><input type=\"checkbox\" name=\"acceptance-236\" value=\"1\" aria-invalid=\"false\" \/><span class=\"wpcf7-list-item-label\">J'ai lu les conditions d'utilisation, je les accepte et je conclus ainsi le contrat avec ces conditions d'utilisation. Je n'ai pas besoin d'un contrat d'utilisation s\u00e9par\u00e9. Si je ne suis pas d'accord, les conditions d'utilisation me seront envoy\u00e9es par Serviva GmbH pour signature..*<\/span><\/label><\/span><\/span><\/span>\n<\/p>\n<p><input class=\"wpcf7-form-control wpcf7-submit has-spinner\" id=\"customized-field\" type=\"submit\" value=\"Ordre\" \/>\n<\/p>\n<p><label>* Champ obligatoire<\/label>\n<\/p><div class=\"wpcf7-response-output\" aria-hidden=\"true\"><\/div>\n<\/form>\n<\/div>\n\n<p><a href=\"https:\/\/serviva.com\/wp-content\/uploads\/2021\/08\/Nutzungsbedingungen-Monitoring-Patselect-4-0-v8b-Webseite.pdf\">Conditions d&rsquo;utilisation PATselect 4.0 Surveillance<\/a><\/p>\n<\/div><\/section>\n","protected":false},"excerpt":{"rendered":"","protected":false},"author":5,"featured_media":0,"parent":0,"menu_order":0,"comment_status":"closed","ping_status":"closed","template":"","meta":{"footnotes":""},"class_list":["post-15745","page","type-page","status-publish","hentry"],"_links":{"self":[{"href":"https:\/\/serviva.com\/fr\/wp-json\/wp\/v2\/pages\/15745","targetHints":{"allow":["GET"]}}],"collection":[{"href":"https:\/\/serviva.com\/fr\/wp-json\/wp\/v2\/pages"}],"about":[{"href":"https:\/\/serviva.com\/fr\/wp-json\/wp\/v2\/types\/page"}],"author":[{"embeddable":true,"href":"https:\/\/serviva.com\/fr\/wp-json\/wp\/v2\/users\/5"}],"replies":[{"embeddable":true,"href":"https:\/\/serviva.com\/fr\/wp-json\/wp\/v2\/comments?post=15745"}],"version-history":[{"count":6,"href":"https:\/\/serviva.com\/fr\/wp-json\/wp\/v2\/pages\/15745\/revisions"}],"predecessor-version":[{"id":23211,"href":"https:\/\/serviva.com\/fr\/wp-json\/wp\/v2\/pages\/15745\/revisions\/23211"}],"wp:attachment":[{"href":"https:\/\/serviva.com\/fr\/wp-json\/wp\/v2\/media?parent=15745"}],"curies":[{"name":"wp","href":"https:\/\/api.w.org\/{rel}","templated":true}]}}